{"id":40823,"date":"2026-02-11T10:59:10","date_gmt":"2026-02-11T09:59:10","guid":{"rendered":"https:\/\/directberth.com\/eigendom-financieel\/"},"modified":"2026-02-27T13:10:03","modified_gmt":"2026-02-27T12:10:03","slug":"eigendom-financieel","status":"publish","type":"page","link":"https:\/\/directberth.com\/nl\/eigendom-financieel\/","title":{"rendered":"Eigendom &amp; financieel"},"content":{"rendered":"<div class=\"col-xl-12 col-lg-12 col-md-12 col-sm-12 col-12 about-cont\">\n<p>Onze Conci\u00ebrgediensten werken in een exclusieve en complexe omgeving die verschilt van jachthaven tot jachthaven en van land tot land. Ligplaatsen in jachthavens worden over het algemeen op lange termijn gehuurd (met optie op verlenging), en zijn eigenlijk geen direct eigendom. <\/p>\n<p>Je betaalt een aankoopbedrag, maar je bent geen eigenaar van het eigendom of de ligplaats; het bedrag dat je betaalt is gewoon huur vooraf of &#8220;het recht om de ligplaats te gebruiken&#8221;, echter zonder indexeringspercentage dat in de komende jaren zal gebeuren. Niet te vergeten dat je ook aansprakelijk bent voor het onderhoud (gemeenschapsgeld) van de haven, vennootschapsbelasting en lokale belastingen, vaarbelasting of vuurtorenbelasting (overheidskosten). <\/p>\n<\/div>\n","protected":false},"excerpt":{"rendered":"<p>Onze Conci\u00ebrgediensten werken in een exclusieve en complexe omgeving die verschilt van jachthaven tot jachthaven en van land tot land. Ligplaatsen in jachthavens worden over het algemeen op lange termijn gehuurd (met optie op verlenging), en zijn eigenlijk geen direct eigendom. Je betaalt een aankoopbedrag, maar je bent geen eigenaar van het eigendom of de [&hellip;]<\/p>\n","protected":false},"author":1,"featured_media":40829,"parent":0,"menu_order":0,"comment_status":"closed","ping_status":"closed","template":"templates\/ownership-financial.php","meta":{"_acf_changed":false,"footnotes":""},"class_list":["post-40823","page","type-page","status-publish","has-post-thumbnail","hentry"],"acf":[],"yoast_head":"<!-- This site is optimized with the Yoast SEO plugin v27.3 - https:\/\/yoast.com\/product\/yoast-seo-wordpress\/ -->\n<title>Eigendom en financi\u00eble zaken | Direct Berth<\/title>\n<meta name=\"description\" content=\"Bij Direct Berth zorgen we ervoor dat alle benodigde financi\u00eble zaken worden geco\u00f6rdineerd en naar tevredenheid worden afgerond. Lees hier meer.\" \/>\n<meta name=\"robots\" content=\"index, follow, max-snippet:-1, max-image-preview:large, max-video-preview:-1\" \/>\n<link rel=\"canonical\" href=\"https:\/\/directberth.com\/nl\/eigendom-financieel\/\" \/>\n<meta property=\"og:locale\" content=\"nl_NL\" \/>\n<meta property=\"og:type\" content=\"article\" \/>\n<meta property=\"og:title\" content=\"Eigendom en financi\u00eble zaken | Direct Berth\" \/>\n<meta property=\"og:description\" content=\"Bij Direct Berth zorgen we ervoor dat alle benodigde financi\u00eble zaken worden geco\u00f6rdineerd en naar tevredenheid worden afgerond. Lees hier meer.\" \/>\n<meta property=\"og:url\" content=\"https:\/\/directberth.com\/nl\/eigendom-financieel\/\" \/>\n<meta property=\"og:site_name\" content=\"Direct Berth\" \/>\n<meta property=\"article:publisher\" content=\"https:\/\/www.facebook.com\/Berthbrokerage\" \/>\n<meta property=\"article:modified_time\" content=\"2026-02-27T12:10:03+00:00\" \/>\n<meta property=\"og:image\" content=\"https:\/\/directberth.com\/wp-content\/uploads\/2021\/02\/direct-berth-ownership-financial.jpg\" \/>\n\t<meta property=\"og:image:width\" content=\"1330\" \/>\n\t<meta property=\"og:image:height\" content=\"605\" \/>\n\t<meta property=\"og:image:type\" content=\"image\/jpeg\" \/>\n<meta name=\"twitter:card\" content=\"summary_large_image\" \/>\n<meta name=\"twitter:label1\" content=\"Geschatte leestijd\" \/>\n\t<meta name=\"twitter:data1\" content=\"1 minuut\" \/>\n<script type=\"application\/ld+json\" class=\"yoast-schema-graph\">{\"@context\":\"https:\\\/\\\/schema.org\",\"@graph\":[{\"@type\":\"WebPage\",\"@id\":\"https:\\\/\\\/directberth.com\\\/nl\\\/eigendom-financieel\\\/\",\"url\":\"https:\\\/\\\/directberth.com\\\/nl\\\/eigendom-financieel\\\/\",\"name\":\"Eigendom en financi\u00eble zaken | Direct Berth\",\"isPartOf\":{\"@id\":\"https:\\\/\\\/directberth.com\\\/nl\\\/#website\"},\"primaryImageOfPage\":{\"@id\":\"https:\\\/\\\/directberth.com\\\/nl\\\/eigendom-financieel\\\/#primaryimage\"},\"image\":{\"@id\":\"https:\\\/\\\/directberth.com\\\/nl\\\/eigendom-financieel\\\/#primaryimage\"},\"thumbnailUrl\":\"https:\\\/\\\/directberth.com\\\/wp-content\\\/uploads\\\/2021\\\/02\\\/direct-berth-ownership-financial.jpg\",\"datePublished\":\"2026-02-11T09:59:10+00:00\",\"dateModified\":\"2026-02-27T12:10:03+00:00\",\"description\":\"Bij Direct Berth zorgen we ervoor dat alle benodigde financi\u00eble zaken worden geco\u00f6rdineerd en naar tevredenheid worden afgerond. Lees hier meer.\",\"breadcrumb\":{\"@id\":\"https:\\\/\\\/directberth.com\\\/nl\\\/eigendom-financieel\\\/#breadcrumb\"},\"inLanguage\":\"nl-NL\",\"potentialAction\":[{\"@type\":\"ReadAction\",\"target\":[\"https:\\\/\\\/directberth.com\\\/nl\\\/eigendom-financieel\\\/\"]}]},{\"@type\":\"ImageObject\",\"inLanguage\":\"nl-NL\",\"@id\":\"https:\\\/\\\/directberth.com\\\/nl\\\/eigendom-financieel\\\/#primaryimage\",\"url\":\"https:\\\/\\\/directberth.com\\\/wp-content\\\/uploads\\\/2021\\\/02\\\/direct-berth-ownership-financial.jpg\",\"contentUrl\":\"https:\\\/\\\/directberth.com\\\/wp-content\\\/uploads\\\/2021\\\/02\\\/direct-berth-ownership-financial.jpg\",\"width\":1330,\"height\":605,\"caption\":\"Luchtfoto van een luxe jachthaven met jachten en eigendommen aan het water bij zonsondergang, ter illustratie van de mogelijkheden voor direct ligplaatsbezit.\"},{\"@type\":\"BreadcrumbList\",\"@id\":\"https:\\\/\\\/directberth.com\\\/nl\\\/eigendom-financieel\\\/#breadcrumb\",\"itemListElement\":[{\"@type\":\"ListItem\",\"position\":1,\"name\":\"Home\",\"item\":\"https:\\\/\\\/directberth.com\\\/nl\\\/home\\\/\"},{\"@type\":\"ListItem\",\"position\":2,\"name\":\"Eigendom &amp; financieel\"}]},{\"@type\":\"WebSite\",\"@id\":\"https:\\\/\\\/directberth.com\\\/nl\\\/#website\",\"url\":\"https:\\\/\\\/directberth.com\\\/nl\\\/\",\"name\":\"Direct Berth\",\"description\":\"Your one-call service\",\"publisher\":{\"@id\":\"https:\\\/\\\/directberth.com\\\/nl\\\/#organization\"},\"alternateName\":\"Direct Berth: The Berth Concierge\",\"potentialAction\":[{\"@type\":\"SearchAction\",\"target\":{\"@type\":\"EntryPoint\",\"urlTemplate\":\"https:\\\/\\\/directberth.com\\\/nl\\\/?s={search_term_string}\"},\"query-input\":{\"@type\":\"PropertyValueSpecification\",\"valueRequired\":true,\"valueName\":\"search_term_string\"}}],\"inLanguage\":\"nl-NL\"},{\"@type\":\"Organization\",\"@id\":\"https:\\\/\\\/directberth.com\\\/nl\\\/#organization\",\"name\":\"Direct Berth\",\"alternateName\":\"Direct Berth: The Berth Concierge\",\"url\":\"https:\\\/\\\/directberth.com\\\/nl\\\/\",\"logo\":{\"@type\":\"ImageObject\",\"inLanguage\":\"nl-NL\",\"@id\":\"https:\\\/\\\/directberth.com\\\/nl\\\/#\\\/schema\\\/logo\\\/image\\\/\",\"url\":\"https:\\\/\\\/directberth.com\\\/wp-content\\\/uploads\\\/2020\\\/11\\\/directberth-logo1.svg\",\"contentUrl\":\"https:\\\/\\\/directberth.com\\\/wp-content\\\/uploads\\\/2020\\\/11\\\/directberth-logo1.svg\",\"width\":1,\"height\":1,\"caption\":\"Direct Berth\"},\"image\":{\"@id\":\"https:\\\/\\\/directberth.com\\\/nl\\\/#\\\/schema\\\/logo\\\/image\\\/\"},\"sameAs\":[\"https:\\\/\\\/www.facebook.com\\\/Berthbrokerage\",\"https:\\\/\\\/www.instagram.com\\\/Directberth\",\"https:\\\/\\\/nl.linkedin.com\\\/in\\\/direct-berth-brokerage-1410aa136\"]}]}<\/script>\n<!-- \/ Yoast SEO plugin. -->","yoast_head_json":{"title":"Eigendom en financi\u00eble zaken | Direct Berth","description":"Bij Direct Berth zorgen we ervoor dat alle benodigde financi\u00eble zaken worden geco\u00f6rdineerd en naar tevredenheid worden afgerond. Lees hier meer.","robots":{"index":"index","follow":"follow","max-snippet":"max-snippet:-1","max-image-preview":"max-image-preview:large","max-video-preview":"max-video-preview:-1"},"canonical":"https:\/\/directberth.com\/nl\/eigendom-financieel\/","og_locale":"nl_NL","og_type":"article","og_title":"Eigendom en financi\u00eble zaken | Direct Berth","og_description":"Bij Direct Berth zorgen we ervoor dat alle benodigde financi\u00eble zaken worden geco\u00f6rdineerd en naar tevredenheid worden afgerond. Lees hier meer.","og_url":"https:\/\/directberth.com\/nl\/eigendom-financieel\/","og_site_name":"Direct Berth","article_publisher":"https:\/\/www.facebook.com\/Berthbrokerage","article_modified_time":"2026-02-27T12:10:03+00:00","og_image":[{"width":1330,"height":605,"url":"https:\/\/directberth.com\/wp-content\/uploads\/2021\/02\/direct-berth-ownership-financial.jpg","type":"image\/jpeg"}],"twitter_card":"summary_large_image","twitter_misc":{"Geschatte leestijd":"1 minuut"},"schema":{"@context":"https:\/\/schema.org","@graph":[{"@type":"WebPage","@id":"https:\/\/directberth.com\/nl\/eigendom-financieel\/","url":"https:\/\/directberth.com\/nl\/eigendom-financieel\/","name":"Eigendom en financi\u00eble zaken | Direct Berth","isPartOf":{"@id":"https:\/\/directberth.com\/nl\/#website"},"primaryImageOfPage":{"@id":"https:\/\/directberth.com\/nl\/eigendom-financieel\/#primaryimage"},"image":{"@id":"https:\/\/directberth.com\/nl\/eigendom-financieel\/#primaryimage"},"thumbnailUrl":"https:\/\/directberth.com\/wp-content\/uploads\/2021\/02\/direct-berth-ownership-financial.jpg","datePublished":"2026-02-11T09:59:10+00:00","dateModified":"2026-02-27T12:10:03+00:00","description":"Bij Direct Berth zorgen we ervoor dat alle benodigde financi\u00eble zaken worden geco\u00f6rdineerd en naar tevredenheid worden afgerond. Lees hier meer.","breadcrumb":{"@id":"https:\/\/directberth.com\/nl\/eigendom-financieel\/#breadcrumb"},"inLanguage":"nl-NL","potentialAction":[{"@type":"ReadAction","target":["https:\/\/directberth.com\/nl\/eigendom-financieel\/"]}]},{"@type":"ImageObject","inLanguage":"nl-NL","@id":"https:\/\/directberth.com\/nl\/eigendom-financieel\/#primaryimage","url":"https:\/\/directberth.com\/wp-content\/uploads\/2021\/02\/direct-berth-ownership-financial.jpg","contentUrl":"https:\/\/directberth.com\/wp-content\/uploads\/2021\/02\/direct-berth-ownership-financial.jpg","width":1330,"height":605,"caption":"Luchtfoto van een luxe jachthaven met jachten en eigendommen aan het water bij zonsondergang, ter illustratie van de mogelijkheden voor direct ligplaatsbezit."},{"@type":"BreadcrumbList","@id":"https:\/\/directberth.com\/nl\/eigendom-financieel\/#breadcrumb","itemListElement":[{"@type":"ListItem","position":1,"name":"Home","item":"https:\/\/directberth.com\/nl\/home\/"},{"@type":"ListItem","position":2,"name":"Eigendom &amp; financieel"}]},{"@type":"WebSite","@id":"https:\/\/directberth.com\/nl\/#website","url":"https:\/\/directberth.com\/nl\/","name":"Direct Berth","description":"Your one-call service","publisher":{"@id":"https:\/\/directberth.com\/nl\/#organization"},"alternateName":"Direct Berth: The Berth Concierge","potentialAction":[{"@type":"SearchAction","target":{"@type":"EntryPoint","urlTemplate":"https:\/\/directberth.com\/nl\/?s={search_term_string}"},"query-input":{"@type":"PropertyValueSpecification","valueRequired":true,"valueName":"search_term_string"}}],"inLanguage":"nl-NL"},{"@type":"Organization","@id":"https:\/\/directberth.com\/nl\/#organization","name":"Direct Berth","alternateName":"Direct Berth: The Berth Concierge","url":"https:\/\/directberth.com\/nl\/","logo":{"@type":"ImageObject","inLanguage":"nl-NL","@id":"https:\/\/directberth.com\/nl\/#\/schema\/logo\/image\/","url":"https:\/\/directberth.com\/wp-content\/uploads\/2020\/11\/directberth-logo1.svg","contentUrl":"https:\/\/directberth.com\/wp-content\/uploads\/2020\/11\/directberth-logo1.svg","width":1,"height":1,"caption":"Direct Berth"},"image":{"@id":"https:\/\/directberth.com\/nl\/#\/schema\/logo\/image\/"},"sameAs":["https:\/\/www.facebook.com\/Berthbrokerage","https:\/\/www.instagram.com\/Directberth","https:\/\/nl.linkedin.com\/in\/direct-berth-brokerage-1410aa136"]}]}},"_links":{"self":[{"href":"https:\/\/directberth.com\/nl\/wp-json\/wp\/v2\/pages\/40823","targetHints":{"allow":["GET"]}}],"collection":[{"href":"https:\/\/directberth.com\/nl\/wp-json\/wp\/v2\/pages"}],"about":[{"href":"https:\/\/directberth.com\/nl\/wp-json\/wp\/v2\/types\/page"}],"author":[{"embeddable":true,"href":"https:\/\/directberth.com\/nl\/wp-json\/wp\/v2\/users\/1"}],"replies":[{"embeddable":true,"href":"https:\/\/directberth.com\/nl\/wp-json\/wp\/v2\/comments?post=40823"}],"version-history":[{"count":1,"href":"https:\/\/directberth.com\/nl\/wp-json\/wp\/v2\/pages\/40823\/revisions"}],"predecessor-version":[{"id":41594,"href":"https:\/\/directberth.com\/nl\/wp-json\/wp\/v2\/pages\/40823\/revisions\/41594"}],"wp:featuredmedia":[{"embeddable":true,"href":"https:\/\/directberth.com\/nl\/wp-json\/wp\/v2\/media\/40829"}],"wp:attachment":[{"href":"https:\/\/directberth.com\/nl\/wp-json\/wp\/v2\/media?parent=40823"}],"curies":[{"name":"wp","href":"https:\/\/api.w.org\/{rel}","templated":true}]}}