{"id":40861,"date":"2026-02-11T10:59:23","date_gmt":"2026-02-11T09:59:23","guid":{"rendered":"https:\/\/directberth.com\/comprar-un-amarre\/"},"modified":"2026-02-27T12:17:48","modified_gmt":"2026-02-27T11:17:48","slug":"comprar-un-amarre","status":"publish","type":"page","link":"https:\/\/directberth.com\/es\/comprar-un-amarre\/","title":{"rendered":"Comprar un amarre"},"content":{"rendered":"<div class=\"col-xl-12 col-lg-12 col-md-12 col-sm-12 col-12 about-cont\">\n<p>La \u00abcompra de un amarre\u00bb requiere saber que el periodo de disfrute del derecho sobre el mismo no es permanente, as\u00ed como las condiciones de uso del mismo, que pueden variar de una marina a otra. Una vez decidido d\u00f3nde amarrar, en funci\u00f3n de la oferta, hay que decidir entre la compra de un derecho de uso preferente o un alquiler. El alquiler puede ser una buena decisi\u00f3n ya que no es necesario realizar un pago inicial y permite la flexibilidad de cambiar de puerto deportivo, si se desea.<\/p>\n<p>En este art\u00edculo trataremos algunos de los aspectos b\u00e1sicos que un comprador debe conocer y que debe tener en cuenta a la hora de tomar la decisi\u00f3n de comprar un amarre.<\/p>\n<\/div>\n","protected":false},"excerpt":{"rendered":"<p>La \u00abcompra de un amarre\u00bb requiere saber que el periodo de disfrute del derecho sobre el mismo no es permanente, as\u00ed como las condiciones de uso del mismo, que pueden variar de una marina a otra. Una vez decidido d\u00f3nde amarrar, en funci\u00f3n de la oferta, hay que decidir entre la compra de un derecho [&hellip;]<\/p>\n","protected":false},"author":1,"featured_media":40863,"parent":0,"menu_order":0,"comment_status":"closed","ping_status":"closed","template":"templates\/purchasing-a-berth.php","meta":{"_acf_changed":false,"footnotes":""},"class_list":["post-40861","page","type-page","status-publish","has-post-thumbnail","hentry"],"acf":[],"yoast_head":"<!-- This site is optimized with the Yoast SEO plugin v27.3 - https:\/\/yoast.com\/product\/yoast-seo-wordpress\/ -->\n<title>C\u00f3mo comprar un amarre | Direct Berth<\/title>\n<meta name=\"description\" content=\"\u00bfComprar un amarre? En este art\u00edculo trataremos algunos aspectos que un comprador debe conocer al tomar la decisi\u00f3n de comprar un amarre.\" \/>\n<meta name=\"robots\" content=\"index, follow, max-snippet:-1, max-image-preview:large, max-video-preview:-1\" \/>\n<link rel=\"canonical\" href=\"https:\/\/directberth.com\/es\/comprar-un-amarre\/\" \/>\n<meta property=\"og:locale\" content=\"es_ES\" \/>\n<meta property=\"og:type\" content=\"article\" \/>\n<meta property=\"og:title\" content=\"C\u00f3mo comprar un amarre | Direct Berth\" \/>\n<meta property=\"og:description\" content=\"\u00bfComprar un amarre? En este art\u00edculo trataremos algunos aspectos que un comprador debe conocer al tomar la decisi\u00f3n de comprar un amarre.\" \/>\n<meta property=\"og:url\" content=\"https:\/\/directberth.com\/es\/comprar-un-amarre\/\" \/>\n<meta property=\"og:site_name\" content=\"Direct Berth\" \/>\n<meta property=\"article:publisher\" content=\"https:\/\/www.facebook.com\/Berthbrokerage\" \/>\n<meta property=\"article:modified_time\" content=\"2026-02-27T11:17:48+00:00\" \/>\n<meta property=\"og:image\" content=\"https:\/\/directberth.com\/wp-content\/uploads\/2021\/02\/boten-rijtje-haven.jpg\" \/>\n\t<meta property=\"og:image:width\" content=\"1330\" \/>\n\t<meta property=\"og:image:height\" content=\"605\" \/>\n\t<meta property=\"og:image:type\" content=\"image\/jpeg\" \/>\n<meta name=\"twitter:card\" content=\"summary_large_image\" \/>\n<meta name=\"twitter:label1\" content=\"Tiempo de lectura\" \/>\n\t<meta name=\"twitter:data1\" content=\"1 minuto\" \/>\n<script type=\"application\/ld+json\" class=\"yoast-schema-graph\">{\"@context\":\"https:\\\/\\\/schema.org\",\"@graph\":[{\"@type\":\"WebPage\",\"@id\":\"https:\\\/\\\/directberth.com\\\/es\\\/comprar-un-amarre\\\/\",\"url\":\"https:\\\/\\\/directberth.com\\\/es\\\/comprar-un-amarre\\\/\",\"name\":\"C\u00f3mo comprar un amarre | Direct Berth\",\"isPartOf\":{\"@id\":\"https:\\\/\\\/directberth.com\\\/es\\\/#website\"},\"primaryImageOfPage\":{\"@id\":\"https:\\\/\\\/directberth.com\\\/es\\\/comprar-un-amarre\\\/#primaryimage\"},\"image\":{\"@id\":\"https:\\\/\\\/directberth.com\\\/es\\\/comprar-un-amarre\\\/#primaryimage\"},\"thumbnailUrl\":\"https:\\\/\\\/directberth.com\\\/wp-content\\\/uploads\\\/2021\\\/02\\\/boten-rijtje-haven.jpg\",\"datePublished\":\"2026-02-11T09:59:23+00:00\",\"dateModified\":\"2026-02-27T11:17:48+00:00\",\"description\":\"\u00bfComprar un amarre? En este art\u00edculo trataremos algunos aspectos que un comprador debe conocer al tomar la decisi\u00f3n de comprar un amarre.\",\"breadcrumb\":{\"@id\":\"https:\\\/\\\/directberth.com\\\/es\\\/comprar-un-amarre\\\/#breadcrumb\"},\"inLanguage\":\"es\",\"potentialAction\":[{\"@type\":\"ReadAction\",\"target\":[\"https:\\\/\\\/directberth.com\\\/es\\\/comprar-un-amarre\\\/\"]}]},{\"@type\":\"ImageObject\",\"inLanguage\":\"es\",\"@id\":\"https:\\\/\\\/directberth.com\\\/es\\\/comprar-un-amarre\\\/#primaryimage\",\"url\":\"https:\\\/\\\/directberth.com\\\/wp-content\\\/uploads\\\/2021\\\/02\\\/boten-rijtje-haven.jpg\",\"contentUrl\":\"https:\\\/\\\/directberth.com\\\/wp-content\\\/uploads\\\/2021\\\/02\\\/boten-rijtje-haven.jpg\",\"width\":1330,\"height\":605,\"caption\":\"Una fila de yates de lujo amarrados en un puerto deportivo con un moderno edificio de cristal al fondo.\"},{\"@type\":\"BreadcrumbList\",\"@id\":\"https:\\\/\\\/directberth.com\\\/es\\\/comprar-un-amarre\\\/#breadcrumb\",\"itemListElement\":[{\"@type\":\"ListItem\",\"position\":1,\"name\":\"Home\",\"item\":\"https:\\\/\\\/directberth.com\\\/es\\\/inicio\\\/\"},{\"@type\":\"ListItem\",\"position\":2,\"name\":\"Comprar un amarre\"}]},{\"@type\":\"WebSite\",\"@id\":\"https:\\\/\\\/directberth.com\\\/es\\\/#website\",\"url\":\"https:\\\/\\\/directberth.com\\\/es\\\/\",\"name\":\"Direct Berth\",\"description\":\"Your one-call service\",\"publisher\":{\"@id\":\"https:\\\/\\\/directberth.com\\\/es\\\/#organization\"},\"alternateName\":\"Direct Berth: The Berth Concierge\",\"potentialAction\":[{\"@type\":\"SearchAction\",\"target\":{\"@type\":\"EntryPoint\",\"urlTemplate\":\"https:\\\/\\\/directberth.com\\\/es\\\/?s={search_term_string}\"},\"query-input\":{\"@type\":\"PropertyValueSpecification\",\"valueRequired\":true,\"valueName\":\"search_term_string\"}}],\"inLanguage\":\"es\"},{\"@type\":\"Organization\",\"@id\":\"https:\\\/\\\/directberth.com\\\/es\\\/#organization\",\"name\":\"Direct Berth\",\"alternateName\":\"Direct Berth: The Berth Concierge\",\"url\":\"https:\\\/\\\/directberth.com\\\/es\\\/\",\"logo\":{\"@type\":\"ImageObject\",\"inLanguage\":\"es\",\"@id\":\"https:\\\/\\\/directberth.com\\\/es\\\/#\\\/schema\\\/logo\\\/image\\\/\",\"url\":\"https:\\\/\\\/directberth.com\\\/wp-content\\\/uploads\\\/2020\\\/11\\\/directberth-logo1.svg\",\"contentUrl\":\"https:\\\/\\\/directberth.com\\\/wp-content\\\/uploads\\\/2020\\\/11\\\/directberth-logo1.svg\",\"width\":1,\"height\":1,\"caption\":\"Direct Berth\"},\"image\":{\"@id\":\"https:\\\/\\\/directberth.com\\\/es\\\/#\\\/schema\\\/logo\\\/image\\\/\"},\"sameAs\":[\"https:\\\/\\\/www.facebook.com\\\/Berthbrokerage\",\"https:\\\/\\\/www.instagram.com\\\/Directberth\",\"https:\\\/\\\/nl.linkedin.com\\\/in\\\/direct-berth-brokerage-1410aa136\"]}]}<\/script>\n<!-- \/ Yoast SEO plugin. -->","yoast_head_json":{"title":"C\u00f3mo comprar un amarre | Direct Berth","description":"\u00bfComprar un amarre? En este art\u00edculo trataremos algunos aspectos que un comprador debe conocer al tomar la decisi\u00f3n de comprar un amarre.","robots":{"index":"index","follow":"follow","max-snippet":"max-snippet:-1","max-image-preview":"max-image-preview:large","max-video-preview":"max-video-preview:-1"},"canonical":"https:\/\/directberth.com\/es\/comprar-un-amarre\/","og_locale":"es_ES","og_type":"article","og_title":"C\u00f3mo comprar un amarre | Direct Berth","og_description":"\u00bfComprar un amarre? En este art\u00edculo trataremos algunos aspectos que un comprador debe conocer al tomar la decisi\u00f3n de comprar un amarre.","og_url":"https:\/\/directberth.com\/es\/comprar-un-amarre\/","og_site_name":"Direct Berth","article_publisher":"https:\/\/www.facebook.com\/Berthbrokerage","article_modified_time":"2026-02-27T11:17:48+00:00","og_image":[{"width":1330,"height":605,"url":"https:\/\/directberth.com\/wp-content\/uploads\/2021\/02\/boten-rijtje-haven.jpg","type":"image\/jpeg"}],"twitter_card":"summary_large_image","twitter_misc":{"Tiempo de lectura":"1 minuto"},"schema":{"@context":"https:\/\/schema.org","@graph":[{"@type":"WebPage","@id":"https:\/\/directberth.com\/es\/comprar-un-amarre\/","url":"https:\/\/directberth.com\/es\/comprar-un-amarre\/","name":"C\u00f3mo comprar un amarre | Direct Berth","isPartOf":{"@id":"https:\/\/directberth.com\/es\/#website"},"primaryImageOfPage":{"@id":"https:\/\/directberth.com\/es\/comprar-un-amarre\/#primaryimage"},"image":{"@id":"https:\/\/directberth.com\/es\/comprar-un-amarre\/#primaryimage"},"thumbnailUrl":"https:\/\/directberth.com\/wp-content\/uploads\/2021\/02\/boten-rijtje-haven.jpg","datePublished":"2026-02-11T09:59:23+00:00","dateModified":"2026-02-27T11:17:48+00:00","description":"\u00bfComprar un amarre? En este art\u00edculo trataremos algunos aspectos que un comprador debe conocer al tomar la decisi\u00f3n de comprar un amarre.","breadcrumb":{"@id":"https:\/\/directberth.com\/es\/comprar-un-amarre\/#breadcrumb"},"inLanguage":"es","potentialAction":[{"@type":"ReadAction","target":["https:\/\/directberth.com\/es\/comprar-un-amarre\/"]}]},{"@type":"ImageObject","inLanguage":"es","@id":"https:\/\/directberth.com\/es\/comprar-un-amarre\/#primaryimage","url":"https:\/\/directberth.com\/wp-content\/uploads\/2021\/02\/boten-rijtje-haven.jpg","contentUrl":"https:\/\/directberth.com\/wp-content\/uploads\/2021\/02\/boten-rijtje-haven.jpg","width":1330,"height":605,"caption":"Una fila de yates de lujo amarrados en un puerto deportivo con un moderno edificio de cristal al fondo."},{"@type":"BreadcrumbList","@id":"https:\/\/directberth.com\/es\/comprar-un-amarre\/#breadcrumb","itemListElement":[{"@type":"ListItem","position":1,"name":"Home","item":"https:\/\/directberth.com\/es\/inicio\/"},{"@type":"ListItem","position":2,"name":"Comprar un amarre"}]},{"@type":"WebSite","@id":"https:\/\/directberth.com\/es\/#website","url":"https:\/\/directberth.com\/es\/","name":"Direct Berth","description":"Your one-call service","publisher":{"@id":"https:\/\/directberth.com\/es\/#organization"},"alternateName":"Direct Berth: The Berth Concierge","potentialAction":[{"@type":"SearchAction","target":{"@type":"EntryPoint","urlTemplate":"https:\/\/directberth.com\/es\/?s={search_term_string}"},"query-input":{"@type":"PropertyValueSpecification","valueRequired":true,"valueName":"search_term_string"}}],"inLanguage":"es"},{"@type":"Organization","@id":"https:\/\/directberth.com\/es\/#organization","name":"Direct Berth","alternateName":"Direct Berth: The Berth Concierge","url":"https:\/\/directberth.com\/es\/","logo":{"@type":"ImageObject","inLanguage":"es","@id":"https:\/\/directberth.com\/es\/#\/schema\/logo\/image\/","url":"https:\/\/directberth.com\/wp-content\/uploads\/2020\/11\/directberth-logo1.svg","contentUrl":"https:\/\/directberth.com\/wp-content\/uploads\/2020\/11\/directberth-logo1.svg","width":1,"height":1,"caption":"Direct Berth"},"image":{"@id":"https:\/\/directberth.com\/es\/#\/schema\/logo\/image\/"},"sameAs":["https:\/\/www.facebook.com\/Berthbrokerage","https:\/\/www.instagram.com\/Directberth","https:\/\/nl.linkedin.com\/in\/direct-berth-brokerage-1410aa136"]}]}},"_links":{"self":[{"href":"https:\/\/directberth.com\/es\/wp-json\/wp\/v2\/pages\/40861","targetHints":{"allow":["GET"]}}],"collection":[{"href":"https:\/\/directberth.com\/es\/wp-json\/wp\/v2\/pages"}],"about":[{"href":"https:\/\/directberth.com\/es\/wp-json\/wp\/v2\/types\/page"}],"author":[{"embeddable":true,"href":"https:\/\/directberth.com\/es\/wp-json\/wp\/v2\/users\/1"}],"replies":[{"embeddable":true,"href":"https:\/\/directberth.com\/es\/wp-json\/wp\/v2\/comments?post=40861"}],"version-history":[{"count":2,"href":"https:\/\/directberth.com\/es\/wp-json\/wp\/v2\/pages\/40861\/revisions"}],"predecessor-version":[{"id":42486,"href":"https:\/\/directberth.com\/es\/wp-json\/wp\/v2\/pages\/40861\/revisions\/42486"}],"wp:featuredmedia":[{"embeddable":true,"href":"https:\/\/directberth.com\/es\/wp-json\/wp\/v2\/media\/40863"}],"wp:attachment":[{"href":"https:\/\/directberth.com\/es\/wp-json\/wp\/v2\/media?parent=40861"}],"curies":[{"name":"wp","href":"https:\/\/api.w.org\/{rel}","templated":true}]}}