{"id":40830,"date":"2026-02-11T10:59:12","date_gmt":"2026-02-11T09:59:12","guid":{"rendered":"https:\/\/directberth.com\/destinos\/"},"modified":"2026-02-16T13:21:18","modified_gmt":"2026-02-16T12:21:18","slug":"destinos","status":"publish","type":"page","link":"https:\/\/directberth.com\/es\/destinos\/","title":{"rendered":"Destinos"},"content":{"rendered":"<p><span>Desde los encantadores pueblos costeros del archipi\u00e9lago italiano hasta el elegante centro cosmopolita que constituye la Costa Azul, el Mediterr\u00e1neo Occidental ofrece un destino de crucero id\u00edlico.<\/span><\/p>\n","protected":false},"excerpt":{"rendered":"<p>Desde los encantadores pueblos costeros del archipi\u00e9lago italiano hasta el elegante centro cosmopolita que constituye la Costa Azul, el Mediterr\u00e1neo Occidental ofrece un destino de crucero id\u00edlico.<\/p>\n","protected":false},"author":1,"featured_media":40833,"parent":0,"menu_order":0,"comment_status":"closed","ping_status":"closed","template":"templates\/destination.php","meta":{"_acf_changed":false,"footnotes":""},"class_list":["post-40830","page","type-page","status-publish","has-post-thumbnail","hentry"],"acf":[],"yoast_head":"<!-- This site is optimized with the Yoast SEO plugin v27.3 - https:\/\/yoast.com\/product\/yoast-seo-wordpress\/ -->\n<title>Destinos de amarre, Nuestras \u00e1reas de especializaci\u00f3n | Direct Berth<\/title>\n<meta name=\"description\" content=\"Si quieres vender, comprar o alquilar un amarre, tenemos destinos en todo el mundo. M\u00e1s informaci\u00f3n\" \/>\n<meta name=\"robots\" content=\"index, follow, max-snippet:-1, max-image-preview:large, max-video-preview:-1\" \/>\n<link rel=\"canonical\" href=\"https:\/\/directberth.com\/es\/destinos\/\" \/>\n<meta property=\"og:locale\" content=\"es_ES\" \/>\n<meta property=\"og:type\" content=\"article\" \/>\n<meta property=\"og:title\" content=\"Destinos de amarre, Nuestras \u00e1reas de especializaci\u00f3n | Direct Berth\" \/>\n<meta property=\"og:description\" content=\"Si quieres vender, comprar o alquilar un amarre, tenemos destinos en todo el mundo. M\u00e1s informaci\u00f3n\" \/>\n<meta property=\"og:url\" content=\"https:\/\/directberth.com\/es\/destinos\/\" \/>\n<meta property=\"og:site_name\" content=\"Direct Berth\" \/>\n<meta property=\"article:publisher\" content=\"https:\/\/www.facebook.com\/Berthbrokerage\" \/>\n<meta property=\"article:modified_time\" content=\"2026-02-16T12:21:18+00:00\" \/>\n<meta property=\"og:image\" content=\"https:\/\/directberth.com\/wp-content\/uploads\/2021\/02\/kade-stoeltjes-zee.jpg\" \/>\n\t<meta property=\"og:image:width\" content=\"2149\" \/>\n\t<meta property=\"og:image:height\" content=\"1433\" \/>\n\t<meta property=\"og:image:type\" content=\"image\/jpeg\" \/>\n<meta name=\"twitter:card\" content=\"summary_large_image\" \/>\n<script type=\"application\/ld+json\" class=\"yoast-schema-graph\">{\"@context\":\"https:\\\/\\\/schema.org\",\"@graph\":[{\"@type\":\"WebPage\",\"@id\":\"https:\\\/\\\/directberth.com\\\/es\\\/destinos\\\/\",\"url\":\"https:\\\/\\\/directberth.com\\\/es\\\/destinos\\\/\",\"name\":\"Destinos de amarre, Nuestras \u00e1reas de especializaci\u00f3n | Direct Berth\",\"isPartOf\":{\"@id\":\"https:\\\/\\\/directberth.com\\\/es\\\/#website\"},\"primaryImageOfPage\":{\"@id\":\"https:\\\/\\\/directberth.com\\\/es\\\/destinos\\\/#primaryimage\"},\"image\":{\"@id\":\"https:\\\/\\\/directberth.com\\\/es\\\/destinos\\\/#primaryimage\"},\"thumbnailUrl\":\"https:\\\/\\\/directberth.com\\\/wp-content\\\/uploads\\\/2021\\\/02\\\/kade-stoeltjes-zee.jpg\",\"datePublished\":\"2026-02-11T09:59:12+00:00\",\"dateModified\":\"2026-02-16T12:21:18+00:00\",\"description\":\"Si quieres vender, comprar o alquilar un amarre, tenemos destinos en todo el mundo. M\u00e1s informaci\u00f3n\",\"breadcrumb\":{\"@id\":\"https:\\\/\\\/directberth.com\\\/es\\\/destinos\\\/#breadcrumb\"},\"inLanguage\":\"es\",\"potentialAction\":[{\"@type\":\"ReadAction\",\"target\":[\"https:\\\/\\\/directberth.com\\\/es\\\/destinos\\\/\"]}]},{\"@type\":\"ImageObject\",\"inLanguage\":\"es\",\"@id\":\"https:\\\/\\\/directberth.com\\\/es\\\/destinos\\\/#primaryimage\",\"url\":\"https:\\\/\\\/directberth.com\\\/wp-content\\\/uploads\\\/2021\\\/02\\\/kade-stoeltjes-zee.jpg\",\"contentUrl\":\"https:\\\/\\\/directberth.com\\\/wp-content\\\/uploads\\\/2021\\\/02\\\/kade-stoeltjes-zee.jpg\",\"width\":2149,\"height\":1433,\"caption\":\"Dos tumbonas a rayas se sientan bajo una gran sombrilla en un amarradero frente al mar, con vistas a unas tranquilas aguas azules.\"},{\"@type\":\"BreadcrumbList\",\"@id\":\"https:\\\/\\\/directberth.com\\\/es\\\/destinos\\\/#breadcrumb\",\"itemListElement\":[{\"@type\":\"ListItem\",\"position\":1,\"name\":\"Home\",\"item\":\"https:\\\/\\\/directberth.com\\\/es\\\/inicio\\\/\"},{\"@type\":\"ListItem\",\"position\":2,\"name\":\"Destinos\"}]},{\"@type\":\"WebSite\",\"@id\":\"https:\\\/\\\/directberth.com\\\/es\\\/#website\",\"url\":\"https:\\\/\\\/directberth.com\\\/es\\\/\",\"name\":\"Direct Berth\",\"description\":\"Your one-call service\",\"publisher\":{\"@id\":\"https:\\\/\\\/directberth.com\\\/es\\\/#organization\"},\"alternateName\":\"Direct Berth: The Berth Concierge\",\"potentialAction\":[{\"@type\":\"SearchAction\",\"target\":{\"@type\":\"EntryPoint\",\"urlTemplate\":\"https:\\\/\\\/directberth.com\\\/es\\\/?s={search_term_string}\"},\"query-input\":{\"@type\":\"PropertyValueSpecification\",\"valueRequired\":true,\"valueName\":\"search_term_string\"}}],\"inLanguage\":\"es\"},{\"@type\":\"Organization\",\"@id\":\"https:\\\/\\\/directberth.com\\\/es\\\/#organization\",\"name\":\"Direct Berth\",\"alternateName\":\"Direct Berth: The Berth Concierge\",\"url\":\"https:\\\/\\\/directberth.com\\\/es\\\/\",\"logo\":{\"@type\":\"ImageObject\",\"inLanguage\":\"es\",\"@id\":\"https:\\\/\\\/directberth.com\\\/es\\\/#\\\/schema\\\/logo\\\/image\\\/\",\"url\":\"https:\\\/\\\/directberth.com\\\/wp-content\\\/uploads\\\/2020\\\/11\\\/directberth-logo1.svg\",\"contentUrl\":\"https:\\\/\\\/directberth.com\\\/wp-content\\\/uploads\\\/2020\\\/11\\\/directberth-logo1.svg\",\"width\":1,\"height\":1,\"caption\":\"Direct Berth\"},\"image\":{\"@id\":\"https:\\\/\\\/directberth.com\\\/es\\\/#\\\/schema\\\/logo\\\/image\\\/\"},\"sameAs\":[\"https:\\\/\\\/www.facebook.com\\\/Berthbrokerage\",\"https:\\\/\\\/www.instagram.com\\\/Directberth\",\"https:\\\/\\\/nl.linkedin.com\\\/in\\\/direct-berth-brokerage-1410aa136\"]}]}<\/script>\n<!-- \/ Yoast SEO plugin. -->","yoast_head_json":{"title":"Destinos de amarre, Nuestras \u00e1reas de especializaci\u00f3n | Direct Berth","description":"Si quieres vender, comprar o alquilar un amarre, tenemos destinos en todo el mundo. M\u00e1s informaci\u00f3n","robots":{"index":"index","follow":"follow","max-snippet":"max-snippet:-1","max-image-preview":"max-image-preview:large","max-video-preview":"max-video-preview:-1"},"canonical":"https:\/\/directberth.com\/es\/destinos\/","og_locale":"es_ES","og_type":"article","og_title":"Destinos de amarre, Nuestras \u00e1reas de especializaci\u00f3n | Direct Berth","og_description":"Si quieres vender, comprar o alquilar un amarre, tenemos destinos en todo el mundo. M\u00e1s informaci\u00f3n","og_url":"https:\/\/directberth.com\/es\/destinos\/","og_site_name":"Direct Berth","article_publisher":"https:\/\/www.facebook.com\/Berthbrokerage","article_modified_time":"2026-02-16T12:21:18+00:00","og_image":[{"width":2149,"height":1433,"url":"https:\/\/directberth.com\/wp-content\/uploads\/2021\/02\/kade-stoeltjes-zee.jpg","type":"image\/jpeg"}],"twitter_card":"summary_large_image","schema":{"@context":"https:\/\/schema.org","@graph":[{"@type":"WebPage","@id":"https:\/\/directberth.com\/es\/destinos\/","url":"https:\/\/directberth.com\/es\/destinos\/","name":"Destinos de amarre, Nuestras \u00e1reas de especializaci\u00f3n | Direct Berth","isPartOf":{"@id":"https:\/\/directberth.com\/es\/#website"},"primaryImageOfPage":{"@id":"https:\/\/directberth.com\/es\/destinos\/#primaryimage"},"image":{"@id":"https:\/\/directberth.com\/es\/destinos\/#primaryimage"},"thumbnailUrl":"https:\/\/directberth.com\/wp-content\/uploads\/2021\/02\/kade-stoeltjes-zee.jpg","datePublished":"2026-02-11T09:59:12+00:00","dateModified":"2026-02-16T12:21:18+00:00","description":"Si quieres vender, comprar o alquilar un amarre, tenemos destinos en todo el mundo. M\u00e1s informaci\u00f3n","breadcrumb":{"@id":"https:\/\/directberth.com\/es\/destinos\/#breadcrumb"},"inLanguage":"es","potentialAction":[{"@type":"ReadAction","target":["https:\/\/directberth.com\/es\/destinos\/"]}]},{"@type":"ImageObject","inLanguage":"es","@id":"https:\/\/directberth.com\/es\/destinos\/#primaryimage","url":"https:\/\/directberth.com\/wp-content\/uploads\/2021\/02\/kade-stoeltjes-zee.jpg","contentUrl":"https:\/\/directberth.com\/wp-content\/uploads\/2021\/02\/kade-stoeltjes-zee.jpg","width":2149,"height":1433,"caption":"Dos tumbonas a rayas se sientan bajo una gran sombrilla en un amarradero frente al mar, con vistas a unas tranquilas aguas azules."},{"@type":"BreadcrumbList","@id":"https:\/\/directberth.com\/es\/destinos\/#breadcrumb","itemListElement":[{"@type":"ListItem","position":1,"name":"Home","item":"https:\/\/directberth.com\/es\/inicio\/"},{"@type":"ListItem","position":2,"name":"Destinos"}]},{"@type":"WebSite","@id":"https:\/\/directberth.com\/es\/#website","url":"https:\/\/directberth.com\/es\/","name":"Direct Berth","description":"Your one-call service","publisher":{"@id":"https:\/\/directberth.com\/es\/#organization"},"alternateName":"Direct Berth: The Berth Concierge","potentialAction":[{"@type":"SearchAction","target":{"@type":"EntryPoint","urlTemplate":"https:\/\/directberth.com\/es\/?s={search_term_string}"},"query-input":{"@type":"PropertyValueSpecification","valueRequired":true,"valueName":"search_term_string"}}],"inLanguage":"es"},{"@type":"Organization","@id":"https:\/\/directberth.com\/es\/#organization","name":"Direct Berth","alternateName":"Direct Berth: The Berth Concierge","url":"https:\/\/directberth.com\/es\/","logo":{"@type":"ImageObject","inLanguage":"es","@id":"https:\/\/directberth.com\/es\/#\/schema\/logo\/image\/","url":"https:\/\/directberth.com\/wp-content\/uploads\/2020\/11\/directberth-logo1.svg","contentUrl":"https:\/\/directberth.com\/wp-content\/uploads\/2020\/11\/directberth-logo1.svg","width":1,"height":1,"caption":"Direct Berth"},"image":{"@id":"https:\/\/directberth.com\/es\/#\/schema\/logo\/image\/"},"sameAs":["https:\/\/www.facebook.com\/Berthbrokerage","https:\/\/www.instagram.com\/Directberth","https:\/\/nl.linkedin.com\/in\/direct-berth-brokerage-1410aa136"]}]}},"_links":{"self":[{"href":"https:\/\/directberth.com\/es\/wp-json\/wp\/v2\/pages\/40830","targetHints":{"allow":["GET"]}}],"collection":[{"href":"https:\/\/directberth.com\/es\/wp-json\/wp\/v2\/pages"}],"about":[{"href":"https:\/\/directberth.com\/es\/wp-json\/wp\/v2\/types\/page"}],"author":[{"embeddable":true,"href":"https:\/\/directberth.com\/es\/wp-json\/wp\/v2\/users\/1"}],"replies":[{"embeddable":true,"href":"https:\/\/directberth.com\/es\/wp-json\/wp\/v2\/comments?post=40830"}],"version-history":[{"count":1,"href":"https:\/\/directberth.com\/es\/wp-json\/wp\/v2\/pages\/40830\/revisions"}],"predecessor-version":[{"id":41592,"href":"https:\/\/directberth.com\/es\/wp-json\/wp\/v2\/pages\/40830\/revisions\/41592"}],"wp:featuredmedia":[{"embeddable":true,"href":"https:\/\/directberth.com\/es\/wp-json\/wp\/v2\/media\/40833"}],"wp:attachment":[{"href":"https:\/\/directberth.com\/es\/wp-json\/wp\/v2\/media?parent=40830"}],"curies":[{"name":"wp","href":"https:\/\/api.w.org\/{rel}","templated":true}]}}