{"id":40820,"date":"2026-02-11T10:59:09","date_gmt":"2026-02-11T09:59:09","guid":{"rendered":"https:\/\/directberth.com\/propiedad-y-finanzas\/"},"modified":"2026-02-27T13:10:22","modified_gmt":"2026-02-27T12:10:22","slug":"propiedad-y-finanzas","status":"publish","type":"page","link":"https:\/\/directberth.com\/es\/propiedad-y-finanzas\/","title":{"rendered":"Propiedad y finanzas"},"content":{"rendered":"<div class=\"col-xl-12 col-lg-12 col-md-12 col-sm-12 col-12 about-cont\">\n<p>Nuestros servicios de Conserjer\u00eda operan en un entorno exclusivo y complejo que difiere de un puerto deportivo a otro y de un pa\u00eds a otro. Los amarres en puertos deportivos suelen ser un arrendamiento a largo plazo (con opci\u00f3n de renovaci\u00f3n), no en propiedad directa. <\/p>\n<p>Pagas una cantidad por la compra, pero no eres propietario de la propiedad ni del amarre; la cantidad que pagas es simplemente un alquiler por adelantado o \u00abderecho a utilizar el amarre\u00bb, aunque sin el porcentaje de indexaci\u00f3n que se producir\u00e1 en los pr\u00f3ximos a\u00f1os. No hay que olvidar que tambi\u00e9n tienes que pagar el mantenimiento (gastos comunitarios) del puerto, las tasas corporativas y los impuestos locales, el impuesto de navegaci\u00f3n o las tasas del faro (tasas gubernamentales). <\/p>\n<\/div>\n","protected":false},"excerpt":{"rendered":"<p>Nuestros servicios de Conserjer\u00eda operan en un entorno exclusivo y complejo que difiere de un puerto deportivo a otro y de un pa\u00eds a otro. Los amarres en puertos deportivos suelen ser un arrendamiento a largo plazo (con opci\u00f3n de renovaci\u00f3n), no en propiedad directa. Pagas una cantidad por la compra, pero no eres propietario [&hellip;]<\/p>\n","protected":false},"author":1,"featured_media":40825,"parent":0,"menu_order":0,"comment_status":"closed","ping_status":"closed","template":"templates\/ownership-financial.php","meta":{"_acf_changed":false,"footnotes":""},"class_list":["post-40820","page","type-page","status-publish","has-post-thumbnail","hentry"],"acf":[],"yoast_head":"<!-- This site is optimized with the Yoast SEO plugin v27.3 - https:\/\/yoast.com\/product\/yoast-seo-wordpress\/ -->\n<title>Propiedad del amarre y asuntos financieros | Direct Berth<\/title>\n<meta name=\"description\" content=\"En Direct Berth nos aseguramos de que todas las cuestiones financieras necesarias se coordinen y completen a satisfacci\u00f3n. Inf\u00f3rmate aqu\u00ed.\" \/>\n<meta name=\"robots\" content=\"index, follow, max-snippet:-1, max-image-preview:large, max-video-preview:-1\" \/>\n<link rel=\"canonical\" href=\"https:\/\/directberth.com\/es\/propiedad-y-finanzas\/\" \/>\n<meta property=\"og:locale\" content=\"es_ES\" \/>\n<meta property=\"og:type\" content=\"article\" \/>\n<meta property=\"og:title\" content=\"Propiedad del amarre y asuntos financieros | Direct Berth\" \/>\n<meta property=\"og:description\" content=\"En Direct Berth nos aseguramos de que todas las cuestiones financieras necesarias se coordinen y completen a satisfacci\u00f3n. Inf\u00f3rmate aqu\u00ed.\" \/>\n<meta property=\"og:url\" content=\"https:\/\/directberth.com\/es\/propiedad-y-finanzas\/\" \/>\n<meta property=\"og:site_name\" content=\"Direct Berth\" \/>\n<meta property=\"article:publisher\" content=\"https:\/\/www.facebook.com\/Berthbrokerage\" \/>\n<meta property=\"article:modified_time\" content=\"2026-02-27T12:10:22+00:00\" \/>\n<meta property=\"og:image\" content=\"https:\/\/directberth.com\/wp-content\/uploads\/2021\/02\/direct-berth-ownership-financial.jpg\" \/>\n\t<meta property=\"og:image:width\" content=\"1330\" \/>\n\t<meta property=\"og:image:height\" content=\"605\" \/>\n\t<meta property=\"og:image:type\" content=\"image\/jpeg\" \/>\n<meta name=\"twitter:card\" content=\"summary_large_image\" \/>\n<meta name=\"twitter:label1\" content=\"Tiempo de lectura\" \/>\n\t<meta name=\"twitter:data1\" content=\"1 minuto\" \/>\n<script type=\"application\/ld+json\" class=\"yoast-schema-graph\">{\"@context\":\"https:\\\/\\\/schema.org\",\"@graph\":[{\"@type\":\"WebPage\",\"@id\":\"https:\\\/\\\/directberth.com\\\/es\\\/propiedad-y-finanzas\\\/\",\"url\":\"https:\\\/\\\/directberth.com\\\/es\\\/propiedad-y-finanzas\\\/\",\"name\":\"Propiedad del amarre y asuntos financieros | Direct Berth\",\"isPartOf\":{\"@id\":\"https:\\\/\\\/directberth.com\\\/es\\\/#website\"},\"primaryImageOfPage\":{\"@id\":\"https:\\\/\\\/directberth.com\\\/es\\\/propiedad-y-finanzas\\\/#primaryimage\"},\"image\":{\"@id\":\"https:\\\/\\\/directberth.com\\\/es\\\/propiedad-y-finanzas\\\/#primaryimage\"},\"thumbnailUrl\":\"https:\\\/\\\/directberth.com\\\/wp-content\\\/uploads\\\/2021\\\/02\\\/direct-berth-ownership-financial.jpg\",\"datePublished\":\"2026-02-11T09:59:09+00:00\",\"dateModified\":\"2026-02-27T12:10:22+00:00\",\"description\":\"En Direct Berth nos aseguramos de que todas las cuestiones financieras necesarias se coordinen y completen a satisfacci\u00f3n. Inf\u00f3rmate aqu\u00ed.\",\"breadcrumb\":{\"@id\":\"https:\\\/\\\/directberth.com\\\/es\\\/propiedad-y-finanzas\\\/#breadcrumb\"},\"inLanguage\":\"es\",\"potentialAction\":[{\"@type\":\"ReadAction\",\"target\":[\"https:\\\/\\\/directberth.com\\\/es\\\/propiedad-y-finanzas\\\/\"]}]},{\"@type\":\"ImageObject\",\"inLanguage\":\"es\",\"@id\":\"https:\\\/\\\/directberth.com\\\/es\\\/propiedad-y-finanzas\\\/#primaryimage\",\"url\":\"https:\\\/\\\/directberth.com\\\/wp-content\\\/uploads\\\/2021\\\/02\\\/direct-berth-ownership-financial.jpg\",\"contentUrl\":\"https:\\\/\\\/directberth.com\\\/wp-content\\\/uploads\\\/2021\\\/02\\\/direct-berth-ownership-financial.jpg\",\"width\":1330,\"height\":605,\"caption\":\"Vista a\u00e9rea de un puerto deportivo de lujo con yates y propiedades frente al mar al atardecer, que ilustra las oportunidades de propiedad directa de un amarre.\"},{\"@type\":\"BreadcrumbList\",\"@id\":\"https:\\\/\\\/directberth.com\\\/es\\\/propiedad-y-finanzas\\\/#breadcrumb\",\"itemListElement\":[{\"@type\":\"ListItem\",\"position\":1,\"name\":\"Home\",\"item\":\"https:\\\/\\\/directberth.com\\\/es\\\/inicio\\\/\"},{\"@type\":\"ListItem\",\"position\":2,\"name\":\"Propiedad y finanzas\"}]},{\"@type\":\"WebSite\",\"@id\":\"https:\\\/\\\/directberth.com\\\/es\\\/#website\",\"url\":\"https:\\\/\\\/directberth.com\\\/es\\\/\",\"name\":\"Direct Berth\",\"description\":\"Your one-call service\",\"publisher\":{\"@id\":\"https:\\\/\\\/directberth.com\\\/es\\\/#organization\"},\"alternateName\":\"Direct Berth: The Berth Concierge\",\"potentialAction\":[{\"@type\":\"SearchAction\",\"target\":{\"@type\":\"EntryPoint\",\"urlTemplate\":\"https:\\\/\\\/directberth.com\\\/es\\\/?s={search_term_string}\"},\"query-input\":{\"@type\":\"PropertyValueSpecification\",\"valueRequired\":true,\"valueName\":\"search_term_string\"}}],\"inLanguage\":\"es\"},{\"@type\":\"Organization\",\"@id\":\"https:\\\/\\\/directberth.com\\\/es\\\/#organization\",\"name\":\"Direct Berth\",\"alternateName\":\"Direct Berth: The Berth Concierge\",\"url\":\"https:\\\/\\\/directberth.com\\\/es\\\/\",\"logo\":{\"@type\":\"ImageObject\",\"inLanguage\":\"es\",\"@id\":\"https:\\\/\\\/directberth.com\\\/es\\\/#\\\/schema\\\/logo\\\/image\\\/\",\"url\":\"https:\\\/\\\/directberth.com\\\/wp-content\\\/uploads\\\/2020\\\/11\\\/directberth-logo1.svg\",\"contentUrl\":\"https:\\\/\\\/directberth.com\\\/wp-content\\\/uploads\\\/2020\\\/11\\\/directberth-logo1.svg\",\"width\":1,\"height\":1,\"caption\":\"Direct Berth\"},\"image\":{\"@id\":\"https:\\\/\\\/directberth.com\\\/es\\\/#\\\/schema\\\/logo\\\/image\\\/\"},\"sameAs\":[\"https:\\\/\\\/www.facebook.com\\\/Berthbrokerage\",\"https:\\\/\\\/www.instagram.com\\\/Directberth\",\"https:\\\/\\\/nl.linkedin.com\\\/in\\\/direct-berth-brokerage-1410aa136\"]}]}<\/script>\n<!-- \/ Yoast SEO plugin. -->","yoast_head_json":{"title":"Propiedad del amarre y asuntos financieros | Direct Berth","description":"En Direct Berth nos aseguramos de que todas las cuestiones financieras necesarias se coordinen y completen a satisfacci\u00f3n. Inf\u00f3rmate aqu\u00ed.","robots":{"index":"index","follow":"follow","max-snippet":"max-snippet:-1","max-image-preview":"max-image-preview:large","max-video-preview":"max-video-preview:-1"},"canonical":"https:\/\/directberth.com\/es\/propiedad-y-finanzas\/","og_locale":"es_ES","og_type":"article","og_title":"Propiedad del amarre y asuntos financieros | Direct Berth","og_description":"En Direct Berth nos aseguramos de que todas las cuestiones financieras necesarias se coordinen y completen a satisfacci\u00f3n. Inf\u00f3rmate aqu\u00ed.","og_url":"https:\/\/directberth.com\/es\/propiedad-y-finanzas\/","og_site_name":"Direct Berth","article_publisher":"https:\/\/www.facebook.com\/Berthbrokerage","article_modified_time":"2026-02-27T12:10:22+00:00","og_image":[{"width":1330,"height":605,"url":"https:\/\/directberth.com\/wp-content\/uploads\/2021\/02\/direct-berth-ownership-financial.jpg","type":"image\/jpeg"}],"twitter_card":"summary_large_image","twitter_misc":{"Tiempo de lectura":"1 minuto"},"schema":{"@context":"https:\/\/schema.org","@graph":[{"@type":"WebPage","@id":"https:\/\/directberth.com\/es\/propiedad-y-finanzas\/","url":"https:\/\/directberth.com\/es\/propiedad-y-finanzas\/","name":"Propiedad del amarre y asuntos financieros | Direct Berth","isPartOf":{"@id":"https:\/\/directberth.com\/es\/#website"},"primaryImageOfPage":{"@id":"https:\/\/directberth.com\/es\/propiedad-y-finanzas\/#primaryimage"},"image":{"@id":"https:\/\/directberth.com\/es\/propiedad-y-finanzas\/#primaryimage"},"thumbnailUrl":"https:\/\/directberth.com\/wp-content\/uploads\/2021\/02\/direct-berth-ownership-financial.jpg","datePublished":"2026-02-11T09:59:09+00:00","dateModified":"2026-02-27T12:10:22+00:00","description":"En Direct Berth nos aseguramos de que todas las cuestiones financieras necesarias se coordinen y completen a satisfacci\u00f3n. Inf\u00f3rmate aqu\u00ed.","breadcrumb":{"@id":"https:\/\/directberth.com\/es\/propiedad-y-finanzas\/#breadcrumb"},"inLanguage":"es","potentialAction":[{"@type":"ReadAction","target":["https:\/\/directberth.com\/es\/propiedad-y-finanzas\/"]}]},{"@type":"ImageObject","inLanguage":"es","@id":"https:\/\/directberth.com\/es\/propiedad-y-finanzas\/#primaryimage","url":"https:\/\/directberth.com\/wp-content\/uploads\/2021\/02\/direct-berth-ownership-financial.jpg","contentUrl":"https:\/\/directberth.com\/wp-content\/uploads\/2021\/02\/direct-berth-ownership-financial.jpg","width":1330,"height":605,"caption":"Vista a\u00e9rea de un puerto deportivo de lujo con yates y propiedades frente al mar al atardecer, que ilustra las oportunidades de propiedad directa de un amarre."},{"@type":"BreadcrumbList","@id":"https:\/\/directberth.com\/es\/propiedad-y-finanzas\/#breadcrumb","itemListElement":[{"@type":"ListItem","position":1,"name":"Home","item":"https:\/\/directberth.com\/es\/inicio\/"},{"@type":"ListItem","position":2,"name":"Propiedad y finanzas"}]},{"@type":"WebSite","@id":"https:\/\/directberth.com\/es\/#website","url":"https:\/\/directberth.com\/es\/","name":"Direct Berth","description":"Your one-call service","publisher":{"@id":"https:\/\/directberth.com\/es\/#organization"},"alternateName":"Direct Berth: The Berth Concierge","potentialAction":[{"@type":"SearchAction","target":{"@type":"EntryPoint","urlTemplate":"https:\/\/directberth.com\/es\/?s={search_term_string}"},"query-input":{"@type":"PropertyValueSpecification","valueRequired":true,"valueName":"search_term_string"}}],"inLanguage":"es"},{"@type":"Organization","@id":"https:\/\/directberth.com\/es\/#organization","name":"Direct Berth","alternateName":"Direct Berth: The Berth Concierge","url":"https:\/\/directberth.com\/es\/","logo":{"@type":"ImageObject","inLanguage":"es","@id":"https:\/\/directberth.com\/es\/#\/schema\/logo\/image\/","url":"https:\/\/directberth.com\/wp-content\/uploads\/2020\/11\/directberth-logo1.svg","contentUrl":"https:\/\/directberth.com\/wp-content\/uploads\/2020\/11\/directberth-logo1.svg","width":1,"height":1,"caption":"Direct Berth"},"image":{"@id":"https:\/\/directberth.com\/es\/#\/schema\/logo\/image\/"},"sameAs":["https:\/\/www.facebook.com\/Berthbrokerage","https:\/\/www.instagram.com\/Directberth","https:\/\/nl.linkedin.com\/in\/direct-berth-brokerage-1410aa136"]}]}},"_links":{"self":[{"href":"https:\/\/directberth.com\/es\/wp-json\/wp\/v2\/pages\/40820","targetHints":{"allow":["GET"]}}],"collection":[{"href":"https:\/\/directberth.com\/es\/wp-json\/wp\/v2\/pages"}],"about":[{"href":"https:\/\/directberth.com\/es\/wp-json\/wp\/v2\/types\/page"}],"author":[{"embeddable":true,"href":"https:\/\/directberth.com\/es\/wp-json\/wp\/v2\/users\/1"}],"replies":[{"embeddable":true,"href":"https:\/\/directberth.com\/es\/wp-json\/wp\/v2\/comments?post=40820"}],"version-history":[{"count":1,"href":"https:\/\/directberth.com\/es\/wp-json\/wp\/v2\/pages\/40820\/revisions"}],"predecessor-version":[{"id":41596,"href":"https:\/\/directberth.com\/es\/wp-json\/wp\/v2\/pages\/40820\/revisions\/41596"}],"wp:featuredmedia":[{"embeddable":true,"href":"https:\/\/directberth.com\/es\/wp-json\/wp\/v2\/media\/40825"}],"wp:attachment":[{"href":"https:\/\/directberth.com\/es\/wp-json\/wp\/v2\/media?parent=40820"}],"curies":[{"name":"wp","href":"https:\/\/api.w.org\/{rel}","templated":true}]}}