{"id":38689,"date":"2026-02-11T10:49:42","date_gmt":"2026-02-11T09:49:42","guid":{"rendered":"https:\/\/directberth.com\/quienes-somos\/"},"modified":"2026-02-27T13:29:18","modified_gmt":"2026-02-27T12:29:18","slug":"quienes-somos","status":"publish","type":"page","link":"https:\/\/directberth.com\/es\/quienes-somos\/","title":{"rendered":"Qui\u00e9nes somos"},"content":{"rendered":"<div class=\"col-xl-12 col-lg-12 col-md-12 col-sm-12 col-12\">\n<h2>Es Direct Berth<\/h2>\n<\/div>\n<div class=\"col-xl-6 col-lg-6 col-md-6 col-sm-12 col-12 about-cont\">\n<p>En Direct Berth nos dedicamos exclusivamente a la venta, alquiler y compra de amarres en puertos deportivos. Nuestro equipo de Conserjes de Amarres ofrece una amplia gama de servicios para maximizar el disfrute del yate por parte del Propietario; minimizar los riesgos y responsabilidades asociados al alquiler o propiedad de un amarre, gestionar y controlar los costes del amarre y mostrar transparencia.<\/p>\n<p>Adem\u00e1s, te orientamos y asesoramos sobre fiscalidad con el apoyo de abogados y protegemos la importante inversi\u00f3n de capital que representa tu amarre.<\/p>\n<h3>NUESTRO EQUIPO<\/h3>\n<p>Nuestro equipo ha demostrado su valor a trav\u00e9s del rendimiento y la confianza; dos cualidades muy apreciadas y cuidadosamente cultivadas. Reconocemos que el conocimiento detallado, la confianza, la transparencia y la confidencialidad son el camino hacia el \u00e9xito. Tenemos presencia local gracias a nuestra impresionante red en varios destinos y puertos deportivos para atender cualquier necesidad.<\/p>\n<\/div>\n<div class=\"col-xl-6 col-lg-6 col-md-6 col-sm-12 col-12 about-cont2\">\n<h3>NUESTRO OBJETIVO<\/h3>\n<p>Nuestro objetivo es proporcionar una orientaci\u00f3n superior a nuestros clientes mediante amplios conocimientos sobre atraques y sus requisitos, ubicaciones y nuevos destinos. Nos ocupamos de los mejores destinos elegidos por los propietarios de yates m\u00e1s exigentes.<\/p>\n<p>Los Servicios de Conserjer\u00eda de Amarres, en su forma m\u00e1s fina, son una mezcla \u00fanica de conocimiento de las operaciones del puerto deportivo, perspicacia financiera y s\u00f3lida gesti\u00f3n comercial. Te asesoramos, coordinamos y gestionamos algunas tareas que requieren mucho tiempo en relaci\u00f3n con tus requisitos de amarre y atraque. Ll\u00e1manos cuando est\u00e9s pensando en comprar, vender o alquilar un amarre en un puerto deportivo. Tambi\u00e9n damos apoyo a una flota de yates de alquiler que necesitan estancias cortas durante la temporada de alquiler o estancias m\u00e1s largas durante el periodo invernal.<\/p>\n<p>Nuestro Conserje de Amarres es tu asesor personal para un servicio imparcial.<\/p>\n<\/div>\n","protected":false},"excerpt":{"rendered":"<p>Es Direct Berth En Direct Berth nos dedicamos exclusivamente a la venta, alquiler y compra de amarres en puertos deportivos. Nuestro equipo de Conserjes de Amarres ofrece una amplia gama de servicios para maximizar el disfrute del yate por parte del Propietario; minimizar los riesgos y responsabilidades asociados al alquiler o propiedad de un amarre, [&hellip;]<\/p>\n","protected":false},"author":1,"featured_media":38702,"parent":0,"menu_order":0,"comment_status":"closed","ping_status":"closed","template":"templates\/about.php","meta":{"_acf_changed":false,"footnotes":""},"class_list":["post-38689","page","type-page","status-publish","has-post-thumbnail","hentry"],"acf":[],"yoast_head":"<!-- This site is optimized with the Yoast SEO plugin v27.3 - https:\/\/yoast.com\/product\/yoast-seo-wordpress\/ -->\n<title>Sobre nosotros - Servicio exclusivo y personal | Direct Berth<\/title>\n<meta name=\"description\" content=\"En Direct Berth nos dedicamos a la venta, alquiler y compra de amarres en puertos deportivos. \u00a1Consigue la mejor oferta!\" \/>\n<meta name=\"robots\" content=\"index, follow, max-snippet:-1, max-image-preview:large, max-video-preview:-1\" \/>\n<link rel=\"canonical\" href=\"https:\/\/directberth.com\/es\/quienes-somos\/\" \/>\n<meta property=\"og:locale\" content=\"es_ES\" \/>\n<meta property=\"og:type\" content=\"article\" \/>\n<meta property=\"og:title\" content=\"Sobre nosotros - Servicio exclusivo y personal | Direct Berth\" \/>\n<meta property=\"og:description\" content=\"En Direct Berth nos dedicamos a la venta, alquiler y compra de amarres en puertos deportivos. \u00a1Consigue la mejor oferta!\" \/>\n<meta property=\"og:url\" content=\"https:\/\/directberth.com\/es\/quienes-somos\/\" \/>\n<meta property=\"og:site_name\" content=\"Direct Berth\" \/>\n<meta property=\"article:publisher\" content=\"https:\/\/www.facebook.com\/Berthbrokerage\" \/>\n<meta property=\"article:modified_time\" content=\"2026-02-27T12:29:18+00:00\" \/>\n<meta property=\"og:image\" content=\"https:\/\/directberth.com\/wp-content\/uploads\/2021\/02\/zon-sea-beach-mooring.jpg\" \/>\n\t<meta property=\"og:image:width\" content=\"1800\" \/>\n\t<meta property=\"og:image:height\" content=\"900\" \/>\n\t<meta property=\"og:image:type\" content=\"image\/jpeg\" \/>\n<meta name=\"twitter:card\" content=\"summary_large_image\" \/>\n<meta name=\"twitter:label1\" content=\"Tiempo de lectura\" \/>\n\t<meta name=\"twitter:data1\" content=\"2 minutos\" \/>\n<script type=\"application\/ld+json\" class=\"yoast-schema-graph\">{\"@context\":\"https:\\\/\\\/schema.org\",\"@graph\":[{\"@type\":\"WebPage\",\"@id\":\"https:\\\/\\\/directberth.com\\\/es\\\/quienes-somos\\\/\",\"url\":\"https:\\\/\\\/directberth.com\\\/es\\\/quienes-somos\\\/\",\"name\":\"Sobre nosotros - Servicio exclusivo y personal | Direct Berth\",\"isPartOf\":{\"@id\":\"https:\\\/\\\/directberth.com\\\/es\\\/#website\"},\"primaryImageOfPage\":{\"@id\":\"https:\\\/\\\/directberth.com\\\/es\\\/quienes-somos\\\/#primaryimage\"},\"image\":{\"@id\":\"https:\\\/\\\/directberth.com\\\/es\\\/quienes-somos\\\/#primaryimage\"},\"thumbnailUrl\":\"https:\\\/\\\/directberth.com\\\/wp-content\\\/uploads\\\/2021\\\/02\\\/zon-sea-beach-mooring.jpg\",\"datePublished\":\"2026-02-11T09:49:42+00:00\",\"dateModified\":\"2026-02-27T12:29:18+00:00\",\"description\":\"En Direct Berth nos dedicamos a la venta, alquiler y compra de amarres en puertos deportivos. \u00a1Consigue la mejor oferta!\",\"breadcrumb\":{\"@id\":\"https:\\\/\\\/directberth.com\\\/es\\\/quienes-somos\\\/#breadcrumb\"},\"inLanguage\":\"es\",\"potentialAction\":[{\"@type\":\"ReadAction\",\"target\":[\"https:\\\/\\\/directberth.com\\\/es\\\/quienes-somos\\\/\"]}]},{\"@type\":\"ImageObject\",\"inLanguage\":\"es\",\"@id\":\"https:\\\/\\\/directberth.com\\\/es\\\/quienes-somos\\\/#primaryimage\",\"url\":\"https:\\\/\\\/directberth.com\\\/wp-content\\\/uploads\\\/2021\\\/02\\\/zon-sea-beach-mooring.jpg\",\"contentUrl\":\"https:\\\/\\\/directberth.com\\\/wp-content\\\/uploads\\\/2021\\\/02\\\/zon-sea-beach-mooring.jpg\",\"width\":1800,\"height\":900,\"caption\":\"Vista a\u00e9rea de un puerto deportivo lleno de yates al atardecer junto a una playa costera.\"},{\"@type\":\"BreadcrumbList\",\"@id\":\"https:\\\/\\\/directberth.com\\\/es\\\/quienes-somos\\\/#breadcrumb\",\"itemListElement\":[{\"@type\":\"ListItem\",\"position\":1,\"name\":\"Home\",\"item\":\"https:\\\/\\\/directberth.com\\\/es\\\/inicio\\\/\"},{\"@type\":\"ListItem\",\"position\":2,\"name\":\"Qui\u00e9nes somos\"}]},{\"@type\":\"WebSite\",\"@id\":\"https:\\\/\\\/directberth.com\\\/es\\\/#website\",\"url\":\"https:\\\/\\\/directberth.com\\\/es\\\/\",\"name\":\"Direct Berth\",\"description\":\"Your one-call service\",\"publisher\":{\"@id\":\"https:\\\/\\\/directberth.com\\\/es\\\/#organization\"},\"alternateName\":\"Direct Berth: The Berth Concierge\",\"potentialAction\":[{\"@type\":\"SearchAction\",\"target\":{\"@type\":\"EntryPoint\",\"urlTemplate\":\"https:\\\/\\\/directberth.com\\\/es\\\/?s={search_term_string}\"},\"query-input\":{\"@type\":\"PropertyValueSpecification\",\"valueRequired\":true,\"valueName\":\"search_term_string\"}}],\"inLanguage\":\"es\"},{\"@type\":\"Organization\",\"@id\":\"https:\\\/\\\/directberth.com\\\/es\\\/#organization\",\"name\":\"Direct Berth\",\"alternateName\":\"Direct Berth: The Berth Concierge\",\"url\":\"https:\\\/\\\/directberth.com\\\/es\\\/\",\"logo\":{\"@type\":\"ImageObject\",\"inLanguage\":\"es\",\"@id\":\"https:\\\/\\\/directberth.com\\\/es\\\/#\\\/schema\\\/logo\\\/image\\\/\",\"url\":\"https:\\\/\\\/directberth.com\\\/wp-content\\\/uploads\\\/2020\\\/11\\\/directberth-logo1.svg\",\"contentUrl\":\"https:\\\/\\\/directberth.com\\\/wp-content\\\/uploads\\\/2020\\\/11\\\/directberth-logo1.svg\",\"width\":1,\"height\":1,\"caption\":\"Direct Berth\"},\"image\":{\"@id\":\"https:\\\/\\\/directberth.com\\\/es\\\/#\\\/schema\\\/logo\\\/image\\\/\"},\"sameAs\":[\"https:\\\/\\\/www.facebook.com\\\/Berthbrokerage\",\"https:\\\/\\\/www.instagram.com\\\/Directberth\",\"https:\\\/\\\/nl.linkedin.com\\\/in\\\/direct-berth-brokerage-1410aa136\"]}]}<\/script>\n<!-- \/ Yoast SEO plugin. -->","yoast_head_json":{"title":"Sobre nosotros - Servicio exclusivo y personal | Direct Berth","description":"En Direct Berth nos dedicamos a la venta, alquiler y compra de amarres en puertos deportivos. \u00a1Consigue la mejor oferta!","robots":{"index":"index","follow":"follow","max-snippet":"max-snippet:-1","max-image-preview":"max-image-preview:large","max-video-preview":"max-video-preview:-1"},"canonical":"https:\/\/directberth.com\/es\/quienes-somos\/","og_locale":"es_ES","og_type":"article","og_title":"Sobre nosotros - Servicio exclusivo y personal | Direct Berth","og_description":"En Direct Berth nos dedicamos a la venta, alquiler y compra de amarres en puertos deportivos. \u00a1Consigue la mejor oferta!","og_url":"https:\/\/directberth.com\/es\/quienes-somos\/","og_site_name":"Direct Berth","article_publisher":"https:\/\/www.facebook.com\/Berthbrokerage","article_modified_time":"2026-02-27T12:29:18+00:00","og_image":[{"width":1800,"height":900,"url":"https:\/\/directberth.com\/wp-content\/uploads\/2021\/02\/zon-sea-beach-mooring.jpg","type":"image\/jpeg"}],"twitter_card":"summary_large_image","twitter_misc":{"Tiempo de lectura":"2 minutos"},"schema":{"@context":"https:\/\/schema.org","@graph":[{"@type":"WebPage","@id":"https:\/\/directberth.com\/es\/quienes-somos\/","url":"https:\/\/directberth.com\/es\/quienes-somos\/","name":"Sobre nosotros - Servicio exclusivo y personal | Direct Berth","isPartOf":{"@id":"https:\/\/directberth.com\/es\/#website"},"primaryImageOfPage":{"@id":"https:\/\/directberth.com\/es\/quienes-somos\/#primaryimage"},"image":{"@id":"https:\/\/directberth.com\/es\/quienes-somos\/#primaryimage"},"thumbnailUrl":"https:\/\/directberth.com\/wp-content\/uploads\/2021\/02\/zon-sea-beach-mooring.jpg","datePublished":"2026-02-11T09:49:42+00:00","dateModified":"2026-02-27T12:29:18+00:00","description":"En Direct Berth nos dedicamos a la venta, alquiler y compra de amarres en puertos deportivos. \u00a1Consigue la mejor oferta!","breadcrumb":{"@id":"https:\/\/directberth.com\/es\/quienes-somos\/#breadcrumb"},"inLanguage":"es","potentialAction":[{"@type":"ReadAction","target":["https:\/\/directberth.com\/es\/quienes-somos\/"]}]},{"@type":"ImageObject","inLanguage":"es","@id":"https:\/\/directberth.com\/es\/quienes-somos\/#primaryimage","url":"https:\/\/directberth.com\/wp-content\/uploads\/2021\/02\/zon-sea-beach-mooring.jpg","contentUrl":"https:\/\/directberth.com\/wp-content\/uploads\/2021\/02\/zon-sea-beach-mooring.jpg","width":1800,"height":900,"caption":"Vista a\u00e9rea de un puerto deportivo lleno de yates al atardecer junto a una playa costera."},{"@type":"BreadcrumbList","@id":"https:\/\/directberth.com\/es\/quienes-somos\/#breadcrumb","itemListElement":[{"@type":"ListItem","position":1,"name":"Home","item":"https:\/\/directberth.com\/es\/inicio\/"},{"@type":"ListItem","position":2,"name":"Qui\u00e9nes somos"}]},{"@type":"WebSite","@id":"https:\/\/directberth.com\/es\/#website","url":"https:\/\/directberth.com\/es\/","name":"Direct Berth","description":"Your one-call service","publisher":{"@id":"https:\/\/directberth.com\/es\/#organization"},"alternateName":"Direct Berth: The Berth Concierge","potentialAction":[{"@type":"SearchAction","target":{"@type":"EntryPoint","urlTemplate":"https:\/\/directberth.com\/es\/?s={search_term_string}"},"query-input":{"@type":"PropertyValueSpecification","valueRequired":true,"valueName":"search_term_string"}}],"inLanguage":"es"},{"@type":"Organization","@id":"https:\/\/directberth.com\/es\/#organization","name":"Direct Berth","alternateName":"Direct Berth: The Berth Concierge","url":"https:\/\/directberth.com\/es\/","logo":{"@type":"ImageObject","inLanguage":"es","@id":"https:\/\/directberth.com\/es\/#\/schema\/logo\/image\/","url":"https:\/\/directberth.com\/wp-content\/uploads\/2020\/11\/directberth-logo1.svg","contentUrl":"https:\/\/directberth.com\/wp-content\/uploads\/2020\/11\/directberth-logo1.svg","width":1,"height":1,"caption":"Direct Berth"},"image":{"@id":"https:\/\/directberth.com\/es\/#\/schema\/logo\/image\/"},"sameAs":["https:\/\/www.facebook.com\/Berthbrokerage","https:\/\/www.instagram.com\/Directberth","https:\/\/nl.linkedin.com\/in\/direct-berth-brokerage-1410aa136"]}]}},"_links":{"self":[{"href":"https:\/\/directberth.com\/es\/wp-json\/wp\/v2\/pages\/38689","targetHints":{"allow":["GET"]}}],"collection":[{"href":"https:\/\/directberth.com\/es\/wp-json\/wp\/v2\/pages"}],"about":[{"href":"https:\/\/directberth.com\/es\/wp-json\/wp\/v2\/types\/page"}],"author":[{"embeddable":true,"href":"https:\/\/directberth.com\/es\/wp-json\/wp\/v2\/users\/1"}],"replies":[{"embeddable":true,"href":"https:\/\/directberth.com\/es\/wp-json\/wp\/v2\/comments?post=38689"}],"version-history":[{"count":3,"href":"https:\/\/directberth.com\/es\/wp-json\/wp\/v2\/pages\/38689\/revisions"}],"predecessor-version":[{"id":41641,"href":"https:\/\/directberth.com\/es\/wp-json\/wp\/v2\/pages\/38689\/revisions\/41641"}],"wp:featuredmedia":[{"embeddable":true,"href":"https:\/\/directberth.com\/es\/wp-json\/wp\/v2\/media\/38702"}],"wp:attachment":[{"href":"https:\/\/directberth.com\/es\/wp-json\/wp\/v2\/media?parent=38689"}],"curies":[{"name":"wp","href":"https:\/\/api.w.org\/{rel}","templated":true}]}}