{"id":42503,"date":"2026-02-27T13:18:35","date_gmt":"2026-02-27T12:18:35","guid":{"rendered":"https:\/\/directberth.com\/ueber-uns\/"},"modified":"2026-02-27T13:30:42","modified_gmt":"2026-02-27T12:30:42","slug":"ueber-uns","status":"publish","type":"page","link":"https:\/\/directberth.com\/de\/ueber-uns\/","title":{"rendered":"\u00dcber uns"},"content":{"rendered":"<div class=\"col-xl-12 col-lg-12 col-md-12 col-sm-12 col-12\">\n<h2>Es ist Direct Berth<\/h2>\n<\/div>\n<div class=\"col-xl-6 col-lg-6 col-md-6 col-sm-12 col-12 about-cont\">\n<p>Wir von Direct Berth widmen uns ausschlie\u00dflich dem Verkauf, der Vermietung und dem Kauf von Liegepl\u00e4tzen in Yachth\u00e4fen. Unser Liegeplatz-Concierge-Team bietet ein umfassendes Angebot an Dienstleistungen, um die Freude des Eigent\u00fcmers an seiner Yacht zu maximieren, die mit der Vermietung oder dem Besitz eines Liegeplatzes verbundenen Risiken und Verbindlichkeiten zu minimieren, die Kosten f\u00fcr Liegepl\u00e4tze und Liegepl\u00e4tze zu verwalten und zu kontrollieren und Transparenz zu zeigen. <\/p>\n<p>Dar\u00fcber hinaus bieten wir Ihnen mit Unterst\u00fctzung von Anw\u00e4lten Rat und Verstand in Steuerfragen und sch\u00fctzen die bedeutende Kapitalanlage, die Ihr Liegeplatz darstellt.<\/p>\n<h3>UNSER TEAM<\/h3>\n<p>Unser Team hat seinen Wert durch Leistung und Vertrauen unter Beweis gestellt; zwei Eigenschaften, die sehr gesch\u00e4tzt und sorgf\u00e4ltig gepflegt werden. Wir haben erkannt, dass Detailwissen, Vertrauen, Transparenz und Vertraulichkeit der Weg zum Erfolg sind. Dank unseres beeindruckenden Netzwerks an verschiedenen Reisezielen und Yachth\u00e4fen sind wir vor Ort pr\u00e4sent, um jede Anforderung zu erf\u00fcllen.  <\/p>\n<\/div>\n<div class=\"col-xl-6 col-lg-6 col-md-6 col-sm-12 col-12 about-cont2\">\n<h3>UNSER ZIEL<\/h3>\n<p>Unser Ziel ist es, unsere Kunden durch umfassendes Wissen \u00fcber Liegepl\u00e4tze und deren Anforderungen, Standorte und neue Reiseziele optimal zu beraten. Wir arbeiten mit den besten Zielen f\u00fcr anspruchsvolle Yachteigner. <\/p>\n<p>Der Liegeplatz-Concierge-Service ist eine einzigartige Mischung aus Wissen \u00fcber den Betrieb von Yachth\u00e4fen, finanziellem Scharfsinn und solider kaufm\u00e4nnischer Verwaltung. Wir beraten, koordinieren und verwalten einige zeitraubende Aufgaben in Bezug auf Ihre Liegeplatz- und Liegeplatzanforderungen. Rufen Sie uns an, wenn Sie einen Liegeplatz im Jachthafen kaufen, verkaufen oder mieten m\u00f6chten. Wir betreuen auch eine Flotte von Charteryachten, die kurze Aufenthalte w\u00e4hrend der Chartersaison oder l\u00e4ngere Aufenthalte w\u00e4hrend der Wintersaison ben\u00f6tigen.   <\/p>\n<p>Unser Liegeplatz-Concierge ist Ihr pers\u00f6nlicher Berater f\u00fcr unparteiischen Service.<\/p>\n<\/div>\n","protected":false},"excerpt":{"rendered":"<p>Es ist Direct Berth Wir von Direct Berth widmen uns ausschlie\u00dflich dem Verkauf, der Vermietung und dem Kauf von Liegepl\u00e4tzen in Yachth\u00e4fen. Unser Liegeplatz-Concierge-Team bietet ein umfassendes Angebot an Dienstleistungen, um die Freude des Eigent\u00fcmers an seiner Yacht zu maximieren, die mit der Vermietung oder dem Besitz eines Liegeplatzes verbundenen Risiken und Verbindlichkeiten zu minimieren, [&hellip;]<\/p>\n","protected":false},"author":1,"featured_media":41743,"parent":0,"menu_order":0,"comment_status":"closed","ping_status":"closed","template":"templates\/about.php","meta":{"_acf_changed":false,"footnotes":""},"class_list":["post-42503","page","type-page","status-publish","has-post-thumbnail","hentry"],"acf":[],"yoast_head":"<!-- This site is optimized with the Yoast SEO plugin v27.3 - https:\/\/yoast.com\/product\/yoast-seo-wordpress\/ -->\n<title>\u00dcber uns - Exklusiver und pers\u00f6nlicher Service | Direct Berth<\/title>\n<meta name=\"description\" content=\"Bei Direct Berth widmen wir uns dem Verkauf, der Miete und dem Kauf von Liegepl\u00e4tzen in Yachth\u00e4fen. Sichern Sie sich das beste Angebot!\" \/>\n<meta name=\"robots\" content=\"index, follow, max-snippet:-1, max-image-preview:large, max-video-preview:-1\" \/>\n<link rel=\"canonical\" href=\"https:\/\/directberth.com\/de\/ueber-uns\/\" \/>\n<meta property=\"og:locale\" content=\"de_DE\" \/>\n<meta property=\"og:type\" content=\"article\" \/>\n<meta property=\"og:title\" content=\"\u00dcber uns - Exklusiver und pers\u00f6nlicher Service | Direct Berth\" \/>\n<meta property=\"og:description\" content=\"Bei Direct Berth widmen wir uns dem Verkauf, der Miete und dem Kauf von Liegepl\u00e4tzen in Yachth\u00e4fen. Sichern Sie sich das beste Angebot!\" \/>\n<meta property=\"og:url\" content=\"https:\/\/directberth.com\/de\/ueber-uns\/\" \/>\n<meta property=\"og:site_name\" content=\"Lengers Yachts: Luxury Yacht H\u00e4ndler Europa\" \/>\n<meta property=\"article:publisher\" content=\"https:\/\/www.facebook.com\/Berthbrokerage\" \/>\n<meta property=\"article:modified_time\" content=\"2026-02-27T12:30:42+00:00\" \/>\n<meta property=\"og:image\" content=\"https:\/\/directberth.com\/wp-content\/uploads\/2021\/02\/zon-sea-beach-mooring.jpg\" \/>\n\t<meta property=\"og:image:width\" content=\"1800\" \/>\n\t<meta property=\"og:image:height\" content=\"900\" \/>\n\t<meta property=\"og:image:type\" content=\"image\/jpeg\" \/>\n<meta name=\"twitter:card\" content=\"summary_large_image\" \/>\n<meta name=\"twitter:label1\" content=\"Gesch\u00e4tzte Lesezeit\" \/>\n\t<meta name=\"twitter:data1\" content=\"2\u00a0Minuten\" \/>\n<script type=\"application\/ld+json\" class=\"yoast-schema-graph\">{\"@context\":\"https:\\\/\\\/schema.org\",\"@graph\":[{\"@type\":\"WebPage\",\"@id\":\"https:\\\/\\\/directberth.com\\\/de\\\/ueber-uns\\\/\",\"url\":\"https:\\\/\\\/directberth.com\\\/de\\\/ueber-uns\\\/\",\"name\":\"\u00dcber uns - Exklusiver und pers\u00f6nlicher Service | Direct Berth\",\"isPartOf\":{\"@id\":\"https:\\\/\\\/directberth.com\\\/de\\\/#website\"},\"primaryImageOfPage\":{\"@id\":\"https:\\\/\\\/directberth.com\\\/de\\\/ueber-uns\\\/#primaryimage\"},\"image\":{\"@id\":\"https:\\\/\\\/directberth.com\\\/de\\\/ueber-uns\\\/#primaryimage\"},\"thumbnailUrl\":\"https:\\\/\\\/directberth.com\\\/wp-content\\\/uploads\\\/2021\\\/02\\\/zon-sea-beach-mooring.jpg\",\"datePublished\":\"2026-02-27T12:18:35+00:00\",\"dateModified\":\"2026-02-27T12:30:42+00:00\",\"description\":\"Bei Direct Berth widmen wir uns dem Verkauf, der Miete und dem Kauf von Liegepl\u00e4tzen in Yachth\u00e4fen. Sichern Sie sich das beste Angebot!\",\"breadcrumb\":{\"@id\":\"https:\\\/\\\/directberth.com\\\/de\\\/ueber-uns\\\/#breadcrumb\"},\"inLanguage\":\"de\",\"potentialAction\":[{\"@type\":\"ReadAction\",\"target\":[\"https:\\\/\\\/directberth.com\\\/de\\\/ueber-uns\\\/\"]}]},{\"@type\":\"ImageObject\",\"inLanguage\":\"de\",\"@id\":\"https:\\\/\\\/directberth.com\\\/de\\\/ueber-uns\\\/#primaryimage\",\"url\":\"https:\\\/\\\/directberth.com\\\/wp-content\\\/uploads\\\/2021\\\/02\\\/zon-sea-beach-mooring.jpg\",\"contentUrl\":\"https:\\\/\\\/directberth.com\\\/wp-content\\\/uploads\\\/2021\\\/02\\\/zon-sea-beach-mooring.jpg\",\"width\":1800,\"height\":900,\"caption\":\"Luftaufnahme eines Yachthafens voller Yachten bei Sonnenuntergang an einem K\u00fcstenstrand.\"},{\"@type\":\"BreadcrumbList\",\"@id\":\"https:\\\/\\\/directberth.com\\\/de\\\/ueber-uns\\\/#breadcrumb\",\"itemListElement\":[{\"@type\":\"ListItem\",\"position\":1,\"name\":\"Home\",\"item\":\"https:\\\/\\\/directberth.com\\\/de\\\/startseite\\\/\"},{\"@type\":\"ListItem\",\"position\":2,\"name\":\"\u00dcber uns\"}]},{\"@type\":\"WebSite\",\"@id\":\"https:\\\/\\\/directberth.com\\\/de\\\/#website\",\"url\":\"https:\\\/\\\/directberth.com\\\/de\\\/\",\"name\":\"Direct Berth\",\"description\":\"Suchen Sie das Boot Ihrer Tr\u00e4ume? Lengers Yachts ist offizieller H\u00e4ndler der Marken Sanlorenzo, Bluegame, Prestige Yachts und SACS f\u00fcr Nordeuropa!\",\"publisher\":{\"@id\":\"https:\\\/\\\/directberth.com\\\/de\\\/#organization\"},\"alternateName\":\"Direct Berth: The Berth Concierge\",\"potentialAction\":[{\"@type\":\"SearchAction\",\"target\":{\"@type\":\"EntryPoint\",\"urlTemplate\":\"https:\\\/\\\/directberth.com\\\/de\\\/?s={search_term_string}\"},\"query-input\":{\"@type\":\"PropertyValueSpecification\",\"valueRequired\":true,\"valueName\":\"search_term_string\"}}],\"inLanguage\":\"de\"},{\"@type\":\"Organization\",\"@id\":\"https:\\\/\\\/directberth.com\\\/de\\\/#organization\",\"name\":\"Direct Berth\",\"alternateName\":\"Direct Berth: The Berth Concierge\",\"url\":\"https:\\\/\\\/directberth.com\\\/de\\\/\",\"logo\":{\"@type\":\"ImageObject\",\"inLanguage\":\"de\",\"@id\":\"https:\\\/\\\/directberth.com\\\/de\\\/#\\\/schema\\\/logo\\\/image\\\/\",\"url\":\"https:\\\/\\\/directberth.com\\\/wp-content\\\/uploads\\\/2020\\\/11\\\/directberth-logo1.svg\",\"contentUrl\":\"https:\\\/\\\/directberth.com\\\/wp-content\\\/uploads\\\/2020\\\/11\\\/directberth-logo1.svg\",\"width\":1,\"height\":1,\"caption\":\"Direct Berth\"},\"image\":{\"@id\":\"https:\\\/\\\/directberth.com\\\/de\\\/#\\\/schema\\\/logo\\\/image\\\/\"},\"sameAs\":[\"https:\\\/\\\/www.facebook.com\\\/Berthbrokerage\",\"https:\\\/\\\/www.instagram.com\\\/Directberth\",\"https:\\\/\\\/nl.linkedin.com\\\/in\\\/direct-berth-brokerage-1410aa136\"]}]}<\/script>\n<!-- \/ Yoast SEO plugin. -->","yoast_head_json":{"title":"\u00dcber uns - Exklusiver und pers\u00f6nlicher Service | Direct Berth","description":"Bei Direct Berth widmen wir uns dem Verkauf, der Miete und dem Kauf von Liegepl\u00e4tzen in Yachth\u00e4fen. Sichern Sie sich das beste Angebot!","robots":{"index":"index","follow":"follow","max-snippet":"max-snippet:-1","max-image-preview":"max-image-preview:large","max-video-preview":"max-video-preview:-1"},"canonical":"https:\/\/directberth.com\/de\/ueber-uns\/","og_locale":"de_DE","og_type":"article","og_title":"\u00dcber uns - Exklusiver und pers\u00f6nlicher Service | Direct Berth","og_description":"Bei Direct Berth widmen wir uns dem Verkauf, der Miete und dem Kauf von Liegepl\u00e4tzen in Yachth\u00e4fen. Sichern Sie sich das beste Angebot!","og_url":"https:\/\/directberth.com\/de\/ueber-uns\/","og_site_name":"Lengers Yachts: Luxury Yacht H\u00e4ndler Europa","article_publisher":"https:\/\/www.facebook.com\/Berthbrokerage","article_modified_time":"2026-02-27T12:30:42+00:00","og_image":[{"width":1800,"height":900,"url":"https:\/\/directberth.com\/wp-content\/uploads\/2021\/02\/zon-sea-beach-mooring.jpg","type":"image\/jpeg"}],"twitter_card":"summary_large_image","twitter_misc":{"Gesch\u00e4tzte Lesezeit":"2\u00a0Minuten"},"schema":{"@context":"https:\/\/schema.org","@graph":[{"@type":"WebPage","@id":"https:\/\/directberth.com\/de\/ueber-uns\/","url":"https:\/\/directberth.com\/de\/ueber-uns\/","name":"\u00dcber uns - Exklusiver und pers\u00f6nlicher Service | Direct Berth","isPartOf":{"@id":"https:\/\/directberth.com\/de\/#website"},"primaryImageOfPage":{"@id":"https:\/\/directberth.com\/de\/ueber-uns\/#primaryimage"},"image":{"@id":"https:\/\/directberth.com\/de\/ueber-uns\/#primaryimage"},"thumbnailUrl":"https:\/\/directberth.com\/wp-content\/uploads\/2021\/02\/zon-sea-beach-mooring.jpg","datePublished":"2026-02-27T12:18:35+00:00","dateModified":"2026-02-27T12:30:42+00:00","description":"Bei Direct Berth widmen wir uns dem Verkauf, der Miete und dem Kauf von Liegepl\u00e4tzen in Yachth\u00e4fen. Sichern Sie sich das beste Angebot!","breadcrumb":{"@id":"https:\/\/directberth.com\/de\/ueber-uns\/#breadcrumb"},"inLanguage":"de","potentialAction":[{"@type":"ReadAction","target":["https:\/\/directberth.com\/de\/ueber-uns\/"]}]},{"@type":"ImageObject","inLanguage":"de","@id":"https:\/\/directberth.com\/de\/ueber-uns\/#primaryimage","url":"https:\/\/directberth.com\/wp-content\/uploads\/2021\/02\/zon-sea-beach-mooring.jpg","contentUrl":"https:\/\/directberth.com\/wp-content\/uploads\/2021\/02\/zon-sea-beach-mooring.jpg","width":1800,"height":900,"caption":"Luftaufnahme eines Yachthafens voller Yachten bei Sonnenuntergang an einem K\u00fcstenstrand."},{"@type":"BreadcrumbList","@id":"https:\/\/directberth.com\/de\/ueber-uns\/#breadcrumb","itemListElement":[{"@type":"ListItem","position":1,"name":"Home","item":"https:\/\/directberth.com\/de\/startseite\/"},{"@type":"ListItem","position":2,"name":"\u00dcber uns"}]},{"@type":"WebSite","@id":"https:\/\/directberth.com\/de\/#website","url":"https:\/\/directberth.com\/de\/","name":"Direct Berth","description":"Suchen Sie das Boot Ihrer Tr\u00e4ume? Lengers Yachts ist offizieller H\u00e4ndler der Marken Sanlorenzo, Bluegame, Prestige Yachts und SACS f\u00fcr Nordeuropa!","publisher":{"@id":"https:\/\/directberth.com\/de\/#organization"},"alternateName":"Direct Berth: The Berth Concierge","potentialAction":[{"@type":"SearchAction","target":{"@type":"EntryPoint","urlTemplate":"https:\/\/directberth.com\/de\/?s={search_term_string}"},"query-input":{"@type":"PropertyValueSpecification","valueRequired":true,"valueName":"search_term_string"}}],"inLanguage":"de"},{"@type":"Organization","@id":"https:\/\/directberth.com\/de\/#organization","name":"Direct Berth","alternateName":"Direct Berth: The Berth Concierge","url":"https:\/\/directberth.com\/de\/","logo":{"@type":"ImageObject","inLanguage":"de","@id":"https:\/\/directberth.com\/de\/#\/schema\/logo\/image\/","url":"https:\/\/directberth.com\/wp-content\/uploads\/2020\/11\/directberth-logo1.svg","contentUrl":"https:\/\/directberth.com\/wp-content\/uploads\/2020\/11\/directberth-logo1.svg","width":1,"height":1,"caption":"Direct Berth"},"image":{"@id":"https:\/\/directberth.com\/de\/#\/schema\/logo\/image\/"},"sameAs":["https:\/\/www.facebook.com\/Berthbrokerage","https:\/\/www.instagram.com\/Directberth","https:\/\/nl.linkedin.com\/in\/direct-berth-brokerage-1410aa136"]}]}},"_links":{"self":[{"href":"https:\/\/directberth.com\/de\/wp-json\/wp\/v2\/pages\/42503","targetHints":{"allow":["GET"]}}],"collection":[{"href":"https:\/\/directberth.com\/de\/wp-json\/wp\/v2\/pages"}],"about":[{"href":"https:\/\/directberth.com\/de\/wp-json\/wp\/v2\/types\/page"}],"author":[{"embeddable":true,"href":"https:\/\/directberth.com\/de\/wp-json\/wp\/v2\/users\/1"}],"replies":[{"embeddable":true,"href":"https:\/\/directberth.com\/de\/wp-json\/wp\/v2\/comments?post=42503"}],"version-history":[{"count":1,"href":"https:\/\/directberth.com\/de\/wp-json\/wp\/v2\/pages\/42503\/revisions"}],"predecessor-version":[{"id":42574,"href":"https:\/\/directberth.com\/de\/wp-json\/wp\/v2\/pages\/42503\/revisions\/42574"}],"wp:featuredmedia":[{"embeddable":true,"href":"https:\/\/directberth.com\/de\/wp-json\/wp\/v2\/media\/41743"}],"wp:attachment":[{"href":"https:\/\/directberth.com\/de\/wp-json\/wp\/v2\/media?parent=42503"}],"curies":[{"name":"wp","href":"https:\/\/api.w.org\/{rel}","templated":true}]}}