{"id":42485,"date":"2026-02-27T11:37:39","date_gmt":"2026-02-27T10:37:39","guid":{"rendered":"https:\/\/directberth.com\/ein-liegeplatz-fuer-ihre-jacht-in-barcelona\/liegeplatz-fuer-eine-yacht-in-barcelona-verkaufen\/"},"modified":"2026-02-27T11:37:39","modified_gmt":"2026-02-27T10:37:39","slug":"liegeplatz-fuer-eine-yacht-in-barcelona-verkaufen","status":"publish","type":"page","link":"https:\/\/directberth.com\/de\/ein-liegeplatz-fuer-ihre-jacht-in-barcelona\/liegeplatz-fuer-eine-yacht-in-barcelona-verkaufen\/","title":{"rendered":"Liegeplatz f\u00fcr eine Yacht in Barcelona verkaufen"},"content":{"rendered":"<h2>BERTH BROKER<\/h2>\n<p><span style=\"color: #c5a981;\"><strong>HENK E. VAN EGMOND<br \/>\n<img loading=\"lazy\" decoding=\"async\" class=\"alignnone wp-image-37647 size-medium\" src=\"https:\/\/directberth.com\/wp-content\/uploads\/2022\/09\/Henk-300x226.jpg\" alt=\"Henk Der Liegeplatzvermittler\" width=\"300\" height=\"226\" srcset=\"https:\/\/directberth.com\/wp-content\/uploads\/2022\/09\/Henk-300x226.jpg 300w, https:\/\/directberth.com\/wp-content\/uploads\/2022\/09\/Henk.jpg 332w\" sizes=\"auto, (max-width: 300px) 100vw, 300px\" \/><\/strong><\/span><\/p>\n<p style=\"font-size: 13px;\"><img loading=\"lazy\" decoding=\"async\" class=\"alignleft wp-image-35744 size-medium\" src=\"https:\/\/directberth.com\/wp-content\/uploads\/2020\/11\/Telefoon.svg\" alt=\"Telefon-Symbol\" width=\"31\" height=\"31\"><a href=\"tel:+31%206%2053%2034%2065%2026\">+31 6 53 34 65 26<\/a><\/p>\n<p style=\"font-size: 13px;\"><img loading=\"lazy\" decoding=\"async\" class=\"alignleft wp-image-35746 size-medium\" src=\"https:\/\/directberth.com\/wp-content\/uploads\/2020\/11\/Mail.svg\" alt=\"E-Mail-Symbol\" width=\"31\" height=\"31\"><a href=\"mailto:H.VANEGMOND@DIRECTBERTH.COM\">H.VANEGMOND@DIRECTBERTH.COM<\/a><\/p>\n<p>&nbsp;<\/p>\n<p><span style=\"color: #c5a981;\"><strong>WARUM BEI UNS BUCHEN?<\/strong><\/span><\/p>\n<p style=\"font-size: 13px;\"><img loading=\"lazy\" decoding=\"async\" class=\"alignleft size-medium wp-image-35746\" src=\"https:\/\/directberth.com\/wp-content\/uploads\/2020\/11\/Raam.svg\" alt=\"Fenster-Symbol\" width=\"31\" height=\"31\">VERTRAUEN &amp; TRANSPARENZ<\/p>\n<p style=\"font-size: 13px;\"><img loading=\"lazy\" decoding=\"async\" class=\"alignleft size-medium wp-image-35746\" src=\"https:\/\/directberth.com\/wp-content\/uploads\/2020\/11\/Touw.svg\" alt=\"Seil-Symbol\" width=\"31\" height=\"31\">DAS BESTE GESCH\u00c4FT ABSCHLIESSEN<\/p>\n<p style=\"font-size: 13px;\"><img loading=\"lazy\" decoding=\"async\" class=\"alignleft size-medium wp-image-35746\" src=\"https:\/\/directberth.com\/wp-content\/uploads\/2020\/11\/Matroos.svg\" alt=\"Seemanns-Ikone\" width=\"31\" height=\"31\">UMFANGREICHES WISSEN<\/p>\n<p style=\"font-size: 13px;\"><img loading=\"lazy\" decoding=\"async\" class=\"alignleft size-medium wp-image-35746\" src=\"https:\/\/directberth.com\/wp-content\/uploads\/2020\/11\/Kompass.svg\" alt=\"Kompass-Symbol\" width=\"31\" height=\"31\">EXKLUSIVER &amp; PERS\u00d6NLICHER SERVICE<\/p>\n<p style=\"font-size: 13px;\"><img loading=\"lazy\" decoding=\"async\" class=\"alignleft size-medium wp-image-35746\" src=\"https:\/\/directberth.com\/wp-content\/uploads\/2020\/11\/Bel.svg\" alt=\"Glocken-Symbol\" width=\"31\" height=\"31\">IHR ONE-CALL-SERVICE<\/p>\n","protected":false},"excerpt":{"rendered":"<p>BERTH BROKER HENK E. VAN EGMOND +31 6 53 34 65 26 H.VANEGMOND@DIRECTBERTH.COM &nbsp; WARUM BEI UNS BUCHEN? VERTRAUEN &amp; TRANSPARENZ DAS BESTE GESCH\u00c4FT ABSCHLIESSEN UMFANGREICHES WISSEN EXKLUSIVER &amp; PERS\u00d6NLICHER SERVICE IHR ONE-CALL-SERVICE<\/p>\n","protected":false},"author":2,"featured_media":0,"parent":42472,"menu_order":5,"comment_status":"closed","ping_status":"closed","template":"templates\/landingspage.php","meta":{"_acf_changed":false,"footnotes":""},"class_list":["post-42485","page","type-page","status-publish","hentry"],"acf":[],"yoast_head":"<!-- This site is optimized with the Yoast SEO plugin v27.3 - https:\/\/yoast.com\/product\/yoast-seo-wordpress\/ -->\n<title>Liegeplatz f\u00fcr eine Yacht in Barcelona verkaufen<\/title>\n<meta name=\"description\" content=\"Der Verkauf eines Yachtliegeplatzes in Barcelona kann komplex sein, aber mit den richtigen Schritten und der richtigen Vorbereitung k\u00f6nnen Sie den Verkauf Ihres Yachtliegeplatzes erfolgreich abwickeln.\" \/>\n<meta name=\"robots\" content=\"index, follow, max-snippet:-1, max-image-preview:large, max-video-preview:-1\" \/>\n<link rel=\"canonical\" href=\"https:\/\/directberth.com\/de\/ein-liegeplatz-fuer-ihre-jacht-in-barcelona\/liegeplatz-fuer-eine-yacht-in-barcelona-verkaufen\/\" \/>\n<meta property=\"og:locale\" content=\"de_DE\" \/>\n<meta property=\"og:type\" content=\"article\" \/>\n<meta property=\"og:title\" content=\"Liegeplatz f\u00fcr eine Yacht in Barcelona verkaufen\" \/>\n<meta property=\"og:description\" content=\"Der Verkauf eines Yachtliegeplatzes in Barcelona kann komplex sein, aber mit den richtigen Schritten und der richtigen Vorbereitung k\u00f6nnen Sie den Verkauf Ihres Yachtliegeplatzes erfolgreich abwickeln.\" \/>\n<meta property=\"og:url\" content=\"https:\/\/directberth.com\/de\/ein-liegeplatz-fuer-ihre-jacht-in-barcelona\/liegeplatz-fuer-eine-yacht-in-barcelona-verkaufen\/\" \/>\n<meta property=\"og:site_name\" content=\"Lengers Yachts: Luxury Yacht H\u00e4ndler Europa\" \/>\n<meta property=\"article:publisher\" content=\"https:\/\/www.facebook.com\/Berthbrokerage\" \/>\n<meta property=\"og:image\" content=\"https:\/\/directberth.com\/wp-content\/uploads\/2022\/09\/Henk.jpg\" \/>\n\t<meta property=\"og:image:width\" content=\"332\" \/>\n\t<meta property=\"og:image:height\" content=\"250\" \/>\n\t<meta property=\"og:image:type\" content=\"image\/jpeg\" \/>\n<meta name=\"twitter:card\" content=\"summary_large_image\" \/>\n<script type=\"application\/ld+json\" class=\"yoast-schema-graph\">{\"@context\":\"https:\\\/\\\/schema.org\",\"@graph\":[{\"@type\":\"WebPage\",\"@id\":\"https:\\\/\\\/directberth.com\\\/de\\\/ein-liegeplatz-fuer-ihre-jacht-in-barcelona\\\/liegeplatz-fuer-eine-yacht-in-barcelona-verkaufen\\\/\",\"url\":\"https:\\\/\\\/directberth.com\\\/de\\\/ein-liegeplatz-fuer-ihre-jacht-in-barcelona\\\/liegeplatz-fuer-eine-yacht-in-barcelona-verkaufen\\\/\",\"name\":\"Liegeplatz f\u00fcr eine Yacht in Barcelona verkaufen\",\"isPartOf\":{\"@id\":\"https:\\\/\\\/directberth.com\\\/de\\\/#website\"},\"primaryImageOfPage\":{\"@id\":\"https:\\\/\\\/directberth.com\\\/de\\\/ein-liegeplatz-fuer-ihre-jacht-in-barcelona\\\/liegeplatz-fuer-eine-yacht-in-barcelona-verkaufen\\\/#primaryimage\"},\"image\":{\"@id\":\"https:\\\/\\\/directberth.com\\\/de\\\/ein-liegeplatz-fuer-ihre-jacht-in-barcelona\\\/liegeplatz-fuer-eine-yacht-in-barcelona-verkaufen\\\/#primaryimage\"},\"thumbnailUrl\":\"https:\\\/\\\/directberth.com\\\/wp-content\\\/uploads\\\/2022\\\/09\\\/Henk-300x226.jpg\",\"datePublished\":\"2026-02-27T10:37:39+00:00\",\"description\":\"Der Verkauf eines Yachtliegeplatzes in Barcelona kann komplex sein, aber mit den richtigen Schritten und der richtigen Vorbereitung k\u00f6nnen Sie den Verkauf Ihres Yachtliegeplatzes erfolgreich abwickeln.\",\"breadcrumb\":{\"@id\":\"https:\\\/\\\/directberth.com\\\/de\\\/ein-liegeplatz-fuer-ihre-jacht-in-barcelona\\\/liegeplatz-fuer-eine-yacht-in-barcelona-verkaufen\\\/#breadcrumb\"},\"inLanguage\":\"de\",\"potentialAction\":[{\"@type\":\"ReadAction\",\"target\":[\"https:\\\/\\\/directberth.com\\\/de\\\/ein-liegeplatz-fuer-ihre-jacht-in-barcelona\\\/liegeplatz-fuer-eine-yacht-in-barcelona-verkaufen\\\/\"]}]},{\"@type\":\"ImageObject\",\"inLanguage\":\"de\",\"@id\":\"https:\\\/\\\/directberth.com\\\/de\\\/ein-liegeplatz-fuer-ihre-jacht-in-barcelona\\\/liegeplatz-fuer-eine-yacht-in-barcelona-verkaufen\\\/#primaryimage\",\"url\":\"https:\\\/\\\/directberth.com\\\/wp-content\\\/uploads\\\/2022\\\/09\\\/Henk-300x226.jpg\",\"contentUrl\":\"https:\\\/\\\/directberth.com\\\/wp-content\\\/uploads\\\/2022\\\/09\\\/Henk-300x226.jpg\"},{\"@type\":\"BreadcrumbList\",\"@id\":\"https:\\\/\\\/directberth.com\\\/de\\\/ein-liegeplatz-fuer-ihre-jacht-in-barcelona\\\/liegeplatz-fuer-eine-yacht-in-barcelona-verkaufen\\\/#breadcrumb\",\"itemListElement\":[{\"@type\":\"ListItem\",\"position\":1,\"name\":\"Home\",\"item\":\"https:\\\/\\\/directberth.com\\\/de\\\/startseite\\\/\"},{\"@type\":\"ListItem\",\"position\":2,\"name\":\"Ein Liegeplatz f\u00fcr Ihre Jacht in Barcelona\",\"item\":\"https:\\\/\\\/directberth.com\\\/de\\\/ein-liegeplatz-fuer-ihre-jacht-in-barcelona\\\/\"},{\"@type\":\"ListItem\",\"position\":3,\"name\":\"Liegeplatz f\u00fcr eine Yacht in Barcelona verkaufen\"}]},{\"@type\":\"WebSite\",\"@id\":\"https:\\\/\\\/directberth.com\\\/de\\\/#website\",\"url\":\"https:\\\/\\\/directberth.com\\\/de\\\/\",\"name\":\"Direct Berth\",\"description\":\"Suchen Sie das Boot Ihrer Tr\u00e4ume? Lengers Yachts ist offizieller H\u00e4ndler der Marken Sanlorenzo, Bluegame, Prestige Yachts und SACS f\u00fcr Nordeuropa!\",\"publisher\":{\"@id\":\"https:\\\/\\\/directberth.com\\\/de\\\/#organization\"},\"alternateName\":\"Direct Berth: The Berth Concierge\",\"potentialAction\":[{\"@type\":\"SearchAction\",\"target\":{\"@type\":\"EntryPoint\",\"urlTemplate\":\"https:\\\/\\\/directberth.com\\\/de\\\/?s={search_term_string}\"},\"query-input\":{\"@type\":\"PropertyValueSpecification\",\"valueRequired\":true,\"valueName\":\"search_term_string\"}}],\"inLanguage\":\"de\"},{\"@type\":\"Organization\",\"@id\":\"https:\\\/\\\/directberth.com\\\/de\\\/#organization\",\"name\":\"Direct Berth\",\"alternateName\":\"Direct Berth: The Berth Concierge\",\"url\":\"https:\\\/\\\/directberth.com\\\/de\\\/\",\"logo\":{\"@type\":\"ImageObject\",\"inLanguage\":\"de\",\"@id\":\"https:\\\/\\\/directberth.com\\\/de\\\/#\\\/schema\\\/logo\\\/image\\\/\",\"url\":\"https:\\\/\\\/directberth.com\\\/wp-content\\\/uploads\\\/2020\\\/11\\\/directberth-logo1.svg\",\"contentUrl\":\"https:\\\/\\\/directberth.com\\\/wp-content\\\/uploads\\\/2020\\\/11\\\/directberth-logo1.svg\",\"width\":1,\"height\":1,\"caption\":\"Direct Berth\"},\"image\":{\"@id\":\"https:\\\/\\\/directberth.com\\\/de\\\/#\\\/schema\\\/logo\\\/image\\\/\"},\"sameAs\":[\"https:\\\/\\\/www.facebook.com\\\/Berthbrokerage\",\"https:\\\/\\\/www.instagram.com\\\/Directberth\",\"https:\\\/\\\/nl.linkedin.com\\\/in\\\/direct-berth-brokerage-1410aa136\"]}]}<\/script>\n<!-- \/ Yoast SEO plugin. -->","yoast_head_json":{"title":"Liegeplatz f\u00fcr eine Yacht in Barcelona verkaufen","description":"Der Verkauf eines Yachtliegeplatzes in Barcelona kann komplex sein, aber mit den richtigen Schritten und der richtigen Vorbereitung k\u00f6nnen Sie den Verkauf Ihres Yachtliegeplatzes erfolgreich abwickeln.","robots":{"index":"index","follow":"follow","max-snippet":"max-snippet:-1","max-image-preview":"max-image-preview:large","max-video-preview":"max-video-preview:-1"},"canonical":"https:\/\/directberth.com\/de\/ein-liegeplatz-fuer-ihre-jacht-in-barcelona\/liegeplatz-fuer-eine-yacht-in-barcelona-verkaufen\/","og_locale":"de_DE","og_type":"article","og_title":"Liegeplatz f\u00fcr eine Yacht in Barcelona verkaufen","og_description":"Der Verkauf eines Yachtliegeplatzes in Barcelona kann komplex sein, aber mit den richtigen Schritten und der richtigen Vorbereitung k\u00f6nnen Sie den Verkauf Ihres Yachtliegeplatzes erfolgreich abwickeln.","og_url":"https:\/\/directberth.com\/de\/ein-liegeplatz-fuer-ihre-jacht-in-barcelona\/liegeplatz-fuer-eine-yacht-in-barcelona-verkaufen\/","og_site_name":"Lengers Yachts: Luxury Yacht H\u00e4ndler Europa","article_publisher":"https:\/\/www.facebook.com\/Berthbrokerage","og_image":[{"width":332,"height":250,"url":"https:\/\/directberth.com\/wp-content\/uploads\/2022\/09\/Henk.jpg","type":"image\/jpeg"}],"twitter_card":"summary_large_image","schema":{"@context":"https:\/\/schema.org","@graph":[{"@type":"WebPage","@id":"https:\/\/directberth.com\/de\/ein-liegeplatz-fuer-ihre-jacht-in-barcelona\/liegeplatz-fuer-eine-yacht-in-barcelona-verkaufen\/","url":"https:\/\/directberth.com\/de\/ein-liegeplatz-fuer-ihre-jacht-in-barcelona\/liegeplatz-fuer-eine-yacht-in-barcelona-verkaufen\/","name":"Liegeplatz f\u00fcr eine Yacht in Barcelona verkaufen","isPartOf":{"@id":"https:\/\/directberth.com\/de\/#website"},"primaryImageOfPage":{"@id":"https:\/\/directberth.com\/de\/ein-liegeplatz-fuer-ihre-jacht-in-barcelona\/liegeplatz-fuer-eine-yacht-in-barcelona-verkaufen\/#primaryimage"},"image":{"@id":"https:\/\/directberth.com\/de\/ein-liegeplatz-fuer-ihre-jacht-in-barcelona\/liegeplatz-fuer-eine-yacht-in-barcelona-verkaufen\/#primaryimage"},"thumbnailUrl":"https:\/\/directberth.com\/wp-content\/uploads\/2022\/09\/Henk-300x226.jpg","datePublished":"2026-02-27T10:37:39+00:00","description":"Der Verkauf eines Yachtliegeplatzes in Barcelona kann komplex sein, aber mit den richtigen Schritten und der richtigen Vorbereitung k\u00f6nnen Sie den Verkauf Ihres Yachtliegeplatzes erfolgreich abwickeln.","breadcrumb":{"@id":"https:\/\/directberth.com\/de\/ein-liegeplatz-fuer-ihre-jacht-in-barcelona\/liegeplatz-fuer-eine-yacht-in-barcelona-verkaufen\/#breadcrumb"},"inLanguage":"de","potentialAction":[{"@type":"ReadAction","target":["https:\/\/directberth.com\/de\/ein-liegeplatz-fuer-ihre-jacht-in-barcelona\/liegeplatz-fuer-eine-yacht-in-barcelona-verkaufen\/"]}]},{"@type":"ImageObject","inLanguage":"de","@id":"https:\/\/directberth.com\/de\/ein-liegeplatz-fuer-ihre-jacht-in-barcelona\/liegeplatz-fuer-eine-yacht-in-barcelona-verkaufen\/#primaryimage","url":"https:\/\/directberth.com\/wp-content\/uploads\/2022\/09\/Henk-300x226.jpg","contentUrl":"https:\/\/directberth.com\/wp-content\/uploads\/2022\/09\/Henk-300x226.jpg"},{"@type":"BreadcrumbList","@id":"https:\/\/directberth.com\/de\/ein-liegeplatz-fuer-ihre-jacht-in-barcelona\/liegeplatz-fuer-eine-yacht-in-barcelona-verkaufen\/#breadcrumb","itemListElement":[{"@type":"ListItem","position":1,"name":"Home","item":"https:\/\/directberth.com\/de\/startseite\/"},{"@type":"ListItem","position":2,"name":"Ein Liegeplatz f\u00fcr Ihre Jacht in Barcelona","item":"https:\/\/directberth.com\/de\/ein-liegeplatz-fuer-ihre-jacht-in-barcelona\/"},{"@type":"ListItem","position":3,"name":"Liegeplatz f\u00fcr eine Yacht in Barcelona verkaufen"}]},{"@type":"WebSite","@id":"https:\/\/directberth.com\/de\/#website","url":"https:\/\/directberth.com\/de\/","name":"Direct Berth","description":"Suchen Sie das Boot Ihrer Tr\u00e4ume? Lengers Yachts ist offizieller H\u00e4ndler der Marken Sanlorenzo, Bluegame, Prestige Yachts und SACS f\u00fcr Nordeuropa!","publisher":{"@id":"https:\/\/directberth.com\/de\/#organization"},"alternateName":"Direct Berth: The Berth Concierge","potentialAction":[{"@type":"SearchAction","target":{"@type":"EntryPoint","urlTemplate":"https:\/\/directberth.com\/de\/?s={search_term_string}"},"query-input":{"@type":"PropertyValueSpecification","valueRequired":true,"valueName":"search_term_string"}}],"inLanguage":"de"},{"@type":"Organization","@id":"https:\/\/directberth.com\/de\/#organization","name":"Direct Berth","alternateName":"Direct Berth: The Berth Concierge","url":"https:\/\/directberth.com\/de\/","logo":{"@type":"ImageObject","inLanguage":"de","@id":"https:\/\/directberth.com\/de\/#\/schema\/logo\/image\/","url":"https:\/\/directberth.com\/wp-content\/uploads\/2020\/11\/directberth-logo1.svg","contentUrl":"https:\/\/directberth.com\/wp-content\/uploads\/2020\/11\/directberth-logo1.svg","width":1,"height":1,"caption":"Direct Berth"},"image":{"@id":"https:\/\/directberth.com\/de\/#\/schema\/logo\/image\/"},"sameAs":["https:\/\/www.facebook.com\/Berthbrokerage","https:\/\/www.instagram.com\/Directberth","https:\/\/nl.linkedin.com\/in\/direct-berth-brokerage-1410aa136"]}]}},"_links":{"self":[{"href":"https:\/\/directberth.com\/de\/wp-json\/wp\/v2\/pages\/42485","targetHints":{"allow":["GET"]}}],"collection":[{"href":"https:\/\/directberth.com\/de\/wp-json\/wp\/v2\/pages"}],"about":[{"href":"https:\/\/directberth.com\/de\/wp-json\/wp\/v2\/types\/page"}],"author":[{"embeddable":true,"href":"https:\/\/directberth.com\/de\/wp-json\/wp\/v2\/users\/2"}],"replies":[{"embeddable":true,"href":"https:\/\/directberth.com\/de\/wp-json\/wp\/v2\/comments?post=42485"}],"version-history":[{"count":0,"href":"https:\/\/directberth.com\/de\/wp-json\/wp\/v2\/pages\/42485\/revisions"}],"up":[{"embeddable":true,"href":"https:\/\/directberth.com\/de\/wp-json\/wp\/v2\/pages\/42472"}],"wp:attachment":[{"href":"https:\/\/directberth.com\/de\/wp-json\/wp\/v2\/media?parent=42485"}],"curies":[{"name":"wp","href":"https:\/\/api.w.org\/{rel}","templated":true}]}}