{"id":42449,"date":"2026-02-27T11:37:14","date_gmt":"2026-02-27T10:37:14","guid":{"rendered":"https:\/\/directberth.com\/eigentum-finanzen\/"},"modified":"2026-02-27T13:10:44","modified_gmt":"2026-02-27T12:10:44","slug":"eigentum-finanzen","status":"publish","type":"page","link":"https:\/\/directberth.com\/de\/eigentum-finanzen\/","title":{"rendered":"Eigentum &amp; Finanzen"},"content":{"rendered":"<div class=\"col-xl-12 col-lg-12 col-md-12 col-sm-12 col-12 about-cont\">\n<p>Unser Concierge-Service arbeitet in einem exklusiven und komplexen Umfeld, das sich von Marina zu Marina und von Land zu Land unterscheidet. Liegepl\u00e4tze in Yachth\u00e4fen sind in der Regel langfristig gepachtet (mit der Option auf Verl\u00e4ngerung) und nicht direktes Eigentum. <\/p>\n<p>Sie zahlen einen Kaufbetrag, aber Sie besitzen das Grundst\u00fcck oder den Liegeplatz nicht. Der Betrag, den Sie zahlen, ist lediglich eine Vorausmiete oder ein &#8222;Nutzungsrecht f\u00fcr den Liegeplatz&#8220;, allerdings ohne Indexierungsprozentsatz, der im Laufe der kommenden Jahre anfallen wird. Nicht zu vergessen, dass Sie auch f\u00fcr die Instandhaltung des Hafens (Gemeinschaftsgeb\u00fchren), die Geb\u00fchren der K\u00f6rperschaft und die lokalen Steuern, die Schifffahrtssteuer oder die Leuchtturmgeb\u00fchren (staatliche Geb\u00fchren) aufkommen m\u00fcssen. <\/p>\n<\/div>\n","protected":false},"excerpt":{"rendered":"<p>Unser Concierge-Service arbeitet in einem exklusiven und komplexen Umfeld, das sich von Marina zu Marina und von Land zu Land unterscheidet. Liegepl\u00e4tze in Yachth\u00e4fen sind in der Regel langfristig gepachtet (mit der Option auf Verl\u00e4ngerung) und nicht direktes Eigentum. Sie zahlen einen Kaufbetrag, aber Sie besitzen das Grundst\u00fcck oder den Liegeplatz nicht. Der Betrag, den [&hellip;]<\/p>\n","protected":false},"author":1,"featured_media":42452,"parent":0,"menu_order":0,"comment_status":"closed","ping_status":"closed","template":"templates\/ownership-financial.php","meta":{"_acf_changed":false,"footnotes":""},"class_list":["post-42449","page","type-page","status-publish","has-post-thumbnail","hentry"],"acf":[],"yoast_head":"<!-- This site is optimized with the Yoast SEO plugin v27.3 - https:\/\/yoast.com\/product\/yoast-seo-wordpress\/ -->\n<title>Liegeplatzbesitz und Finanzangelegenheiten | Direct Berth<\/title>\n<meta name=\"description\" content=\"Wir von Direct Berth sorgen daf\u00fcr, dass alle erforderlichen finanziellen Angelegenheiten koordiniert und zur Zufriedenheit erledigt werden. Erfahren Sie hier mehr.\" \/>\n<meta name=\"robots\" content=\"index, follow, max-snippet:-1, max-image-preview:large, max-video-preview:-1\" \/>\n<link rel=\"canonical\" href=\"https:\/\/directberth.com\/de\/eigentum-finanzen\/\" \/>\n<meta property=\"og:locale\" content=\"de_DE\" \/>\n<meta property=\"og:type\" content=\"article\" \/>\n<meta property=\"og:title\" content=\"Liegeplatzbesitz und Finanzangelegenheiten | Direct Berth\" \/>\n<meta property=\"og:description\" content=\"Wir von Direct Berth sorgen daf\u00fcr, dass alle erforderlichen finanziellen Angelegenheiten koordiniert und zur Zufriedenheit erledigt werden. Erfahren Sie hier mehr.\" \/>\n<meta property=\"og:url\" content=\"https:\/\/directberth.com\/de\/eigentum-finanzen\/\" \/>\n<meta property=\"og:site_name\" content=\"Lengers Yachts: Luxury Yacht H\u00e4ndler Europa\" \/>\n<meta property=\"article:publisher\" content=\"https:\/\/www.facebook.com\/Berthbrokerage\" \/>\n<meta property=\"article:modified_time\" content=\"2026-02-27T12:10:44+00:00\" \/>\n<meta property=\"og:image\" content=\"https:\/\/directberth.com\/wp-content\/uploads\/2021\/02\/direct-berth-ownership-financial.jpg\" \/>\n\t<meta property=\"og:image:width\" content=\"1330\" \/>\n\t<meta property=\"og:image:height\" content=\"605\" \/>\n\t<meta property=\"og:image:type\" content=\"image\/jpeg\" \/>\n<meta name=\"twitter:card\" content=\"summary_large_image\" \/>\n<meta name=\"twitter:label1\" content=\"Gesch\u00e4tzte Lesezeit\" \/>\n\t<meta name=\"twitter:data1\" content=\"1\u00a0Minute\" \/>\n<script type=\"application\/ld+json\" class=\"yoast-schema-graph\">{\"@context\":\"https:\\\/\\\/schema.org\",\"@graph\":[{\"@type\":\"WebPage\",\"@id\":\"https:\\\/\\\/directberth.com\\\/de\\\/eigentum-finanzen\\\/\",\"url\":\"https:\\\/\\\/directberth.com\\\/de\\\/eigentum-finanzen\\\/\",\"name\":\"Liegeplatzbesitz und Finanzangelegenheiten | Direct Berth\",\"isPartOf\":{\"@id\":\"https:\\\/\\\/directberth.com\\\/de\\\/#website\"},\"primaryImageOfPage\":{\"@id\":\"https:\\\/\\\/directberth.com\\\/de\\\/eigentum-finanzen\\\/#primaryimage\"},\"image\":{\"@id\":\"https:\\\/\\\/directberth.com\\\/de\\\/eigentum-finanzen\\\/#primaryimage\"},\"thumbnailUrl\":\"https:\\\/\\\/directberth.com\\\/wp-content\\\/uploads\\\/2021\\\/02\\\/direct-berth-ownership-financial.jpg\",\"datePublished\":\"2026-02-27T10:37:14+00:00\",\"dateModified\":\"2026-02-27T12:10:44+00:00\",\"description\":\"Wir von Direct Berth sorgen daf\u00fcr, dass alle erforderlichen finanziellen Angelegenheiten koordiniert und zur Zufriedenheit erledigt werden. Erfahren Sie hier mehr.\",\"breadcrumb\":{\"@id\":\"https:\\\/\\\/directberth.com\\\/de\\\/eigentum-finanzen\\\/#breadcrumb\"},\"inLanguage\":\"de\",\"potentialAction\":[{\"@type\":\"ReadAction\",\"target\":[\"https:\\\/\\\/directberth.com\\\/de\\\/eigentum-finanzen\\\/\"]}]},{\"@type\":\"ImageObject\",\"inLanguage\":\"de\",\"@id\":\"https:\\\/\\\/directberth.com\\\/de\\\/eigentum-finanzen\\\/#primaryimage\",\"url\":\"https:\\\/\\\/directberth.com\\\/wp-content\\\/uploads\\\/2021\\\/02\\\/direct-berth-ownership-financial.jpg\",\"contentUrl\":\"https:\\\/\\\/directberth.com\\\/wp-content\\\/uploads\\\/2021\\\/02\\\/direct-berth-ownership-financial.jpg\",\"width\":1330,\"height\":605,\"caption\":\"Luftaufnahme eines luxuri\u00f6sen Yachthafens mit Yachten und Grundst\u00fccken am Wasser bei Sonnenuntergang, die die M\u00f6glichkeiten des direkten Liegeplatzbesitzes veranschaulicht.\"},{\"@type\":\"BreadcrumbList\",\"@id\":\"https:\\\/\\\/directberth.com\\\/de\\\/eigentum-finanzen\\\/#breadcrumb\",\"itemListElement\":[{\"@type\":\"ListItem\",\"position\":1,\"name\":\"Home\",\"item\":\"https:\\\/\\\/directberth.com\\\/de\\\/startseite\\\/\"},{\"@type\":\"ListItem\",\"position\":2,\"name\":\"Eigentum &amp; Finanzen\"}]},{\"@type\":\"WebSite\",\"@id\":\"https:\\\/\\\/directberth.com\\\/de\\\/#website\",\"url\":\"https:\\\/\\\/directberth.com\\\/de\\\/\",\"name\":\"Direct Berth\",\"description\":\"Suchen Sie das Boot Ihrer Tr\u00e4ume? Lengers Yachts ist offizieller H\u00e4ndler der Marken Sanlorenzo, Bluegame, Prestige Yachts und SACS f\u00fcr Nordeuropa!\",\"publisher\":{\"@id\":\"https:\\\/\\\/directberth.com\\\/de\\\/#organization\"},\"alternateName\":\"Direct Berth: The Berth Concierge\",\"potentialAction\":[{\"@type\":\"SearchAction\",\"target\":{\"@type\":\"EntryPoint\",\"urlTemplate\":\"https:\\\/\\\/directberth.com\\\/de\\\/?s={search_term_string}\"},\"query-input\":{\"@type\":\"PropertyValueSpecification\",\"valueRequired\":true,\"valueName\":\"search_term_string\"}}],\"inLanguage\":\"de\"},{\"@type\":\"Organization\",\"@id\":\"https:\\\/\\\/directberth.com\\\/de\\\/#organization\",\"name\":\"Direct Berth\",\"alternateName\":\"Direct Berth: The Berth Concierge\",\"url\":\"https:\\\/\\\/directberth.com\\\/de\\\/\",\"logo\":{\"@type\":\"ImageObject\",\"inLanguage\":\"de\",\"@id\":\"https:\\\/\\\/directberth.com\\\/de\\\/#\\\/schema\\\/logo\\\/image\\\/\",\"url\":\"https:\\\/\\\/directberth.com\\\/wp-content\\\/uploads\\\/2020\\\/11\\\/directberth-logo1.svg\",\"contentUrl\":\"https:\\\/\\\/directberth.com\\\/wp-content\\\/uploads\\\/2020\\\/11\\\/directberth-logo1.svg\",\"width\":1,\"height\":1,\"caption\":\"Direct Berth\"},\"image\":{\"@id\":\"https:\\\/\\\/directberth.com\\\/de\\\/#\\\/schema\\\/logo\\\/image\\\/\"},\"sameAs\":[\"https:\\\/\\\/www.facebook.com\\\/Berthbrokerage\",\"https:\\\/\\\/www.instagram.com\\\/Directberth\",\"https:\\\/\\\/nl.linkedin.com\\\/in\\\/direct-berth-brokerage-1410aa136\"]}]}<\/script>\n<!-- \/ Yoast SEO plugin. -->","yoast_head_json":{"title":"Liegeplatzbesitz und Finanzangelegenheiten | Direct Berth","description":"Wir von Direct Berth sorgen daf\u00fcr, dass alle erforderlichen finanziellen Angelegenheiten koordiniert und zur Zufriedenheit erledigt werden. Erfahren Sie hier mehr.","robots":{"index":"index","follow":"follow","max-snippet":"max-snippet:-1","max-image-preview":"max-image-preview:large","max-video-preview":"max-video-preview:-1"},"canonical":"https:\/\/directberth.com\/de\/eigentum-finanzen\/","og_locale":"de_DE","og_type":"article","og_title":"Liegeplatzbesitz und Finanzangelegenheiten | Direct Berth","og_description":"Wir von Direct Berth sorgen daf\u00fcr, dass alle erforderlichen finanziellen Angelegenheiten koordiniert und zur Zufriedenheit erledigt werden. Erfahren Sie hier mehr.","og_url":"https:\/\/directberth.com\/de\/eigentum-finanzen\/","og_site_name":"Lengers Yachts: Luxury Yacht H\u00e4ndler Europa","article_publisher":"https:\/\/www.facebook.com\/Berthbrokerage","article_modified_time":"2026-02-27T12:10:44+00:00","og_image":[{"width":1330,"height":605,"url":"https:\/\/directberth.com\/wp-content\/uploads\/2021\/02\/direct-berth-ownership-financial.jpg","type":"image\/jpeg"}],"twitter_card":"summary_large_image","twitter_misc":{"Gesch\u00e4tzte Lesezeit":"1\u00a0Minute"},"schema":{"@context":"https:\/\/schema.org","@graph":[{"@type":"WebPage","@id":"https:\/\/directberth.com\/de\/eigentum-finanzen\/","url":"https:\/\/directberth.com\/de\/eigentum-finanzen\/","name":"Liegeplatzbesitz und Finanzangelegenheiten | Direct Berth","isPartOf":{"@id":"https:\/\/directberth.com\/de\/#website"},"primaryImageOfPage":{"@id":"https:\/\/directberth.com\/de\/eigentum-finanzen\/#primaryimage"},"image":{"@id":"https:\/\/directberth.com\/de\/eigentum-finanzen\/#primaryimage"},"thumbnailUrl":"https:\/\/directberth.com\/wp-content\/uploads\/2021\/02\/direct-berth-ownership-financial.jpg","datePublished":"2026-02-27T10:37:14+00:00","dateModified":"2026-02-27T12:10:44+00:00","description":"Wir von Direct Berth sorgen daf\u00fcr, dass alle erforderlichen finanziellen Angelegenheiten koordiniert und zur Zufriedenheit erledigt werden. Erfahren Sie hier mehr.","breadcrumb":{"@id":"https:\/\/directberth.com\/de\/eigentum-finanzen\/#breadcrumb"},"inLanguage":"de","potentialAction":[{"@type":"ReadAction","target":["https:\/\/directberth.com\/de\/eigentum-finanzen\/"]}]},{"@type":"ImageObject","inLanguage":"de","@id":"https:\/\/directberth.com\/de\/eigentum-finanzen\/#primaryimage","url":"https:\/\/directberth.com\/wp-content\/uploads\/2021\/02\/direct-berth-ownership-financial.jpg","contentUrl":"https:\/\/directberth.com\/wp-content\/uploads\/2021\/02\/direct-berth-ownership-financial.jpg","width":1330,"height":605,"caption":"Luftaufnahme eines luxuri\u00f6sen Yachthafens mit Yachten und Grundst\u00fccken am Wasser bei Sonnenuntergang, die die M\u00f6glichkeiten des direkten Liegeplatzbesitzes veranschaulicht."},{"@type":"BreadcrumbList","@id":"https:\/\/directberth.com\/de\/eigentum-finanzen\/#breadcrumb","itemListElement":[{"@type":"ListItem","position":1,"name":"Home","item":"https:\/\/directberth.com\/de\/startseite\/"},{"@type":"ListItem","position":2,"name":"Eigentum &amp; Finanzen"}]},{"@type":"WebSite","@id":"https:\/\/directberth.com\/de\/#website","url":"https:\/\/directberth.com\/de\/","name":"Direct Berth","description":"Suchen Sie das Boot Ihrer Tr\u00e4ume? Lengers Yachts ist offizieller H\u00e4ndler der Marken Sanlorenzo, Bluegame, Prestige Yachts und SACS f\u00fcr Nordeuropa!","publisher":{"@id":"https:\/\/directberth.com\/de\/#organization"},"alternateName":"Direct Berth: The Berth Concierge","potentialAction":[{"@type":"SearchAction","target":{"@type":"EntryPoint","urlTemplate":"https:\/\/directberth.com\/de\/?s={search_term_string}"},"query-input":{"@type":"PropertyValueSpecification","valueRequired":true,"valueName":"search_term_string"}}],"inLanguage":"de"},{"@type":"Organization","@id":"https:\/\/directberth.com\/de\/#organization","name":"Direct Berth","alternateName":"Direct Berth: The Berth Concierge","url":"https:\/\/directberth.com\/de\/","logo":{"@type":"ImageObject","inLanguage":"de","@id":"https:\/\/directberth.com\/de\/#\/schema\/logo\/image\/","url":"https:\/\/directberth.com\/wp-content\/uploads\/2020\/11\/directberth-logo1.svg","contentUrl":"https:\/\/directberth.com\/wp-content\/uploads\/2020\/11\/directberth-logo1.svg","width":1,"height":1,"caption":"Direct Berth"},"image":{"@id":"https:\/\/directberth.com\/de\/#\/schema\/logo\/image\/"},"sameAs":["https:\/\/www.facebook.com\/Berthbrokerage","https:\/\/www.instagram.com\/Directberth","https:\/\/nl.linkedin.com\/in\/direct-berth-brokerage-1410aa136"]}]}},"_links":{"self":[{"href":"https:\/\/directberth.com\/de\/wp-json\/wp\/v2\/pages\/42449","targetHints":{"allow":["GET"]}}],"collection":[{"href":"https:\/\/directberth.com\/de\/wp-json\/wp\/v2\/pages"}],"about":[{"href":"https:\/\/directberth.com\/de\/wp-json\/wp\/v2\/types\/page"}],"author":[{"embeddable":true,"href":"https:\/\/directberth.com\/de\/wp-json\/wp\/v2\/users\/1"}],"replies":[{"embeddable":true,"href":"https:\/\/directberth.com\/de\/wp-json\/wp\/v2\/comments?post=42449"}],"version-history":[{"count":1,"href":"https:\/\/directberth.com\/de\/wp-json\/wp\/v2\/pages\/42449\/revisions"}],"predecessor-version":[{"id":42488,"href":"https:\/\/directberth.com\/de\/wp-json\/wp\/v2\/pages\/42449\/revisions\/42488"}],"wp:featuredmedia":[{"embeddable":true,"href":"https:\/\/directberth.com\/de\/wp-json\/wp\/v2\/media\/42452"}],"wp:attachment":[{"href":"https:\/\/directberth.com\/de\/wp-json\/wp\/v2\/media?parent=42449"}],"curies":[{"name":"wp","href":"https:\/\/api.w.org\/{rel}","templated":true}]}}