{"id":42448,"date":"2026-02-27T11:37:14","date_gmt":"2026-02-27T10:37:14","guid":{"rendered":"https:\/\/directberth.com\/haefen-in-barcelona\/"},"modified":"2026-02-27T11:37:14","modified_gmt":"2026-02-27T10:37:14","slug":"haefen-in-barcelona","status":"publish","type":"page","link":"https:\/\/directberth.com\/de\/haefen-in-barcelona\/","title":{"rendered":"H\u00e4fen in Barcelona"},"content":{"rendered":"<h2>BERTH BROKER<\/h2>\n<p><span style=\"color: #c5a981;\"><strong>HENK E. VAN EGMOND<br \/>\n<img loading=\"lazy\" decoding=\"async\" class=\"alignnone wp-image-37647 size-medium\" src=\"https:\/\/directberth.com\/wp-content\/uploads\/2022\/09\/Henk-300x226.jpg\" alt=\"Henk Der Liegeplatzvermittler\" width=\"300\" height=\"226\" srcset=\"https:\/\/directberth.com\/wp-content\/uploads\/2022\/09\/Henk-300x226.jpg 300w, https:\/\/directberth.com\/wp-content\/uploads\/2022\/09\/Henk.jpg 332w\" sizes=\"auto, (max-width: 300px) 100vw, 300px\" \/><\/strong><\/span><\/p>\n<p style=\"font-size: 13px;\"><img loading=\"lazy\" decoding=\"async\" class=\"alignleft wp-image-35744 size-medium\" src=\"https:\/\/directberth.com\/wp-content\/uploads\/2020\/11\/Telefoon.svg\" alt=\"Telefon-Symbol\" width=\"31\" height=\"31\"><a href=\"tel:+31%206%2053%2034%2065%2026\">+31 6 53 34 65 26<\/a><\/p>\n<p style=\"font-size: 13px;\"><img loading=\"lazy\" decoding=\"async\" class=\"alignleft wp-image-35746 size-medium\" src=\"https:\/\/directberth.com\/wp-content\/uploads\/2020\/11\/Mail.svg\" alt=\"E-Mail-Symbol\" width=\"31\" height=\"31\"><a href=\"mailto:H.VANEGMOND@DIRECTBERTH.COM\">H.VANEGMOND@DIRECTBERTH.COM<\/a><\/p>\n<p>&nbsp;<\/p>\n<p><span style=\"color: #c5a981;\"><strong>WARUM BEI UNS BUCHEN?<\/strong><\/span><\/p>\n<p style=\"font-size: 13px;\"><img loading=\"lazy\" decoding=\"async\" class=\"alignleft size-medium wp-image-35746\" src=\"https:\/\/directberth.com\/wp-content\/uploads\/2020\/11\/Raam.svg\" alt=\"Fenster-Symbol\" width=\"31\" height=\"31\">VERTRAUEN &amp; TRANSPARENZ<\/p>\n<p style=\"font-size: 13px;\"><img loading=\"lazy\" decoding=\"async\" class=\"alignleft size-medium wp-image-35746\" src=\"https:\/\/directberth.com\/wp-content\/uploads\/2020\/11\/Touw.svg\" alt=\"Seil-Symbol\" width=\"31\" height=\"31\">DAS BESTE GESCH\u00c4FT ABSCHLIESSEN<\/p>\n<p style=\"font-size: 13px;\"><img loading=\"lazy\" decoding=\"async\" class=\"alignleft size-medium wp-image-35746\" src=\"https:\/\/directberth.com\/wp-content\/uploads\/2020\/11\/Matroos.svg\" alt=\"Seemanns-Ikone\" width=\"31\" height=\"31\">UMFANGREICHES WISSEN<\/p>\n<p style=\"font-size: 13px;\"><img loading=\"lazy\" decoding=\"async\" class=\"alignleft size-medium wp-image-35746\" src=\"https:\/\/directberth.com\/wp-content\/uploads\/2020\/11\/Kompass.svg\" alt=\"Kompass-Symbol\" width=\"31\" height=\"31\">EXKLUSIVER &amp; PERS\u00d6NLICHER SERVICE<\/p>\n<p style=\"font-size: 13px;\"><img loading=\"lazy\" decoding=\"async\" class=\"alignleft size-medium wp-image-35746\" src=\"https:\/\/directberth.com\/wp-content\/uploads\/2020\/11\/Bel.svg\" alt=\"Glocken-Symbol\" width=\"31\" height=\"31\">IHR ONE-CALL-SERVICE<\/p>\n","protected":false},"excerpt":{"rendered":"<p>BERTH BROKER HENK E. VAN EGMOND +31 6 53 34 65 26 H.VANEGMOND@DIRECTBERTH.COM &nbsp; WARUM BEI UNS BUCHEN? VERTRAUEN &amp; TRANSPARENZ DAS BESTE GESCH\u00c4FT ABSCHLIESSEN UMFANGREICHES WISSEN EXKLUSIVER &amp; PERS\u00d6NLICHER SERVICE IHR ONE-CALL-SERVICE<\/p>\n","protected":false},"author":1,"featured_media":41742,"parent":0,"menu_order":0,"comment_status":"closed","ping_status":"closed","template":"templates\/landingspage.php","meta":{"_acf_changed":false,"footnotes":""},"class_list":["post-42448","page","type-page","status-publish","has-post-thumbnail","hentry"],"acf":[],"yoast_head":"<!-- This site is optimized with the Yoast SEO plugin v27.3 - https:\/\/yoast.com\/product\/yoast-seo-wordpress\/ -->\n<title>H\u00e4fen in Barcelona |<\/title>\n<meta name=\"description\" content=\"Wenn Sie einen Liegeplatz f\u00fcr Ihre Yacht suchen, ist Barcelona der richtige Ort f\u00fcr Sie. Eine pulsierende Stadt direkt am Meer. Sehen Sie sich die Yachth\u00e4fen in Barcelona an.\" \/>\n<meta name=\"robots\" content=\"index, follow, max-snippet:-1, max-image-preview:large, max-video-preview:-1\" \/>\n<link rel=\"canonical\" href=\"https:\/\/directberth.com\/de\/haefen-in-barcelona\/\" \/>\n<meta property=\"og:locale\" content=\"de_DE\" \/>\n<meta property=\"og:type\" content=\"article\" \/>\n<meta property=\"og:title\" content=\"H\u00e4fen in Barcelona |\" \/>\n<meta property=\"og:description\" content=\"Wenn Sie einen Liegeplatz f\u00fcr Ihre Yacht suchen, ist Barcelona der richtige Ort f\u00fcr Sie. Eine pulsierende Stadt direkt am Meer. Sehen Sie sich die Yachth\u00e4fen in Barcelona an.\" \/>\n<meta property=\"og:url\" content=\"https:\/\/directberth.com\/de\/haefen-in-barcelona\/\" \/>\n<meta property=\"og:site_name\" content=\"Lengers Yachts: Luxury Yacht H\u00e4ndler Europa\" \/>\n<meta property=\"article:publisher\" content=\"https:\/\/www.facebook.com\/Berthbrokerage\" \/>\n<meta property=\"og:image\" content=\"https:\/\/directberth.com\/wp-content\/uploads\/2021\/02\/Port-Vell2020.jpg\" \/>\n\t<meta property=\"og:image:width\" content=\"2048\" \/>\n\t<meta property=\"og:image:height\" content=\"1365\" \/>\n\t<meta property=\"og:image:type\" content=\"image\/jpeg\" \/>\n<meta name=\"twitter:card\" content=\"summary_large_image\" \/>\n<script type=\"application\/ld+json\" class=\"yoast-schema-graph\">{\"@context\":\"https:\\\/\\\/schema.org\",\"@graph\":[{\"@type\":\"WebPage\",\"@id\":\"https:\\\/\\\/directberth.com\\\/de\\\/haefen-in-barcelona\\\/\",\"url\":\"https:\\\/\\\/directberth.com\\\/de\\\/haefen-in-barcelona\\\/\",\"name\":\"H\u00e4fen in Barcelona |\",\"isPartOf\":{\"@id\":\"https:\\\/\\\/directberth.com\\\/de\\\/#website\"},\"primaryImageOfPage\":{\"@id\":\"https:\\\/\\\/directberth.com\\\/de\\\/haefen-in-barcelona\\\/#primaryimage\"},\"image\":{\"@id\":\"https:\\\/\\\/directberth.com\\\/de\\\/haefen-in-barcelona\\\/#primaryimage\"},\"thumbnailUrl\":\"https:\\\/\\\/directberth.com\\\/wp-content\\\/uploads\\\/2021\\\/02\\\/Port-Vell2020.jpg\",\"datePublished\":\"2026-02-27T10:37:14+00:00\",\"description\":\"Wenn Sie einen Liegeplatz f\u00fcr Ihre Yacht suchen, ist Barcelona der richtige Ort f\u00fcr Sie. Eine pulsierende Stadt direkt am Meer. Sehen Sie sich die Yachth\u00e4fen in Barcelona an.\",\"breadcrumb\":{\"@id\":\"https:\\\/\\\/directberth.com\\\/de\\\/haefen-in-barcelona\\\/#breadcrumb\"},\"inLanguage\":\"de\",\"potentialAction\":[{\"@type\":\"ReadAction\",\"target\":[\"https:\\\/\\\/directberth.com\\\/de\\\/haefen-in-barcelona\\\/\"]}]},{\"@type\":\"ImageObject\",\"inLanguage\":\"de\",\"@id\":\"https:\\\/\\\/directberth.com\\\/de\\\/haefen-in-barcelona\\\/#primaryimage\",\"url\":\"https:\\\/\\\/directberth.com\\\/wp-content\\\/uploads\\\/2021\\\/02\\\/Port-Vell2020.jpg\",\"contentUrl\":\"https:\\\/\\\/directberth.com\\\/wp-content\\\/uploads\\\/2021\\\/02\\\/Port-Vell2020.jpg\",\"width\":2048,\"height\":1365,\"caption\":\"Luftaufnahme des Yachthafens Port Vell in Barcelona, der mit Yachten gef\u00fcllt und von st\u00e4dtischen Geb\u00e4uden umgeben ist.\"},{\"@type\":\"BreadcrumbList\",\"@id\":\"https:\\\/\\\/directberth.com\\\/de\\\/haefen-in-barcelona\\\/#breadcrumb\",\"itemListElement\":[{\"@type\":\"ListItem\",\"position\":1,\"name\":\"Home\",\"item\":\"https:\\\/\\\/directberth.com\\\/de\\\/startseite\\\/\"},{\"@type\":\"ListItem\",\"position\":2,\"name\":\"H\u00e4fen in Barcelona\"}]},{\"@type\":\"WebSite\",\"@id\":\"https:\\\/\\\/directberth.com\\\/de\\\/#website\",\"url\":\"https:\\\/\\\/directberth.com\\\/de\\\/\",\"name\":\"Direct Berth\",\"description\":\"Suchen Sie das Boot Ihrer Tr\u00e4ume? Lengers Yachts ist offizieller H\u00e4ndler der Marken Sanlorenzo, Bluegame, Prestige Yachts und SACS f\u00fcr Nordeuropa!\",\"publisher\":{\"@id\":\"https:\\\/\\\/directberth.com\\\/de\\\/#organization\"},\"alternateName\":\"Direct Berth: The Berth Concierge\",\"potentialAction\":[{\"@type\":\"SearchAction\",\"target\":{\"@type\":\"EntryPoint\",\"urlTemplate\":\"https:\\\/\\\/directberth.com\\\/de\\\/?s={search_term_string}\"},\"query-input\":{\"@type\":\"PropertyValueSpecification\",\"valueRequired\":true,\"valueName\":\"search_term_string\"}}],\"inLanguage\":\"de\"},{\"@type\":\"Organization\",\"@id\":\"https:\\\/\\\/directberth.com\\\/de\\\/#organization\",\"name\":\"Direct Berth\",\"alternateName\":\"Direct Berth: The Berth Concierge\",\"url\":\"https:\\\/\\\/directberth.com\\\/de\\\/\",\"logo\":{\"@type\":\"ImageObject\",\"inLanguage\":\"de\",\"@id\":\"https:\\\/\\\/directberth.com\\\/de\\\/#\\\/schema\\\/logo\\\/image\\\/\",\"url\":\"https:\\\/\\\/directberth.com\\\/wp-content\\\/uploads\\\/2020\\\/11\\\/directberth-logo1.svg\",\"contentUrl\":\"https:\\\/\\\/directberth.com\\\/wp-content\\\/uploads\\\/2020\\\/11\\\/directberth-logo1.svg\",\"width\":1,\"height\":1,\"caption\":\"Direct Berth\"},\"image\":{\"@id\":\"https:\\\/\\\/directberth.com\\\/de\\\/#\\\/schema\\\/logo\\\/image\\\/\"},\"sameAs\":[\"https:\\\/\\\/www.facebook.com\\\/Berthbrokerage\",\"https:\\\/\\\/www.instagram.com\\\/Directberth\",\"https:\\\/\\\/nl.linkedin.com\\\/in\\\/direct-berth-brokerage-1410aa136\"]}]}<\/script>\n<!-- \/ Yoast SEO plugin. -->","yoast_head_json":{"title":"H\u00e4fen in Barcelona |","description":"Wenn Sie einen Liegeplatz f\u00fcr Ihre Yacht suchen, ist Barcelona der richtige Ort f\u00fcr Sie. Eine pulsierende Stadt direkt am Meer. Sehen Sie sich die Yachth\u00e4fen in Barcelona an.","robots":{"index":"index","follow":"follow","max-snippet":"max-snippet:-1","max-image-preview":"max-image-preview:large","max-video-preview":"max-video-preview:-1"},"canonical":"https:\/\/directberth.com\/de\/haefen-in-barcelona\/","og_locale":"de_DE","og_type":"article","og_title":"H\u00e4fen in Barcelona |","og_description":"Wenn Sie einen Liegeplatz f\u00fcr Ihre Yacht suchen, ist Barcelona der richtige Ort f\u00fcr Sie. Eine pulsierende Stadt direkt am Meer. Sehen Sie sich die Yachth\u00e4fen in Barcelona an.","og_url":"https:\/\/directberth.com\/de\/haefen-in-barcelona\/","og_site_name":"Lengers Yachts: Luxury Yacht H\u00e4ndler Europa","article_publisher":"https:\/\/www.facebook.com\/Berthbrokerage","og_image":[{"width":2048,"height":1365,"url":"https:\/\/directberth.com\/wp-content\/uploads\/2021\/02\/Port-Vell2020.jpg","type":"image\/jpeg"}],"twitter_card":"summary_large_image","schema":{"@context":"https:\/\/schema.org","@graph":[{"@type":"WebPage","@id":"https:\/\/directberth.com\/de\/haefen-in-barcelona\/","url":"https:\/\/directberth.com\/de\/haefen-in-barcelona\/","name":"H\u00e4fen in Barcelona |","isPartOf":{"@id":"https:\/\/directberth.com\/de\/#website"},"primaryImageOfPage":{"@id":"https:\/\/directberth.com\/de\/haefen-in-barcelona\/#primaryimage"},"image":{"@id":"https:\/\/directberth.com\/de\/haefen-in-barcelona\/#primaryimage"},"thumbnailUrl":"https:\/\/directberth.com\/wp-content\/uploads\/2021\/02\/Port-Vell2020.jpg","datePublished":"2026-02-27T10:37:14+00:00","description":"Wenn Sie einen Liegeplatz f\u00fcr Ihre Yacht suchen, ist Barcelona der richtige Ort f\u00fcr Sie. Eine pulsierende Stadt direkt am Meer. Sehen Sie sich die Yachth\u00e4fen in Barcelona an.","breadcrumb":{"@id":"https:\/\/directberth.com\/de\/haefen-in-barcelona\/#breadcrumb"},"inLanguage":"de","potentialAction":[{"@type":"ReadAction","target":["https:\/\/directberth.com\/de\/haefen-in-barcelona\/"]}]},{"@type":"ImageObject","inLanguage":"de","@id":"https:\/\/directberth.com\/de\/haefen-in-barcelona\/#primaryimage","url":"https:\/\/directberth.com\/wp-content\/uploads\/2021\/02\/Port-Vell2020.jpg","contentUrl":"https:\/\/directberth.com\/wp-content\/uploads\/2021\/02\/Port-Vell2020.jpg","width":2048,"height":1365,"caption":"Luftaufnahme des Yachthafens Port Vell in Barcelona, der mit Yachten gef\u00fcllt und von st\u00e4dtischen Geb\u00e4uden umgeben ist."},{"@type":"BreadcrumbList","@id":"https:\/\/directberth.com\/de\/haefen-in-barcelona\/#breadcrumb","itemListElement":[{"@type":"ListItem","position":1,"name":"Home","item":"https:\/\/directberth.com\/de\/startseite\/"},{"@type":"ListItem","position":2,"name":"H\u00e4fen in Barcelona"}]},{"@type":"WebSite","@id":"https:\/\/directberth.com\/de\/#website","url":"https:\/\/directberth.com\/de\/","name":"Direct Berth","description":"Suchen Sie das Boot Ihrer Tr\u00e4ume? Lengers Yachts ist offizieller H\u00e4ndler der Marken Sanlorenzo, Bluegame, Prestige Yachts und SACS f\u00fcr Nordeuropa!","publisher":{"@id":"https:\/\/directberth.com\/de\/#organization"},"alternateName":"Direct Berth: The Berth Concierge","potentialAction":[{"@type":"SearchAction","target":{"@type":"EntryPoint","urlTemplate":"https:\/\/directberth.com\/de\/?s={search_term_string}"},"query-input":{"@type":"PropertyValueSpecification","valueRequired":true,"valueName":"search_term_string"}}],"inLanguage":"de"},{"@type":"Organization","@id":"https:\/\/directberth.com\/de\/#organization","name":"Direct Berth","alternateName":"Direct Berth: The Berth Concierge","url":"https:\/\/directberth.com\/de\/","logo":{"@type":"ImageObject","inLanguage":"de","@id":"https:\/\/directberth.com\/de\/#\/schema\/logo\/image\/","url":"https:\/\/directberth.com\/wp-content\/uploads\/2020\/11\/directberth-logo1.svg","contentUrl":"https:\/\/directberth.com\/wp-content\/uploads\/2020\/11\/directberth-logo1.svg","width":1,"height":1,"caption":"Direct Berth"},"image":{"@id":"https:\/\/directberth.com\/de\/#\/schema\/logo\/image\/"},"sameAs":["https:\/\/www.facebook.com\/Berthbrokerage","https:\/\/www.instagram.com\/Directberth","https:\/\/nl.linkedin.com\/in\/direct-berth-brokerage-1410aa136"]}]}},"_links":{"self":[{"href":"https:\/\/directberth.com\/de\/wp-json\/wp\/v2\/pages\/42448","targetHints":{"allow":["GET"]}}],"collection":[{"href":"https:\/\/directberth.com\/de\/wp-json\/wp\/v2\/pages"}],"about":[{"href":"https:\/\/directberth.com\/de\/wp-json\/wp\/v2\/types\/page"}],"author":[{"embeddable":true,"href":"https:\/\/directberth.com\/de\/wp-json\/wp\/v2\/users\/1"}],"replies":[{"embeddable":true,"href":"https:\/\/directberth.com\/de\/wp-json\/wp\/v2\/comments?post=42448"}],"version-history":[{"count":0,"href":"https:\/\/directberth.com\/de\/wp-json\/wp\/v2\/pages\/42448\/revisions"}],"wp:featuredmedia":[{"embeddable":true,"href":"https:\/\/directberth.com\/de\/wp-json\/wp\/v2\/media\/41742"}],"wp:attachment":[{"href":"https:\/\/directberth.com\/de\/wp-json\/wp\/v2\/media?parent=42448"}],"curies":[{"name":"wp","href":"https:\/\/api.w.org\/{rel}","templated":true}]}}