{"id":42446,"date":"2026-02-27T11:37:14","date_gmt":"2026-02-27T10:37:14","guid":{"rendered":"https:\/\/directberth.com\/ausgewaehlte-yachthaefen\/"},"modified":"2026-02-27T11:37:14","modified_gmt":"2026-02-27T10:37:14","slug":"ausgewaehlte-yachthaefen","status":"publish","type":"page","link":"https:\/\/directberth.com\/de\/ausgewaehlte-yachthaefen\/","title":{"rendered":"Ausgew\u00e4hlte Yachth\u00e4fen"},"content":{"rendered":"","protected":false},"excerpt":{"rendered":"","protected":false},"author":1,"featured_media":42343,"parent":0,"menu_order":0,"comment_status":"closed","ping_status":"closed","template":"templates\/marinas.php","meta":{"_acf_changed":false,"footnotes":""},"class_list":["post-42446","page","type-page","status-publish","has-post-thumbnail","hentry"],"acf":[],"yoast_head":"<!-- This site is optimized with the Yoast SEO plugin v27.3 - https:\/\/yoast.com\/product\/yoast-seo-wordpress\/ -->\n<title>Sehen Sie unsere Auswahl an Premium Marinas | Direct Berth<\/title>\n<meta name=\"description\" content=\"Wir haben eine Auswahl an erstklassigen Yachth\u00e4fen auf der ganzen Welt. Entscheiden Sie sich f\u00fcr Yas Marina in Abu Dhabi oder vielleicht f\u00fcr Marina Ibiza? Finden Sie mehr heraus!\" \/>\n<meta name=\"robots\" content=\"index, follow, max-snippet:-1, max-image-preview:large, max-video-preview:-1\" \/>\n<link rel=\"canonical\" href=\"https:\/\/directberth.com\/de\/ausgewaehlte-yachthaefen\/\" \/>\n<meta property=\"og:locale\" content=\"de_DE\" \/>\n<meta property=\"og:type\" content=\"article\" \/>\n<meta property=\"og:title\" content=\"Sehen Sie unsere Auswahl an Premium Marinas | Direct Berth\" \/>\n<meta property=\"og:description\" content=\"Wir haben eine Auswahl an erstklassigen Yachth\u00e4fen auf der ganzen Welt. Entscheiden Sie sich f\u00fcr Yas Marina in Abu Dhabi oder vielleicht f\u00fcr Marina Ibiza? Finden Sie mehr heraus!\" \/>\n<meta property=\"og:url\" content=\"https:\/\/directberth.com\/de\/ausgewaehlte-yachthaefen\/\" \/>\n<meta property=\"og:site_name\" content=\"Lengers Yachts: Luxury Yacht H\u00e4ndler Europa\" \/>\n<meta property=\"article:publisher\" content=\"https:\/\/www.facebook.com\/Berthbrokerage\" \/>\n<meta property=\"og:image\" content=\"https:\/\/directberth.com\/wp-content\/uploads\/2020\/12\/2893308377420177efcf4o-scaled.jpg\" \/>\n\t<meta property=\"og:image:width\" content=\"2560\" \/>\n\t<meta property=\"og:image:height\" content=\"1438\" \/>\n\t<meta property=\"og:image:type\" content=\"image\/jpeg\" \/>\n<meta name=\"twitter:card\" content=\"summary_large_image\" \/>\n<script type=\"application\/ld+json\" class=\"yoast-schema-graph\">{\"@context\":\"https:\\\/\\\/schema.org\",\"@graph\":[{\"@type\":\"WebPage\",\"@id\":\"https:\\\/\\\/directberth.com\\\/de\\\/ausgewaehlte-yachthaefen\\\/\",\"url\":\"https:\\\/\\\/directberth.com\\\/de\\\/ausgewaehlte-yachthaefen\\\/\",\"name\":\"Sehen Sie unsere Auswahl an Premium Marinas | Direct Berth\",\"isPartOf\":{\"@id\":\"https:\\\/\\\/directberth.com\\\/de\\\/#website\"},\"primaryImageOfPage\":{\"@id\":\"https:\\\/\\\/directberth.com\\\/de\\\/ausgewaehlte-yachthaefen\\\/#primaryimage\"},\"image\":{\"@id\":\"https:\\\/\\\/directberth.com\\\/de\\\/ausgewaehlte-yachthaefen\\\/#primaryimage\"},\"thumbnailUrl\":\"https:\\\/\\\/directberth.com\\\/wp-content\\\/uploads\\\/2020\\\/12\\\/2893308377420177efcf4o-scaled.jpg\",\"datePublished\":\"2026-02-27T10:37:14+00:00\",\"description\":\"Wir haben eine Auswahl an erstklassigen Yachth\u00e4fen auf der ganzen Welt. Entscheiden Sie sich f\u00fcr Yas Marina in Abu Dhabi oder vielleicht f\u00fcr Marina Ibiza? Finden Sie mehr heraus!\",\"breadcrumb\":{\"@id\":\"https:\\\/\\\/directberth.com\\\/de\\\/ausgewaehlte-yachthaefen\\\/#breadcrumb\"},\"inLanguage\":\"de\",\"potentialAction\":[{\"@type\":\"ReadAction\",\"target\":[\"https:\\\/\\\/directberth.com\\\/de\\\/ausgewaehlte-yachthaefen\\\/\"]}]},{\"@type\":\"ImageObject\",\"inLanguage\":\"de\",\"@id\":\"https:\\\/\\\/directberth.com\\\/de\\\/ausgewaehlte-yachthaefen\\\/#primaryimage\",\"url\":\"https:\\\/\\\/directberth.com\\\/wp-content\\\/uploads\\\/2020\\\/12\\\/2893308377420177efcf4o-scaled.jpg\",\"contentUrl\":\"https:\\\/\\\/directberth.com\\\/wp-content\\\/uploads\\\/2020\\\/12\\\/2893308377420177efcf4o-scaled.jpg\",\"width\":2560,\"height\":1438,\"caption\":\"Luftaufnahme des Yachthafens von Porto Montenegro mit Luxusyachten und Geb\u00e4uden im mediterranen Stil am Wasser.\"},{\"@type\":\"BreadcrumbList\",\"@id\":\"https:\\\/\\\/directberth.com\\\/de\\\/ausgewaehlte-yachthaefen\\\/#breadcrumb\",\"itemListElement\":[{\"@type\":\"ListItem\",\"position\":1,\"name\":\"Home\",\"item\":\"https:\\\/\\\/directberth.com\\\/de\\\/startseite\\\/\"},{\"@type\":\"ListItem\",\"position\":2,\"name\":\"Ausgew\u00e4hlte Yachth\u00e4fen\"}]},{\"@type\":\"WebSite\",\"@id\":\"https:\\\/\\\/directberth.com\\\/de\\\/#website\",\"url\":\"https:\\\/\\\/directberth.com\\\/de\\\/\",\"name\":\"Direct Berth\",\"description\":\"Suchen Sie das Boot Ihrer Tr\u00e4ume? Lengers Yachts ist offizieller H\u00e4ndler der Marken Sanlorenzo, Bluegame, Prestige Yachts und SACS f\u00fcr Nordeuropa!\",\"publisher\":{\"@id\":\"https:\\\/\\\/directberth.com\\\/de\\\/#organization\"},\"alternateName\":\"Direct Berth: The Berth Concierge\",\"potentialAction\":[{\"@type\":\"SearchAction\",\"target\":{\"@type\":\"EntryPoint\",\"urlTemplate\":\"https:\\\/\\\/directberth.com\\\/de\\\/?s={search_term_string}\"},\"query-input\":{\"@type\":\"PropertyValueSpecification\",\"valueRequired\":true,\"valueName\":\"search_term_string\"}}],\"inLanguage\":\"de\"},{\"@type\":\"Organization\",\"@id\":\"https:\\\/\\\/directberth.com\\\/de\\\/#organization\",\"name\":\"Direct Berth\",\"alternateName\":\"Direct Berth: The Berth Concierge\",\"url\":\"https:\\\/\\\/directberth.com\\\/de\\\/\",\"logo\":{\"@type\":\"ImageObject\",\"inLanguage\":\"de\",\"@id\":\"https:\\\/\\\/directberth.com\\\/de\\\/#\\\/schema\\\/logo\\\/image\\\/\",\"url\":\"https:\\\/\\\/directberth.com\\\/wp-content\\\/uploads\\\/2020\\\/11\\\/directberth-logo1.svg\",\"contentUrl\":\"https:\\\/\\\/directberth.com\\\/wp-content\\\/uploads\\\/2020\\\/11\\\/directberth-logo1.svg\",\"width\":1,\"height\":1,\"caption\":\"Direct Berth\"},\"image\":{\"@id\":\"https:\\\/\\\/directberth.com\\\/de\\\/#\\\/schema\\\/logo\\\/image\\\/\"},\"sameAs\":[\"https:\\\/\\\/www.facebook.com\\\/Berthbrokerage\",\"https:\\\/\\\/www.instagram.com\\\/Directberth\",\"https:\\\/\\\/nl.linkedin.com\\\/in\\\/direct-berth-brokerage-1410aa136\"]}]}<\/script>\n<!-- \/ Yoast SEO plugin. -->","yoast_head_json":{"title":"Sehen Sie unsere Auswahl an Premium Marinas | Direct Berth","description":"Wir haben eine Auswahl an erstklassigen Yachth\u00e4fen auf der ganzen Welt. Entscheiden Sie sich f\u00fcr Yas Marina in Abu Dhabi oder vielleicht f\u00fcr Marina Ibiza? Finden Sie mehr heraus!","robots":{"index":"index","follow":"follow","max-snippet":"max-snippet:-1","max-image-preview":"max-image-preview:large","max-video-preview":"max-video-preview:-1"},"canonical":"https:\/\/directberth.com\/de\/ausgewaehlte-yachthaefen\/","og_locale":"de_DE","og_type":"article","og_title":"Sehen Sie unsere Auswahl an Premium Marinas | Direct Berth","og_description":"Wir haben eine Auswahl an erstklassigen Yachth\u00e4fen auf der ganzen Welt. Entscheiden Sie sich f\u00fcr Yas Marina in Abu Dhabi oder vielleicht f\u00fcr Marina Ibiza? Finden Sie mehr heraus!","og_url":"https:\/\/directberth.com\/de\/ausgewaehlte-yachthaefen\/","og_site_name":"Lengers Yachts: Luxury Yacht H\u00e4ndler Europa","article_publisher":"https:\/\/www.facebook.com\/Berthbrokerage","og_image":[{"width":2560,"height":1438,"url":"https:\/\/directberth.com\/wp-content\/uploads\/2020\/12\/2893308377420177efcf4o-scaled.jpg","type":"image\/jpeg"}],"twitter_card":"summary_large_image","schema":{"@context":"https:\/\/schema.org","@graph":[{"@type":"WebPage","@id":"https:\/\/directberth.com\/de\/ausgewaehlte-yachthaefen\/","url":"https:\/\/directberth.com\/de\/ausgewaehlte-yachthaefen\/","name":"Sehen Sie unsere Auswahl an Premium Marinas | Direct Berth","isPartOf":{"@id":"https:\/\/directberth.com\/de\/#website"},"primaryImageOfPage":{"@id":"https:\/\/directberth.com\/de\/ausgewaehlte-yachthaefen\/#primaryimage"},"image":{"@id":"https:\/\/directberth.com\/de\/ausgewaehlte-yachthaefen\/#primaryimage"},"thumbnailUrl":"https:\/\/directberth.com\/wp-content\/uploads\/2020\/12\/2893308377420177efcf4o-scaled.jpg","datePublished":"2026-02-27T10:37:14+00:00","description":"Wir haben eine Auswahl an erstklassigen Yachth\u00e4fen auf der ganzen Welt. Entscheiden Sie sich f\u00fcr Yas Marina in Abu Dhabi oder vielleicht f\u00fcr Marina Ibiza? Finden Sie mehr heraus!","breadcrumb":{"@id":"https:\/\/directberth.com\/de\/ausgewaehlte-yachthaefen\/#breadcrumb"},"inLanguage":"de","potentialAction":[{"@type":"ReadAction","target":["https:\/\/directberth.com\/de\/ausgewaehlte-yachthaefen\/"]}]},{"@type":"ImageObject","inLanguage":"de","@id":"https:\/\/directberth.com\/de\/ausgewaehlte-yachthaefen\/#primaryimage","url":"https:\/\/directberth.com\/wp-content\/uploads\/2020\/12\/2893308377420177efcf4o-scaled.jpg","contentUrl":"https:\/\/directberth.com\/wp-content\/uploads\/2020\/12\/2893308377420177efcf4o-scaled.jpg","width":2560,"height":1438,"caption":"Luftaufnahme des Yachthafens von Porto Montenegro mit Luxusyachten und Geb\u00e4uden im mediterranen Stil am Wasser."},{"@type":"BreadcrumbList","@id":"https:\/\/directberth.com\/de\/ausgewaehlte-yachthaefen\/#breadcrumb","itemListElement":[{"@type":"ListItem","position":1,"name":"Home","item":"https:\/\/directberth.com\/de\/startseite\/"},{"@type":"ListItem","position":2,"name":"Ausgew\u00e4hlte Yachth\u00e4fen"}]},{"@type":"WebSite","@id":"https:\/\/directberth.com\/de\/#website","url":"https:\/\/directberth.com\/de\/","name":"Direct Berth","description":"Suchen Sie das Boot Ihrer Tr\u00e4ume? Lengers Yachts ist offizieller H\u00e4ndler der Marken Sanlorenzo, Bluegame, Prestige Yachts und SACS f\u00fcr Nordeuropa!","publisher":{"@id":"https:\/\/directberth.com\/de\/#organization"},"alternateName":"Direct Berth: The Berth Concierge","potentialAction":[{"@type":"SearchAction","target":{"@type":"EntryPoint","urlTemplate":"https:\/\/directberth.com\/de\/?s={search_term_string}"},"query-input":{"@type":"PropertyValueSpecification","valueRequired":true,"valueName":"search_term_string"}}],"inLanguage":"de"},{"@type":"Organization","@id":"https:\/\/directberth.com\/de\/#organization","name":"Direct Berth","alternateName":"Direct Berth: The Berth Concierge","url":"https:\/\/directberth.com\/de\/","logo":{"@type":"ImageObject","inLanguage":"de","@id":"https:\/\/directberth.com\/de\/#\/schema\/logo\/image\/","url":"https:\/\/directberth.com\/wp-content\/uploads\/2020\/11\/directberth-logo1.svg","contentUrl":"https:\/\/directberth.com\/wp-content\/uploads\/2020\/11\/directberth-logo1.svg","width":1,"height":1,"caption":"Direct Berth"},"image":{"@id":"https:\/\/directberth.com\/de\/#\/schema\/logo\/image\/"},"sameAs":["https:\/\/www.facebook.com\/Berthbrokerage","https:\/\/www.instagram.com\/Directberth","https:\/\/nl.linkedin.com\/in\/direct-berth-brokerage-1410aa136"]}]}},"_links":{"self":[{"href":"https:\/\/directberth.com\/de\/wp-json\/wp\/v2\/pages\/42446","targetHints":{"allow":["GET"]}}],"collection":[{"href":"https:\/\/directberth.com\/de\/wp-json\/wp\/v2\/pages"}],"about":[{"href":"https:\/\/directberth.com\/de\/wp-json\/wp\/v2\/types\/page"}],"author":[{"embeddable":true,"href":"https:\/\/directberth.com\/de\/wp-json\/wp\/v2\/users\/1"}],"replies":[{"embeddable":true,"href":"https:\/\/directberth.com\/de\/wp-json\/wp\/v2\/comments?post=42446"}],"version-history":[{"count":0,"href":"https:\/\/directberth.com\/de\/wp-json\/wp\/v2\/pages\/42446\/revisions"}],"wp:featuredmedia":[{"embeddable":true,"href":"https:\/\/directberth.com\/de\/wp-json\/wp\/v2\/media\/42343"}],"wp:attachment":[{"href":"https:\/\/directberth.com\/de\/wp-json\/wp\/v2\/media?parent=42446"}],"curies":[{"name":"wp","href":"https:\/\/api.w.org\/{rel}","templated":true}]}}