{"id":42442,"date":"2026-02-27T11:37:13","date_gmt":"2026-02-27T10:37:13","guid":{"rendered":"https:\/\/directberth.com\/einen-liegeplatz-kaufen\/"},"modified":"2026-02-27T12:18:20","modified_gmt":"2026-02-27T11:18:20","slug":"einen-liegeplatz-kaufen","status":"publish","type":"page","link":"https:\/\/directberth.com\/de\/einen-liegeplatz-kaufen\/","title":{"rendered":"Einen Liegeplatz kaufen"},"content":{"rendered":"<div class=\"col-xl-12 col-lg-12 col-md-12 col-sm-12 col-12 about-cont\">\n<p>Der &#8222;Kauf eines Liegeplatzes&#8220; setzt voraus, dass Sie wissen, dass die Dauer der Nutzung des Rechts auf einen Liegeplatz nicht unbegrenzt ist, sowie die Bedingungen f\u00fcr die Nutzung des Liegeplatzes, die von einer Meereslandschaft zur anderen variieren k\u00f6nnen. Sobald Sie sich f\u00fcr einen Liegeplatz entschieden haben, m\u00fcssen Sie sich je nach Angebot zwischen dem Kauf eines Vorzugsnutzungsrechts oder einer Miete entscheiden. Das Mieten kann eine gute Entscheidung sein, da keine Anzahlung geleistet werden muss und man die Flexibilit\u00e4t hat, den Hafen zu wechseln, wenn man dies w\u00fcnscht.  <\/p>\n<p>In diesem Artikel werden wir einige der grundlegenden Aspekte er\u00f6rtern, die ein K\u00e4ufer kennen sollte und die bei der Entscheidung f\u00fcr den Kauf eines Liegeplatzes ber\u00fccksichtigt werden sollten.<\/p>\n<\/div>\n","protected":false},"excerpt":{"rendered":"<p>Der &#8222;Kauf eines Liegeplatzes&#8220; setzt voraus, dass Sie wissen, dass die Dauer der Nutzung des Rechts auf einen Liegeplatz nicht unbegrenzt ist, sowie die Bedingungen f\u00fcr die Nutzung des Liegeplatzes, die von einer Meereslandschaft zur anderen variieren k\u00f6nnen. Sobald Sie sich f\u00fcr einen Liegeplatz entschieden haben, m\u00fcssen Sie sich je nach Angebot zwischen dem Kauf [&hellip;]<\/p>\n","protected":false},"author":1,"featured_media":42444,"parent":0,"menu_order":0,"comment_status":"closed","ping_status":"closed","template":"templates\/purchasing-a-berth.php","meta":{"_acf_changed":false,"footnotes":""},"class_list":["post-42442","page","type-page","status-publish","has-post-thumbnail","hentry"],"acf":[],"yoast_head":"<!-- This site is optimized with the Yoast SEO plugin v27.3 - https:\/\/yoast.com\/product\/yoast-seo-wordpress\/ -->\n<title>So kaufen Sie einen Liegeplatz oder Liegeplatz | Direct Berth<\/title>\n<meta name=\"description\" content=\"Einen Liegeplatz kaufen? In diesem Artikel werden wir einige Aspekte er\u00f6rtern, die ein K\u00e4ufer wissen sollte, wenn er die Entscheidung trifft, einen Liegeplatz zu kaufen.\" \/>\n<meta name=\"robots\" content=\"index, follow, max-snippet:-1, max-image-preview:large, max-video-preview:-1\" \/>\n<link rel=\"canonical\" href=\"https:\/\/directberth.com\/de\/einen-liegeplatz-kaufen\/\" \/>\n<meta property=\"og:locale\" content=\"de_DE\" \/>\n<meta property=\"og:type\" content=\"article\" \/>\n<meta property=\"og:title\" content=\"So kaufen Sie einen Liegeplatz oder Liegeplatz | Direct Berth\" \/>\n<meta property=\"og:description\" content=\"Einen Liegeplatz kaufen? In diesem Artikel werden wir einige Aspekte er\u00f6rtern, die ein K\u00e4ufer wissen sollte, wenn er die Entscheidung trifft, einen Liegeplatz zu kaufen.\" \/>\n<meta property=\"og:url\" content=\"https:\/\/directberth.com\/de\/einen-liegeplatz-kaufen\/\" \/>\n<meta property=\"og:site_name\" content=\"Lengers Yachts: Luxury Yacht H\u00e4ndler Europa\" \/>\n<meta property=\"article:publisher\" content=\"https:\/\/www.facebook.com\/Berthbrokerage\" \/>\n<meta property=\"article:modified_time\" content=\"2026-02-27T11:18:20+00:00\" \/>\n<meta property=\"og:image\" content=\"https:\/\/directberth.com\/wp-content\/uploads\/2021\/02\/boten-rijtje-haven.jpg\" \/>\n\t<meta property=\"og:image:width\" content=\"1330\" \/>\n\t<meta property=\"og:image:height\" content=\"605\" \/>\n\t<meta property=\"og:image:type\" content=\"image\/jpeg\" \/>\n<meta name=\"twitter:card\" content=\"summary_large_image\" \/>\n<meta name=\"twitter:label1\" content=\"Gesch\u00e4tzte Lesezeit\" \/>\n\t<meta name=\"twitter:data1\" content=\"1\u00a0Minute\" \/>\n<script type=\"application\/ld+json\" class=\"yoast-schema-graph\">{\"@context\":\"https:\\\/\\\/schema.org\",\"@graph\":[{\"@type\":\"WebPage\",\"@id\":\"https:\\\/\\\/directberth.com\\\/de\\\/einen-liegeplatz-kaufen\\\/\",\"url\":\"https:\\\/\\\/directberth.com\\\/de\\\/einen-liegeplatz-kaufen\\\/\",\"name\":\"So kaufen Sie einen Liegeplatz oder Liegeplatz | Direct Berth\",\"isPartOf\":{\"@id\":\"https:\\\/\\\/directberth.com\\\/de\\\/#website\"},\"primaryImageOfPage\":{\"@id\":\"https:\\\/\\\/directberth.com\\\/de\\\/einen-liegeplatz-kaufen\\\/#primaryimage\"},\"image\":{\"@id\":\"https:\\\/\\\/directberth.com\\\/de\\\/einen-liegeplatz-kaufen\\\/#primaryimage\"},\"thumbnailUrl\":\"https:\\\/\\\/directberth.com\\\/wp-content\\\/uploads\\\/2021\\\/02\\\/boten-rijtje-haven.jpg\",\"datePublished\":\"2026-02-27T10:37:13+00:00\",\"dateModified\":\"2026-02-27T11:18:20+00:00\",\"description\":\"Einen Liegeplatz kaufen? In diesem Artikel werden wir einige Aspekte er\u00f6rtern, die ein K\u00e4ufer wissen sollte, wenn er die Entscheidung trifft, einen Liegeplatz zu kaufen.\",\"breadcrumb\":{\"@id\":\"https:\\\/\\\/directberth.com\\\/de\\\/einen-liegeplatz-kaufen\\\/#breadcrumb\"},\"inLanguage\":\"de\",\"potentialAction\":[{\"@type\":\"ReadAction\",\"target\":[\"https:\\\/\\\/directberth.com\\\/de\\\/einen-liegeplatz-kaufen\\\/\"]}]},{\"@type\":\"ImageObject\",\"inLanguage\":\"de\",\"@id\":\"https:\\\/\\\/directberth.com\\\/de\\\/einen-liegeplatz-kaufen\\\/#primaryimage\",\"url\":\"https:\\\/\\\/directberth.com\\\/wp-content\\\/uploads\\\/2021\\\/02\\\/boten-rijtje-haven.jpg\",\"contentUrl\":\"https:\\\/\\\/directberth.com\\\/wp-content\\\/uploads\\\/2021\\\/02\\\/boten-rijtje-haven.jpg\",\"width\":1330,\"height\":605,\"caption\":\"Eine Reihe von Luxusyachten in einem Jachthafen mit einem modernen Glasgeb\u00e4ude im Hintergrund.\"},{\"@type\":\"BreadcrumbList\",\"@id\":\"https:\\\/\\\/directberth.com\\\/de\\\/einen-liegeplatz-kaufen\\\/#breadcrumb\",\"itemListElement\":[{\"@type\":\"ListItem\",\"position\":1,\"name\":\"Home\",\"item\":\"https:\\\/\\\/directberth.com\\\/de\\\/startseite\\\/\"},{\"@type\":\"ListItem\",\"position\":2,\"name\":\"Einen Liegeplatz kaufen\"}]},{\"@type\":\"WebSite\",\"@id\":\"https:\\\/\\\/directberth.com\\\/de\\\/#website\",\"url\":\"https:\\\/\\\/directberth.com\\\/de\\\/\",\"name\":\"Direct Berth\",\"description\":\"Suchen Sie das Boot Ihrer Tr\u00e4ume? Lengers Yachts ist offizieller H\u00e4ndler der Marken Sanlorenzo, Bluegame, Prestige Yachts und SACS f\u00fcr Nordeuropa!\",\"publisher\":{\"@id\":\"https:\\\/\\\/directberth.com\\\/de\\\/#organization\"},\"alternateName\":\"Direct Berth: The Berth Concierge\",\"potentialAction\":[{\"@type\":\"SearchAction\",\"target\":{\"@type\":\"EntryPoint\",\"urlTemplate\":\"https:\\\/\\\/directberth.com\\\/de\\\/?s={search_term_string}\"},\"query-input\":{\"@type\":\"PropertyValueSpecification\",\"valueRequired\":true,\"valueName\":\"search_term_string\"}}],\"inLanguage\":\"de\"},{\"@type\":\"Organization\",\"@id\":\"https:\\\/\\\/directberth.com\\\/de\\\/#organization\",\"name\":\"Direct Berth\",\"alternateName\":\"Direct Berth: The Berth Concierge\",\"url\":\"https:\\\/\\\/directberth.com\\\/de\\\/\",\"logo\":{\"@type\":\"ImageObject\",\"inLanguage\":\"de\",\"@id\":\"https:\\\/\\\/directberth.com\\\/de\\\/#\\\/schema\\\/logo\\\/image\\\/\",\"url\":\"https:\\\/\\\/directberth.com\\\/wp-content\\\/uploads\\\/2020\\\/11\\\/directberth-logo1.svg\",\"contentUrl\":\"https:\\\/\\\/directberth.com\\\/wp-content\\\/uploads\\\/2020\\\/11\\\/directberth-logo1.svg\",\"width\":1,\"height\":1,\"caption\":\"Direct Berth\"},\"image\":{\"@id\":\"https:\\\/\\\/directberth.com\\\/de\\\/#\\\/schema\\\/logo\\\/image\\\/\"},\"sameAs\":[\"https:\\\/\\\/www.facebook.com\\\/Berthbrokerage\",\"https:\\\/\\\/www.instagram.com\\\/Directberth\",\"https:\\\/\\\/nl.linkedin.com\\\/in\\\/direct-berth-brokerage-1410aa136\"]}]}<\/script>\n<!-- \/ Yoast SEO plugin. -->","yoast_head_json":{"title":"So kaufen Sie einen Liegeplatz oder Liegeplatz | Direct Berth","description":"Einen Liegeplatz kaufen? In diesem Artikel werden wir einige Aspekte er\u00f6rtern, die ein K\u00e4ufer wissen sollte, wenn er die Entscheidung trifft, einen Liegeplatz zu kaufen.","robots":{"index":"index","follow":"follow","max-snippet":"max-snippet:-1","max-image-preview":"max-image-preview:large","max-video-preview":"max-video-preview:-1"},"canonical":"https:\/\/directberth.com\/de\/einen-liegeplatz-kaufen\/","og_locale":"de_DE","og_type":"article","og_title":"So kaufen Sie einen Liegeplatz oder Liegeplatz | Direct Berth","og_description":"Einen Liegeplatz kaufen? In diesem Artikel werden wir einige Aspekte er\u00f6rtern, die ein K\u00e4ufer wissen sollte, wenn er die Entscheidung trifft, einen Liegeplatz zu kaufen.","og_url":"https:\/\/directberth.com\/de\/einen-liegeplatz-kaufen\/","og_site_name":"Lengers Yachts: Luxury Yacht H\u00e4ndler Europa","article_publisher":"https:\/\/www.facebook.com\/Berthbrokerage","article_modified_time":"2026-02-27T11:18:20+00:00","og_image":[{"width":1330,"height":605,"url":"https:\/\/directberth.com\/wp-content\/uploads\/2021\/02\/boten-rijtje-haven.jpg","type":"image\/jpeg"}],"twitter_card":"summary_large_image","twitter_misc":{"Gesch\u00e4tzte Lesezeit":"1\u00a0Minute"},"schema":{"@context":"https:\/\/schema.org","@graph":[{"@type":"WebPage","@id":"https:\/\/directberth.com\/de\/einen-liegeplatz-kaufen\/","url":"https:\/\/directberth.com\/de\/einen-liegeplatz-kaufen\/","name":"So kaufen Sie einen Liegeplatz oder Liegeplatz | Direct Berth","isPartOf":{"@id":"https:\/\/directberth.com\/de\/#website"},"primaryImageOfPage":{"@id":"https:\/\/directberth.com\/de\/einen-liegeplatz-kaufen\/#primaryimage"},"image":{"@id":"https:\/\/directberth.com\/de\/einen-liegeplatz-kaufen\/#primaryimage"},"thumbnailUrl":"https:\/\/directberth.com\/wp-content\/uploads\/2021\/02\/boten-rijtje-haven.jpg","datePublished":"2026-02-27T10:37:13+00:00","dateModified":"2026-02-27T11:18:20+00:00","description":"Einen Liegeplatz kaufen? In diesem Artikel werden wir einige Aspekte er\u00f6rtern, die ein K\u00e4ufer wissen sollte, wenn er die Entscheidung trifft, einen Liegeplatz zu kaufen.","breadcrumb":{"@id":"https:\/\/directberth.com\/de\/einen-liegeplatz-kaufen\/#breadcrumb"},"inLanguage":"de","potentialAction":[{"@type":"ReadAction","target":["https:\/\/directberth.com\/de\/einen-liegeplatz-kaufen\/"]}]},{"@type":"ImageObject","inLanguage":"de","@id":"https:\/\/directberth.com\/de\/einen-liegeplatz-kaufen\/#primaryimage","url":"https:\/\/directberth.com\/wp-content\/uploads\/2021\/02\/boten-rijtje-haven.jpg","contentUrl":"https:\/\/directberth.com\/wp-content\/uploads\/2021\/02\/boten-rijtje-haven.jpg","width":1330,"height":605,"caption":"Eine Reihe von Luxusyachten in einem Jachthafen mit einem modernen Glasgeb\u00e4ude im Hintergrund."},{"@type":"BreadcrumbList","@id":"https:\/\/directberth.com\/de\/einen-liegeplatz-kaufen\/#breadcrumb","itemListElement":[{"@type":"ListItem","position":1,"name":"Home","item":"https:\/\/directberth.com\/de\/startseite\/"},{"@type":"ListItem","position":2,"name":"Einen Liegeplatz kaufen"}]},{"@type":"WebSite","@id":"https:\/\/directberth.com\/de\/#website","url":"https:\/\/directberth.com\/de\/","name":"Direct Berth","description":"Suchen Sie das Boot Ihrer Tr\u00e4ume? Lengers Yachts ist offizieller H\u00e4ndler der Marken Sanlorenzo, Bluegame, Prestige Yachts und SACS f\u00fcr Nordeuropa!","publisher":{"@id":"https:\/\/directberth.com\/de\/#organization"},"alternateName":"Direct Berth: The Berth Concierge","potentialAction":[{"@type":"SearchAction","target":{"@type":"EntryPoint","urlTemplate":"https:\/\/directberth.com\/de\/?s={search_term_string}"},"query-input":{"@type":"PropertyValueSpecification","valueRequired":true,"valueName":"search_term_string"}}],"inLanguage":"de"},{"@type":"Organization","@id":"https:\/\/directberth.com\/de\/#organization","name":"Direct Berth","alternateName":"Direct Berth: The Berth Concierge","url":"https:\/\/directberth.com\/de\/","logo":{"@type":"ImageObject","inLanguage":"de","@id":"https:\/\/directberth.com\/de\/#\/schema\/logo\/image\/","url":"https:\/\/directberth.com\/wp-content\/uploads\/2020\/11\/directberth-logo1.svg","contentUrl":"https:\/\/directberth.com\/wp-content\/uploads\/2020\/11\/directberth-logo1.svg","width":1,"height":1,"caption":"Direct Berth"},"image":{"@id":"https:\/\/directberth.com\/de\/#\/schema\/logo\/image\/"},"sameAs":["https:\/\/www.facebook.com\/Berthbrokerage","https:\/\/www.instagram.com\/Directberth","https:\/\/nl.linkedin.com\/in\/direct-berth-brokerage-1410aa136"]}]}},"_links":{"self":[{"href":"https:\/\/directberth.com\/de\/wp-json\/wp\/v2\/pages\/42442","targetHints":{"allow":["GET"]}}],"collection":[{"href":"https:\/\/directberth.com\/de\/wp-json\/wp\/v2\/pages"}],"about":[{"href":"https:\/\/directberth.com\/de\/wp-json\/wp\/v2\/types\/page"}],"author":[{"embeddable":true,"href":"https:\/\/directberth.com\/de\/wp-json\/wp\/v2\/users\/1"}],"replies":[{"embeddable":true,"href":"https:\/\/directberth.com\/de\/wp-json\/wp\/v2\/comments?post=42442"}],"version-history":[{"count":1,"href":"https:\/\/directberth.com\/de\/wp-json\/wp\/v2\/pages\/42442\/revisions"}],"predecessor-version":[{"id":42487,"href":"https:\/\/directberth.com\/de\/wp-json\/wp\/v2\/pages\/42442\/revisions\/42487"}],"wp:featuredmedia":[{"embeddable":true,"href":"https:\/\/directberth.com\/de\/wp-json\/wp\/v2\/media\/42444"}],"wp:attachment":[{"href":"https:\/\/directberth.com\/de\/wp-json\/wp\/v2\/media?parent=42442"}],"curies":[{"name":"wp","href":"https:\/\/api.w.org\/{rel}","templated":true}]}}