{"id":41692,"date":"2026-02-27T11:32:44","date_gmt":"2026-02-27T10:32:44","guid":{"rendered":"https:\/\/directberth.com\/reiseziele\/"},"modified":"2026-02-27T11:32:44","modified_gmt":"2026-02-27T10:32:44","slug":"reiseziele","status":"publish","type":"page","link":"https:\/\/directberth.com\/de\/reiseziele\/","title":{"rendered":"Reiseziele"},"content":{"rendered":"<p><span>Von den charmanten K\u00fcstend\u00f6rfern des italienischen Archipels bis hin zu den schicken kosmopolitischen Zentren der C\u00f4te d&#8217;Azur bietet das westliche Mittelmeer ein idyllisches Reiseziel.<\/span><\/p>\n","protected":false},"excerpt":{"rendered":"<p>Von den charmanten K\u00fcstend\u00f6rfern des italienischen Archipels bis hin zu den schicken kosmopolitischen Zentren der C\u00f4te d&#8217;Azur bietet das westliche Mittelmeer ein idyllisches Reiseziel.<\/p>\n","protected":false},"author":1,"featured_media":41695,"parent":0,"menu_order":0,"comment_status":"closed","ping_status":"closed","template":"templates\/destination.php","meta":{"_acf_changed":false,"footnotes":""},"class_list":["post-41692","page","type-page","status-publish","has-post-thumbnail","hentry"],"acf":[],"yoast_head":"<!-- This site is optimized with the Yoast SEO plugin v27.3 - https:\/\/yoast.com\/product\/yoast-seo-wordpress\/ -->\n<title>Liegepl\u00e4tze, Unsere Fachgebiete | Direct Berth<\/title>\n<meta name=\"description\" content=\"Egal, ob Sie einen Liegeplatz verkaufen, kaufen oder mieten m\u00f6chten, wir haben Ziele auf der ganzen Welt. Erfahren Sie mehr!\" \/>\n<meta name=\"robots\" content=\"index, follow, max-snippet:-1, max-image-preview:large, max-video-preview:-1\" \/>\n<link rel=\"canonical\" href=\"https:\/\/directberth.com\/de\/reiseziele\/\" \/>\n<meta property=\"og:locale\" content=\"de_DE\" \/>\n<meta property=\"og:type\" content=\"article\" \/>\n<meta property=\"og:title\" content=\"Liegepl\u00e4tze, Unsere Fachgebiete | Direct Berth\" \/>\n<meta property=\"og:description\" content=\"Egal, ob Sie einen Liegeplatz verkaufen, kaufen oder mieten m\u00f6chten, wir haben Ziele auf der ganzen Welt. Erfahren Sie mehr!\" \/>\n<meta property=\"og:url\" content=\"https:\/\/directberth.com\/de\/reiseziele\/\" \/>\n<meta property=\"og:site_name\" content=\"Lengers Yachts: Luxury Yacht H\u00e4ndler Europa\" \/>\n<meta property=\"article:publisher\" content=\"https:\/\/www.facebook.com\/Berthbrokerage\" \/>\n<meta property=\"og:image\" content=\"https:\/\/directberth.com\/wp-content\/uploads\/2021\/02\/kade-stoeltjes-zee.jpg\" \/>\n\t<meta property=\"og:image:width\" content=\"2149\" \/>\n\t<meta property=\"og:image:height\" content=\"1433\" \/>\n\t<meta property=\"og:image:type\" content=\"image\/jpeg\" \/>\n<meta name=\"twitter:card\" content=\"summary_large_image\" \/>\n<script type=\"application\/ld+json\" class=\"yoast-schema-graph\">{\"@context\":\"https:\\\/\\\/schema.org\",\"@graph\":[{\"@type\":\"WebPage\",\"@id\":\"https:\\\/\\\/directberth.com\\\/de\\\/reiseziele\\\/\",\"url\":\"https:\\\/\\\/directberth.com\\\/de\\\/reiseziele\\\/\",\"name\":\"Liegepl\u00e4tze, Unsere Fachgebiete | Direct Berth\",\"isPartOf\":{\"@id\":\"https:\\\/\\\/directberth.com\\\/de\\\/#website\"},\"primaryImageOfPage\":{\"@id\":\"https:\\\/\\\/directberth.com\\\/de\\\/reiseziele\\\/#primaryimage\"},\"image\":{\"@id\":\"https:\\\/\\\/directberth.com\\\/de\\\/reiseziele\\\/#primaryimage\"},\"thumbnailUrl\":\"https:\\\/\\\/directberth.com\\\/wp-content\\\/uploads\\\/2021\\\/02\\\/kade-stoeltjes-zee.jpg\",\"datePublished\":\"2026-02-27T10:32:44+00:00\",\"description\":\"Egal, ob Sie einen Liegeplatz verkaufen, kaufen oder mieten m\u00f6chten, wir haben Ziele auf der ganzen Welt. Erfahren Sie mehr!\",\"breadcrumb\":{\"@id\":\"https:\\\/\\\/directberth.com\\\/de\\\/reiseziele\\\/#breadcrumb\"},\"inLanguage\":\"de\",\"potentialAction\":[{\"@type\":\"ReadAction\",\"target\":[\"https:\\\/\\\/directberth.com\\\/de\\\/reiseziele\\\/\"]}]},{\"@type\":\"ImageObject\",\"inLanguage\":\"de\",\"@id\":\"https:\\\/\\\/directberth.com\\\/de\\\/reiseziele\\\/#primaryimage\",\"url\":\"https:\\\/\\\/directberth.com\\\/wp-content\\\/uploads\\\/2021\\\/02\\\/kade-stoeltjes-zee.jpg\",\"contentUrl\":\"https:\\\/\\\/directberth.com\\\/wp-content\\\/uploads\\\/2021\\\/02\\\/kade-stoeltjes-zee.jpg\",\"width\":2149,\"height\":1433,\"caption\":\"Zwei gestreifte Liegest\u00fchle stehen unter einem gro\u00dfen Sonnenschirm an einem Liegeplatz am Wasser mit Blick auf das ruhige blaue Wasser.\"},{\"@type\":\"BreadcrumbList\",\"@id\":\"https:\\\/\\\/directberth.com\\\/de\\\/reiseziele\\\/#breadcrumb\",\"itemListElement\":[{\"@type\":\"ListItem\",\"position\":1,\"name\":\"Home\",\"item\":\"https:\\\/\\\/directberth.com\\\/de\\\/startseite\\\/\"},{\"@type\":\"ListItem\",\"position\":2,\"name\":\"Reiseziele\"}]},{\"@type\":\"WebSite\",\"@id\":\"https:\\\/\\\/directberth.com\\\/de\\\/#website\",\"url\":\"https:\\\/\\\/directberth.com\\\/de\\\/\",\"name\":\"Direct Berth\",\"description\":\"Suchen Sie das Boot Ihrer Tr\u00e4ume? Lengers Yachts ist offizieller H\u00e4ndler der Marken Sanlorenzo, Bluegame, Prestige Yachts und SACS f\u00fcr Nordeuropa!\",\"publisher\":{\"@id\":\"https:\\\/\\\/directberth.com\\\/de\\\/#organization\"},\"alternateName\":\"Direct Berth: The Berth Concierge\",\"potentialAction\":[{\"@type\":\"SearchAction\",\"target\":{\"@type\":\"EntryPoint\",\"urlTemplate\":\"https:\\\/\\\/directberth.com\\\/de\\\/?s={search_term_string}\"},\"query-input\":{\"@type\":\"PropertyValueSpecification\",\"valueRequired\":true,\"valueName\":\"search_term_string\"}}],\"inLanguage\":\"de\"},{\"@type\":\"Organization\",\"@id\":\"https:\\\/\\\/directberth.com\\\/de\\\/#organization\",\"name\":\"Direct Berth\",\"alternateName\":\"Direct Berth: The Berth Concierge\",\"url\":\"https:\\\/\\\/directberth.com\\\/de\\\/\",\"logo\":{\"@type\":\"ImageObject\",\"inLanguage\":\"de\",\"@id\":\"https:\\\/\\\/directberth.com\\\/de\\\/#\\\/schema\\\/logo\\\/image\\\/\",\"url\":\"https:\\\/\\\/directberth.com\\\/wp-content\\\/uploads\\\/2020\\\/11\\\/directberth-logo1.svg\",\"contentUrl\":\"https:\\\/\\\/directberth.com\\\/wp-content\\\/uploads\\\/2020\\\/11\\\/directberth-logo1.svg\",\"width\":1,\"height\":1,\"caption\":\"Direct Berth\"},\"image\":{\"@id\":\"https:\\\/\\\/directberth.com\\\/de\\\/#\\\/schema\\\/logo\\\/image\\\/\"},\"sameAs\":[\"https:\\\/\\\/www.facebook.com\\\/Berthbrokerage\",\"https:\\\/\\\/www.instagram.com\\\/Directberth\",\"https:\\\/\\\/nl.linkedin.com\\\/in\\\/direct-berth-brokerage-1410aa136\"]}]}<\/script>\n<!-- \/ Yoast SEO plugin. -->","yoast_head_json":{"title":"Liegepl\u00e4tze, Unsere Fachgebiete | Direct Berth","description":"Egal, ob Sie einen Liegeplatz verkaufen, kaufen oder mieten m\u00f6chten, wir haben Ziele auf der ganzen Welt. Erfahren Sie mehr!","robots":{"index":"index","follow":"follow","max-snippet":"max-snippet:-1","max-image-preview":"max-image-preview:large","max-video-preview":"max-video-preview:-1"},"canonical":"https:\/\/directberth.com\/de\/reiseziele\/","og_locale":"de_DE","og_type":"article","og_title":"Liegepl\u00e4tze, Unsere Fachgebiete | Direct Berth","og_description":"Egal, ob Sie einen Liegeplatz verkaufen, kaufen oder mieten m\u00f6chten, wir haben Ziele auf der ganzen Welt. Erfahren Sie mehr!","og_url":"https:\/\/directberth.com\/de\/reiseziele\/","og_site_name":"Lengers Yachts: Luxury Yacht H\u00e4ndler Europa","article_publisher":"https:\/\/www.facebook.com\/Berthbrokerage","og_image":[{"width":2149,"height":1433,"url":"https:\/\/directberth.com\/wp-content\/uploads\/2021\/02\/kade-stoeltjes-zee.jpg","type":"image\/jpeg"}],"twitter_card":"summary_large_image","schema":{"@context":"https:\/\/schema.org","@graph":[{"@type":"WebPage","@id":"https:\/\/directberth.com\/de\/reiseziele\/","url":"https:\/\/directberth.com\/de\/reiseziele\/","name":"Liegepl\u00e4tze, Unsere Fachgebiete | Direct Berth","isPartOf":{"@id":"https:\/\/directberth.com\/de\/#website"},"primaryImageOfPage":{"@id":"https:\/\/directberth.com\/de\/reiseziele\/#primaryimage"},"image":{"@id":"https:\/\/directberth.com\/de\/reiseziele\/#primaryimage"},"thumbnailUrl":"https:\/\/directberth.com\/wp-content\/uploads\/2021\/02\/kade-stoeltjes-zee.jpg","datePublished":"2026-02-27T10:32:44+00:00","description":"Egal, ob Sie einen Liegeplatz verkaufen, kaufen oder mieten m\u00f6chten, wir haben Ziele auf der ganzen Welt. Erfahren Sie mehr!","breadcrumb":{"@id":"https:\/\/directberth.com\/de\/reiseziele\/#breadcrumb"},"inLanguage":"de","potentialAction":[{"@type":"ReadAction","target":["https:\/\/directberth.com\/de\/reiseziele\/"]}]},{"@type":"ImageObject","inLanguage":"de","@id":"https:\/\/directberth.com\/de\/reiseziele\/#primaryimage","url":"https:\/\/directberth.com\/wp-content\/uploads\/2021\/02\/kade-stoeltjes-zee.jpg","contentUrl":"https:\/\/directberth.com\/wp-content\/uploads\/2021\/02\/kade-stoeltjes-zee.jpg","width":2149,"height":1433,"caption":"Zwei gestreifte Liegest\u00fchle stehen unter einem gro\u00dfen Sonnenschirm an einem Liegeplatz am Wasser mit Blick auf das ruhige blaue Wasser."},{"@type":"BreadcrumbList","@id":"https:\/\/directberth.com\/de\/reiseziele\/#breadcrumb","itemListElement":[{"@type":"ListItem","position":1,"name":"Home","item":"https:\/\/directberth.com\/de\/startseite\/"},{"@type":"ListItem","position":2,"name":"Reiseziele"}]},{"@type":"WebSite","@id":"https:\/\/directberth.com\/de\/#website","url":"https:\/\/directberth.com\/de\/","name":"Direct Berth","description":"Suchen Sie das Boot Ihrer Tr\u00e4ume? Lengers Yachts ist offizieller H\u00e4ndler der Marken Sanlorenzo, Bluegame, Prestige Yachts und SACS f\u00fcr Nordeuropa!","publisher":{"@id":"https:\/\/directberth.com\/de\/#organization"},"alternateName":"Direct Berth: The Berth Concierge","potentialAction":[{"@type":"SearchAction","target":{"@type":"EntryPoint","urlTemplate":"https:\/\/directberth.com\/de\/?s={search_term_string}"},"query-input":{"@type":"PropertyValueSpecification","valueRequired":true,"valueName":"search_term_string"}}],"inLanguage":"de"},{"@type":"Organization","@id":"https:\/\/directberth.com\/de\/#organization","name":"Direct Berth","alternateName":"Direct Berth: The Berth Concierge","url":"https:\/\/directberth.com\/de\/","logo":{"@type":"ImageObject","inLanguage":"de","@id":"https:\/\/directberth.com\/de\/#\/schema\/logo\/image\/","url":"https:\/\/directberth.com\/wp-content\/uploads\/2020\/11\/directberth-logo1.svg","contentUrl":"https:\/\/directberth.com\/wp-content\/uploads\/2020\/11\/directberth-logo1.svg","width":1,"height":1,"caption":"Direct Berth"},"image":{"@id":"https:\/\/directberth.com\/de\/#\/schema\/logo\/image\/"},"sameAs":["https:\/\/www.facebook.com\/Berthbrokerage","https:\/\/www.instagram.com\/Directberth","https:\/\/nl.linkedin.com\/in\/direct-berth-brokerage-1410aa136"]}]}},"_links":{"self":[{"href":"https:\/\/directberth.com\/de\/wp-json\/wp\/v2\/pages\/41692","targetHints":{"allow":["GET"]}}],"collection":[{"href":"https:\/\/directberth.com\/de\/wp-json\/wp\/v2\/pages"}],"about":[{"href":"https:\/\/directberth.com\/de\/wp-json\/wp\/v2\/types\/page"}],"author":[{"embeddable":true,"href":"https:\/\/directberth.com\/de\/wp-json\/wp\/v2\/users\/1"}],"replies":[{"embeddable":true,"href":"https:\/\/directberth.com\/de\/wp-json\/wp\/v2\/comments?post=41692"}],"version-history":[{"count":0,"href":"https:\/\/directberth.com\/de\/wp-json\/wp\/v2\/pages\/41692\/revisions"}],"wp:featuredmedia":[{"embeddable":true,"href":"https:\/\/directberth.com\/de\/wp-json\/wp\/v2\/media\/41695"}],"wp:attachment":[{"href":"https:\/\/directberth.com\/de\/wp-json\/wp\/v2\/media?parent=41692"}],"curies":[{"name":"wp","href":"https:\/\/api.w.org\/{rel}","templated":true}]}}